{"id":13017,"date":"2024-06-11T09:11:04","date_gmt":"2024-06-11T07:11:04","guid":{"rendered":"https:\/\/v3.lhk.ee\/en\/?page_id=13017"},"modified":"2024-08-13T12:31:33","modified_gmt":"2024-08-13T10:31:33","slug":"liisi","status":"publish","type":"page","link":"https:\/\/lhk.ee\/en\/liisi\/","title":{"rendered":"Liisi"},"content":{"rendered":"\t\t<div data-elementor-type=\"wp-page\" data-elementor-id=\"13017\" class=\"elementor elementor-13017\" data-elementor-post-type=\"page\">\n\t\t\t\t<div class=\"elementor-element elementor-element-e4fce3e e-flex e-con-boxed e-con e-parent\" data-id=\"e4fce3e\" data-element_type=\"container\" data-e-type=\"container\">\n\t\t\t\t\t<div class=\"e-con-inner\">\n\t\t<div class=\"elementor-element elementor-element-c6d5b1b e-con-full e-flex e-con e-child\" data-id=\"c6d5b1b\" data-element_type=\"container\" data-e-type=\"container\">\n\t\t\t\t<div class=\"elementor-element elementor-element-edc1f04 elementor-widget__width-initial elementor-widget elementor-widget-image\" data-id=\"edc1f04\" data-element_type=\"widget\" data-e-type=\"widget\" data-widget_type=\"image.default\">\n\t\t\t\t<div class=\"elementor-widget-container\">\n\t\t\t\t\t\t\t\t\t\t\t\t\t\t\t<img fetchpriority=\"high\" decoding=\"async\" width=\"1024\" height=\"726\" src=\"https:\/\/lhk.ee\/en\/wp-content\/uploads\/sites\/43\/2024\/08\/Liisi-2-1024x726.png\" class=\"attachment-large size-large wp-image-16407\" alt=\"\" srcset=\"https:\/\/lhk.ee\/en\/wp-content\/uploads\/sites\/43\/2024\/08\/Liisi-2-1024x726.png 1024w, https:\/\/lhk.ee\/en\/wp-content\/uploads\/sites\/43\/2024\/08\/Liisi-2-300x213.png 300w, https:\/\/lhk.ee\/en\/wp-content\/uploads\/sites\/43\/2024\/08\/Liisi-2-768x545.png 768w, https:\/\/lhk.ee\/en\/wp-content\/uploads\/sites\/43\/2024\/08\/Liisi-2-24x17.png 24w, https:\/\/lhk.ee\/en\/wp-content\/uploads\/sites\/43\/2024\/08\/Liisi-2-36x26.png 36w, https:\/\/lhk.ee\/en\/wp-content\/uploads\/sites\/43\/2024\/08\/Liisi-2-48x34.png 48w, https:\/\/lhk.ee\/en\/wp-content\/uploads\/sites\/43\/2024\/08\/Liisi-2.png 1311w\" sizes=\"(max-width: 1024px) 100vw, 1024px\" \/>\t\t\t\t\t\t\t\t\t\t\t\t\t\t\t<\/div>\n\t\t\t\t<\/div>\n\t\t\t\t<div class=\"elementor-element elementor-element-2545f61 elementor-widget elementor-widget-heading\" data-id=\"2545f61\" data-element_type=\"widget\" data-e-type=\"widget\" data-widget_type=\"heading.default\">\n\t\t\t\t<div class=\"elementor-widget-container\">\n\t\t\t\t\t<h1 class=\"elementor-heading-title elementor-size-default\">Liisi j\u00e4relmaks<\/h1>\t\t\t\t<\/div>\n\t\t\t\t<\/div>\n\t\t\t\t<\/div>\n\t\t<div class=\"elementor-element elementor-element-bbf881c e-con-full e-flex e-con e-child\" data-id=\"bbf881c\" data-element_type=\"container\" data-e-type=\"container\">\n\t\t\t\t<div class=\"elementor-element elementor-element-6c68b26 elementor-widget__width-auto elementor-widget elementor-widget-image\" data-id=\"6c68b26\" data-element_type=\"widget\" data-e-type=\"widget\" data-widget_type=\"image.default\">\n\t\t\t\t<div class=\"elementor-widget-container\">\n\t\t\t\t\t\t\t\t\t\t\t\t\t\t\t<img decoding=\"async\" width=\"1024\" height=\"536\" src=\"https:\/\/lhk.ee\/en\/wp-content\/uploads\/sites\/43\/2024\/06\/LiisiHambaravi-1200x628-1-1024x536.jpg\" class=\"attachment-large size-large wp-image-13023\" alt=\"\" srcset=\"https:\/\/lhk.ee\/en\/wp-content\/uploads\/sites\/43\/2024\/06\/LiisiHambaravi-1200x628-1-1024x536.jpg 1024w, https:\/\/lhk.ee\/en\/wp-content\/uploads\/sites\/43\/2024\/06\/LiisiHambaravi-1200x628-1-300x157.jpg 300w, https:\/\/lhk.ee\/en\/wp-content\/uploads\/sites\/43\/2024\/06\/LiisiHambaravi-1200x628-1-768x402.jpg 768w, https:\/\/lhk.ee\/en\/wp-content\/uploads\/sites\/43\/2024\/06\/LiisiHambaravi-1200x628-1-24x13.jpg 24w, https:\/\/lhk.ee\/en\/wp-content\/uploads\/sites\/43\/2024\/06\/LiisiHambaravi-1200x628-1-36x19.jpg 36w, https:\/\/lhk.ee\/en\/wp-content\/uploads\/sites\/43\/2024\/06\/LiisiHambaravi-1200x628-1-48x25.jpg 48w, https:\/\/lhk.ee\/en\/wp-content\/uploads\/sites\/43\/2024\/06\/LiisiHambaravi-1200x628-1.jpg 1200w\" sizes=\"(max-width: 1024px) 100vw, 1024px\" \/>\t\t\t\t\t\t\t\t\t\t\t\t\t\t\t<\/div>\n\t\t\t\t<\/div>\n\t\t\t\t<\/div>\n\t\t<div class=\"elementor-element elementor-element-3821be2 e-con-full e-flex e-con e-child\" data-id=\"3821be2\" data-element_type=\"container\" data-e-type=\"container\">\n\t\t\t\t<div class=\"elementor-element elementor-element-09f3b86 elementor-widget__width-initial elementor-widget-mobile_extra__width-auto elementor-widget-mobile__width-inherit elementor-widget elementor-widget-html\" data-id=\"09f3b86\" data-element_type=\"widget\" data-e-type=\"widget\" data-widget_type=\"html.default\">\n\t\t\t\t<div class=\"elementor-widget-container\">\n\t\t\t\t\t<iframe src=\"https:\/\/www.holmbank.ee\/iframed\/arvuta-valja-igakuine-tagasimakse-lohistatav-kalkulaator\/\" width=\"100%\"\r\nheight=\"580px\" scrolling=\"no\" frameborder=\"no\" align=\"center\"><\/iframe>\r\n\t\t\t\t<\/div>\n\t\t\t\t<\/div>\n\t\t\t\t<div class=\"elementor-element elementor-element-a60f331 elementor-widget__width-initial elementor-widget-mobile_extra__width-auto elementor-widget-mobile__width-inherit e-transform elementor-widget elementor-widget-html\" data-id=\"a60f331\" data-element_type=\"widget\" data-e-type=\"widget\" data-settings=\"{&quot;_transform_translateX_effect_mobile&quot;:{&quot;unit&quot;:&quot;px&quot;,&quot;size&quot;:0,&quot;sizes&quot;:[]},&quot;_transform_translateY_effect_mobile&quot;:{&quot;unit&quot;:&quot;px&quot;,&quot;size&quot;:-54,&quot;sizes&quot;:[]},&quot;_transform_translateX_effect&quot;:{&quot;unit&quot;:&quot;px&quot;,&quot;size&quot;:&quot;&quot;,&quot;sizes&quot;:[]},&quot;_transform_translateX_effect_laptop&quot;:{&quot;unit&quot;:&quot;px&quot;,&quot;size&quot;:&quot;&quot;,&quot;sizes&quot;:[]},&quot;_transform_translateX_effect_tablet&quot;:{&quot;unit&quot;:&quot;px&quot;,&quot;size&quot;:&quot;&quot;,&quot;sizes&quot;:[]},&quot;_transform_translateX_effect_mobile_extra&quot;:{&quot;unit&quot;:&quot;px&quot;,&quot;size&quot;:&quot;&quot;,&quot;sizes&quot;:[]},&quot;_transform_translateY_effect&quot;:{&quot;unit&quot;:&quot;px&quot;,&quot;size&quot;:&quot;&quot;,&quot;sizes&quot;:[]},&quot;_transform_translateY_effect_laptop&quot;:{&quot;unit&quot;:&quot;px&quot;,&quot;size&quot;:&quot;&quot;,&quot;sizes&quot;:[]},&quot;_transform_translateY_effect_tablet&quot;:{&quot;unit&quot;:&quot;px&quot;,&quot;size&quot;:&quot;&quot;,&quot;sizes&quot;:[]},&quot;_transform_translateY_effect_mobile_extra&quot;:{&quot;unit&quot;:&quot;px&quot;,&quot;size&quot;:&quot;&quot;,&quot;sizes&quot;:[]}}\" data-widget_type=\"html.default\">\n\t\t\t\t<div class=\"elementor-widget-container\">\n\t\t\t\t\t<iframe src=\"https:\/\/www.holmbank.ee\/iframed\/liisi-loob-paindlikud-makselahendused\/\" width=\"100%\" height=\"480px\" scrolling=\"no\" frameborder=\"no\" align=\"center\"><\/iframe>\t\t\t\t<\/div>\n\t\t\t\t<\/div>\n\t\t\t\t<div class=\"elementor-element elementor-element-b78516c elementor-widget__width-initial elementor-widget-mobile__width-inherit elementor-widget elementor-widget-html\" data-id=\"b78516c\" data-element_type=\"widget\" data-e-type=\"widget\" data-widget_type=\"html.default\">\n\t\t\t\t<div class=\"elementor-widget-container\">\n\t\t\t\t\t<iframe src=\"https:\/\/www.holmbank.ee\/iframed\/krediidi-kulukuse-maar-ja-lepingueelne-teave\/\" width=\"auto\"\r\nheight=\"200px\" scrolling=\"no\" frameborder=\"no\" align=\"center\"><\/iframe>\t\t\t\t<\/div>\n\t\t\t\t<\/div>\n\t\t\t\t<\/div>\n\t\t\t\t\t<\/div>\n\t\t\t\t<\/div>\n\t\t\t\t<\/div>\n\t\t","protected":false},"excerpt":{"rendered":"<p>Liisi j\u00e4relmaks<\/p>\n","protected":false},"author":3,"featured_media":0,"parent":0,"menu_order":0,"comment_status":"closed","ping_status":"closed","template":"template-page-builder.php","meta":{"footnotes":""},"class_list":["post-13017","page","type-page","status-publish","hentry","entry"],"yoast_head":"<!-- This site is optimized with the Yoast SEO plugin v27.5 - https:\/\/yoast.com\/product\/yoast-seo-wordpress\/ -->\n<title>Liisi - L\u00e4\u00e4nemere Hambakliinik<\/title>\n<meta name=\"robots\" content=\"index, follow, max-snippet:-1, max-image-preview:large, max-video-preview:-1\" \/>\n<link rel=\"canonical\" href=\"https:\/\/lhk.ee\/en\/liisi\/\" \/>\n<meta property=\"og:locale\" content=\"en_GB\" \/>\n<meta property=\"og:type\" content=\"article\" \/>\n<meta property=\"og:title\" content=\"Liisi - L\u00e4\u00e4nemere Hambakliinik\" \/>\n<meta property=\"og:description\" content=\"Liisi j\u00e4relmaks\" \/>\n<meta property=\"og:url\" content=\"https:\/\/lhk.ee\/en\/liisi\/\" \/>\n<meta property=\"og:site_name\" content=\"L\u00e4\u00e4nemere Hambakliinik\" \/>\n<meta property=\"article:modified_time\" content=\"2024-08-13T10:31:33+00:00\" \/>\n<meta property=\"og:image\" content=\"https:\/\/v3.lhk.ee\/en\/wp-content\/uploads\/sites\/43\/2024\/08\/Liisi-2-1024x726.png\" \/>\n<meta name=\"twitter:card\" content=\"summary_large_image\" \/>\n<meta name=\"twitter:label1\" content=\"Estimated reading time\" \/>\n\t<meta name=\"twitter:data1\" content=\"1 minute\" \/>\n<script type=\"application\/ld+json\" class=\"yoast-schema-graph\">{\"@context\":\"https:\\\/\\\/schema.org\",\"@graph\":[{\"@type\":\"WebPage\",\"@id\":\"https:\\\/\\\/lhk.ee\\\/en\\\/liisi\\\/\",\"url\":\"https:\\\/\\\/lhk.ee\\\/en\\\/liisi\\\/\",\"name\":\"Liisi - L\u00e4\u00e4nemere Hambakliinik\",\"isPartOf\":{\"@id\":\"https:\\\/\\\/lhk.ee\\\/en\\\/#website\"},\"primaryImageOfPage\":{\"@id\":\"https:\\\/\\\/lhk.ee\\\/en\\\/liisi\\\/#primaryimage\"},\"image\":{\"@id\":\"https:\\\/\\\/lhk.ee\\\/en\\\/liisi\\\/#primaryimage\"},\"thumbnailUrl\":\"https:\\\/\\\/v3.lhk.ee\\\/en\\\/wp-content\\\/uploads\\\/sites\\\/43\\\/2024\\\/08\\\/Liisi-2-1024x726.png\",\"datePublished\":\"2024-06-11T07:11:04+00:00\",\"dateModified\":\"2024-08-13T10:31:33+00:00\",\"breadcrumb\":{\"@id\":\"https:\\\/\\\/lhk.ee\\\/en\\\/liisi\\\/#breadcrumb\"},\"inLanguage\":\"en-GB\",\"potentialAction\":[{\"@type\":\"ReadAction\",\"target\":[\"https:\\\/\\\/lhk.ee\\\/en\\\/liisi\\\/\"]}]},{\"@type\":\"ImageObject\",\"inLanguage\":\"en-GB\",\"@id\":\"https:\\\/\\\/lhk.ee\\\/en\\\/liisi\\\/#primaryimage\",\"url\":\"https:\\\/\\\/v3.lhk.ee\\\/en\\\/wp-content\\\/uploads\\\/sites\\\/43\\\/2024\\\/08\\\/Liisi-2-1024x726.png\",\"contentUrl\":\"https:\\\/\\\/v3.lhk.ee\\\/en\\\/wp-content\\\/uploads\\\/sites\\\/43\\\/2024\\\/08\\\/Liisi-2-1024x726.png\"},{\"@type\":\"BreadcrumbList\",\"@id\":\"https:\\\/\\\/lhk.ee\\\/en\\\/liisi\\\/#breadcrumb\",\"itemListElement\":[{\"@type\":\"ListItem\",\"position\":1,\"name\":\"Home\",\"item\":\"https:\\\/\\\/lhk.ee\\\/en\\\/\"},{\"@type\":\"ListItem\",\"position\":2,\"name\":\"Liisi\"}]},{\"@type\":\"WebSite\",\"@id\":\"https:\\\/\\\/lhk.ee\\\/en\\\/#website\",\"url\":\"https:\\\/\\\/lhk.ee\\\/en\\\/\",\"name\":\"L\u00e4\u00e4nemere Hambakliinik\",\"description\":\"\",\"publisher\":{\"@id\":\"https:\\\/\\\/lhk.ee\\\/en\\\/#organization\"},\"potentialAction\":[{\"@type\":\"SearchAction\",\"target\":{\"@type\":\"EntryPoint\",\"urlTemplate\":\"https:\\\/\\\/lhk.ee\\\/en\\\/?s={search_term_string}\"},\"query-input\":{\"@type\":\"PropertyValueSpecification\",\"valueRequired\":true,\"valueName\":\"search_term_string\"}}],\"inLanguage\":\"en-GB\"},{\"@type\":\"Organization\",\"@id\":\"https:\\\/\\\/lhk.ee\\\/en\\\/#organization\",\"name\":\"L\u00e4\u00e4nemere Hambakliinik\",\"url\":\"https:\\\/\\\/lhk.ee\\\/en\\\/\",\"logo\":{\"@type\":\"ImageObject\",\"inLanguage\":\"en-GB\",\"@id\":\"https:\\\/\\\/lhk.ee\\\/en\\\/#\\\/schema\\\/logo\\\/image\\\/\",\"url\":\"https:\\\/\\\/lhk.ee\\\/en\\\/wp-content\\\/uploads\\\/sites\\\/43\\\/2024\\\/03\\\/Screenshot-2024-03-07-151436-1.png\",\"contentUrl\":\"https:\\\/\\\/lhk.ee\\\/en\\\/wp-content\\\/uploads\\\/sites\\\/43\\\/2024\\\/03\\\/Screenshot-2024-03-07-151436-1.png\",\"width\":2964,\"height\":850,\"caption\":\"L\u00e4\u00e4nemere Hambakliinik\"},\"image\":{\"@id\":\"https:\\\/\\\/lhk.ee\\\/en\\\/#\\\/schema\\\/logo\\\/image\\\/\"}}]}<\/script>\n<!-- \/ Yoast SEO plugin. -->","yoast_head_json":{"title":"Liisi - L\u00e4\u00e4nemere Hambakliinik","robots":{"index":"index","follow":"follow","max-snippet":"max-snippet:-1","max-image-preview":"max-image-preview:large","max-video-preview":"max-video-preview:-1"},"canonical":"https:\/\/lhk.ee\/en\/liisi\/","og_locale":"en_GB","og_type":"article","og_title":"Liisi - L\u00e4\u00e4nemere Hambakliinik","og_description":"Liisi j\u00e4relmaks","og_url":"https:\/\/lhk.ee\/en\/liisi\/","og_site_name":"L\u00e4\u00e4nemere Hambakliinik","article_modified_time":"2024-08-13T10:31:33+00:00","og_image":[{"url":"https:\/\/v3.lhk.ee\/en\/wp-content\/uploads\/sites\/43\/2024\/08\/Liisi-2-1024x726.png","type":"","width":"","height":""}],"twitter_card":"summary_large_image","twitter_misc":{"Estimated reading time":"1 minute"},"schema":{"@context":"https:\/\/schema.org","@graph":[{"@type":"WebPage","@id":"https:\/\/lhk.ee\/en\/liisi\/","url":"https:\/\/lhk.ee\/en\/liisi\/","name":"Liisi - L\u00e4\u00e4nemere Hambakliinik","isPartOf":{"@id":"https:\/\/lhk.ee\/en\/#website"},"primaryImageOfPage":{"@id":"https:\/\/lhk.ee\/en\/liisi\/#primaryimage"},"image":{"@id":"https:\/\/lhk.ee\/en\/liisi\/#primaryimage"},"thumbnailUrl":"https:\/\/v3.lhk.ee\/en\/wp-content\/uploads\/sites\/43\/2024\/08\/Liisi-2-1024x726.png","datePublished":"2024-06-11T07:11:04+00:00","dateModified":"2024-08-13T10:31:33+00:00","breadcrumb":{"@id":"https:\/\/lhk.ee\/en\/liisi\/#breadcrumb"},"inLanguage":"en-GB","potentialAction":[{"@type":"ReadAction","target":["https:\/\/lhk.ee\/en\/liisi\/"]}]},{"@type":"ImageObject","inLanguage":"en-GB","@id":"https:\/\/lhk.ee\/en\/liisi\/#primaryimage","url":"https:\/\/v3.lhk.ee\/en\/wp-content\/uploads\/sites\/43\/2024\/08\/Liisi-2-1024x726.png","contentUrl":"https:\/\/v3.lhk.ee\/en\/wp-content\/uploads\/sites\/43\/2024\/08\/Liisi-2-1024x726.png"},{"@type":"BreadcrumbList","@id":"https:\/\/lhk.ee\/en\/liisi\/#breadcrumb","itemListElement":[{"@type":"ListItem","position":1,"name":"Home","item":"https:\/\/lhk.ee\/en\/"},{"@type":"ListItem","position":2,"name":"Liisi"}]},{"@type":"WebSite","@id":"https:\/\/lhk.ee\/en\/#website","url":"https:\/\/lhk.ee\/en\/","name":"L\u00e4\u00e4nemere Hambakliinik","description":"","publisher":{"@id":"https:\/\/lhk.ee\/en\/#organization"},"potentialAction":[{"@type":"SearchAction","target":{"@type":"EntryPoint","urlTemplate":"https:\/\/lhk.ee\/en\/?s={search_term_string}"},"query-input":{"@type":"PropertyValueSpecification","valueRequired":true,"valueName":"search_term_string"}}],"inLanguage":"en-GB"},{"@type":"Organization","@id":"https:\/\/lhk.ee\/en\/#organization","name":"L\u00e4\u00e4nemere Hambakliinik","url":"https:\/\/lhk.ee\/en\/","logo":{"@type":"ImageObject","inLanguage":"en-GB","@id":"https:\/\/lhk.ee\/en\/#\/schema\/logo\/image\/","url":"https:\/\/lhk.ee\/en\/wp-content\/uploads\/sites\/43\/2024\/03\/Screenshot-2024-03-07-151436-1.png","contentUrl":"https:\/\/lhk.ee\/en\/wp-content\/uploads\/sites\/43\/2024\/03\/Screenshot-2024-03-07-151436-1.png","width":2964,"height":850,"caption":"L\u00e4\u00e4nemere Hambakliinik"},"image":{"@id":"https:\/\/lhk.ee\/en\/#\/schema\/logo\/image\/"}}]}},"_links":{"self":[{"href":"https:\/\/lhk.ee\/en\/wp-json\/wp\/v2\/pages\/13017","targetHints":{"allow":["GET"]}}],"collection":[{"href":"https:\/\/lhk.ee\/en\/wp-json\/wp\/v2\/pages"}],"about":[{"href":"https:\/\/lhk.ee\/en\/wp-json\/wp\/v2\/types\/page"}],"author":[{"embeddable":true,"href":"https:\/\/lhk.ee\/en\/wp-json\/wp\/v2\/users\/3"}],"replies":[{"embeddable":true,"href":"https:\/\/lhk.ee\/en\/wp-json\/wp\/v2\/comments?post=13017"}],"version-history":[{"count":127,"href":"https:\/\/lhk.ee\/en\/wp-json\/wp\/v2\/pages\/13017\/revisions"}],"predecessor-version":[{"id":16410,"href":"https:\/\/lhk.ee\/en\/wp-json\/wp\/v2\/pages\/13017\/revisions\/16410"}],"wp:attachment":[{"href":"https:\/\/lhk.ee\/en\/wp-json\/wp\/v2\/media?parent=13017"}],"curies":[{"name":"wp","href":"https:\/\/api.w.org\/{rel}","templated":true}]}}