{"id":14134,"date":"2024-06-20T11:41:56","date_gmt":"2024-06-20T09:41:56","guid":{"rendered":"https:\/\/v3.lhk.ee\/en\/?page_id=14134"},"modified":"2026-02-02T13:15:53","modified_gmt":"2026-02-02T11:15:53","slug":"parking-linnamae-tee-3","status":"publish","type":"page","link":"https:\/\/lhk.ee\/en\/parking-linnamae-tee-3\/","title":{"rendered":"Parking. Linnam\u00e4e tee 3."},"content":{"rendered":"\t\t<div data-elementor-type=\"wp-page\" data-elementor-id=\"14134\" class=\"elementor elementor-14134\" data-elementor-post-type=\"page\">\n\t\t\t\t<div class=\"elementor-element elementor-element-ee908d1 e-flex e-con-boxed e-con e-parent\" data-id=\"ee908d1\" data-element_type=\"container\" data-e-type=\"container\">\n\t\t\t\t\t<div class=\"e-con-inner\">\n\t\t<div class=\"elementor-element elementor-element-fcc30ea e-con-full e-flex e-con e-child\" data-id=\"fcc30ea\" data-element_type=\"container\" data-e-type=\"container\">\n\t\t\t\t<div class=\"elementor-element elementor-element-0f89603 elementor-widget-laptop__width-initial elementor-widget elementor-widget-image\" data-id=\"0f89603\" data-element_type=\"widget\" data-e-type=\"widget\" data-widget_type=\"image.default\">\n\t\t\t\t<div class=\"elementor-widget-container\">\n\t\t\t\t\t\t\t\t\t\t\t\t\t\t\t<img fetchpriority=\"high\" decoding=\"async\" width=\"400\" height=\"400\" src=\"https:\/\/lhk.ee\/en\/wp-content\/uploads\/sites\/43\/2024\/06\/parkimine.jpg\" class=\"attachment-large size-large wp-image-14137\" alt=\"\" srcset=\"https:\/\/lhk.ee\/en\/wp-content\/uploads\/sites\/43\/2024\/06\/parkimine.jpg 400w, https:\/\/lhk.ee\/en\/wp-content\/uploads\/sites\/43\/2024\/06\/parkimine-300x300.jpg 300w, https:\/\/lhk.ee\/en\/wp-content\/uploads\/sites\/43\/2024\/06\/parkimine-150x150.jpg 150w, https:\/\/lhk.ee\/en\/wp-content\/uploads\/sites\/43\/2024\/06\/parkimine-24x24.jpg 24w, https:\/\/lhk.ee\/en\/wp-content\/uploads\/sites\/43\/2024\/06\/parkimine-36x36.jpg 36w, https:\/\/lhk.ee\/en\/wp-content\/uploads\/sites\/43\/2024\/06\/parkimine-48x48.jpg 48w\" sizes=\"(max-width: 400px) 100vw, 400px\" \/>\t\t\t\t\t\t\t\t\t\t\t\t\t\t\t<\/div>\n\t\t\t\t<\/div>\n\t\t\t\t<\/div>\n\t\t<div class=\"elementor-element elementor-element-1b6345d e-con-full e-flex e-con e-child\" data-id=\"1b6345d\" data-element_type=\"container\" data-e-type=\"container\">\n\t\t\t\t<div class=\"elementor-element elementor-element-bd81595 elementor-widget__width-auto elementor-widget elementor-widget-heading\" data-id=\"bd81595\" data-element_type=\"widget\" data-e-type=\"widget\" data-widget_type=\"heading.default\">\n\t\t\t\t<div class=\"elementor-widget-container\">\n\t\t\t\t\t<h1 class=\"elementor-heading-title elementor-size-default\">Parking. Linnam\u00e4e tee 3.<\/h1>\t\t\t\t<\/div>\n\t\t\t\t<\/div>\n\t\t\t\t<div class=\"elementor-element elementor-element-54a037e elementor-widget elementor-widget-text-editor\" data-id=\"54a037e\" data-element_type=\"widget\" data-e-type=\"widget\" data-widget_type=\"text-editor.default\">\n\t\t\t\t<div class=\"elementor-widget-container\">\n\t\t\t\t\t\t\t\t\t<p><strong>Parking zone EP191<\/strong><\/p>\t\t\t\t\t\t\t\t<\/div>\n\t\t\t\t<\/div>\n\t\t\t\t<div class=\"elementor-element elementor-element-8974c49 elementor-widget elementor-widget-text-editor\" data-id=\"8974c49\" data-element_type=\"widget\" data-e-type=\"widget\" data-widget_type=\"text-editor.default\">\n\t\t\t\t<div class=\"elementor-widget-container\">\n\t\t\t\t\t\t\t\t\t<p>1 hour FREE OF CHARGE<\/p><p>Free parking is available <strong>only after registering at the parking registration terminal<\/strong> located on the ground floor at the building entrance.<\/p>\t\t\t\t\t\t\t\t<\/div>\n\t\t\t\t<\/div>\n\t\t\t\t<div class=\"elementor-element elementor-element-92b4705 elementor-widget elementor-widget-text-editor\" data-id=\"92b4705\" data-element_type=\"widget\" data-e-type=\"widget\" data-widget_type=\"text-editor.default\">\n\t\t\t\t<div class=\"elementor-widget-container\">\n\t\t\t\t\t\t\t\t\t<p>Please note that the <strong><span style=\"color: #ff0000;\">use of parking discs is no longer accepted and is not considered a valid method of registration<\/span><\/strong>.<\/p>\t\t\t\t\t\t\t\t<\/div>\n\t\t\t\t<\/div>\n\t\t\t\t<div class=\"elementor-element elementor-element-602a8b7 elementor-widget elementor-widget-text-editor\" data-id=\"602a8b7\" data-element_type=\"widget\" data-e-type=\"widget\" data-widget_type=\"text-editor.default\">\n\t\t\t\t<div class=\"elementor-widget-container\">\n\t\t\t\t\t\t\t\t\t<p>When parking in the EP191 area with the <strong>Pargi.ee<\/strong> application, <strong>SMS<\/strong> or\u00a0with the <strong>EuroPark<\/strong> application, it is <strong>automatically<\/strong> free for 1 hour. After the free time, the paid time also starts<strong> automatically<\/strong>.<\/p><p>Every 30 minutes started \u2013 0.50\u20ac<\/p>\t\t\t\t\t\t\t\t<\/div>\n\t\t\t\t<\/div>\n\t\t\t\t<\/div>\n\t\t\t\t\t<\/div>\n\t\t\t\t<\/div>\n\t\t\t\t<\/div>\n\t\t","protected":false},"excerpt":{"rendered":"<p>Parking. Linnam\u00e4e tee 3. Parking zone EP191 1 hour FREE OF CHARGE Free parking is available only after registering at the parking registration terminal located on the ground floor at the building entrance. Please note that the use of parking discs is no longer accepted and is not considered a valid method of registration. When [&hellip;]<\/p>\n","protected":false},"author":5,"featured_media":0,"parent":0,"menu_order":0,"comment_status":"closed","ping_status":"closed","template":"template-page-builder.php","meta":{"footnotes":""},"class_list":["post-14134","page","type-page","status-publish","hentry","entry"],"yoast_head":"<!-- This site is optimized with the Yoast SEO plugin v27.5 - https:\/\/yoast.com\/product\/yoast-seo-wordpress\/ -->\n<title>Parking. Linnam\u00e4e tee 3. - L\u00e4\u00e4nemere Hambakliinik<\/title>\n<meta name=\"robots\" content=\"index, follow, max-snippet:-1, max-image-preview:large, max-video-preview:-1\" \/>\n<link rel=\"canonical\" href=\"https:\/\/lhk.ee\/en\/parking-linnamae-tee-3\/\" \/>\n<meta property=\"og:locale\" content=\"en_GB\" \/>\n<meta property=\"og:type\" content=\"article\" \/>\n<meta property=\"og:title\" content=\"Parking. Linnam\u00e4e tee 3. - L\u00e4\u00e4nemere Hambakliinik\" \/>\n<meta property=\"og:description\" content=\"Parking. Linnam\u00e4e tee 3. Parking zone EP191 1 hour FREE OF CHARGE Free parking is available only after registering at the parking registration terminal located on the ground floor at the building entrance. Please note that the use of parking discs is no longer accepted and is not considered a valid method of registration. When [&hellip;]\" \/>\n<meta property=\"og:url\" content=\"https:\/\/lhk.ee\/en\/parking-linnamae-tee-3\/\" \/>\n<meta property=\"og:site_name\" content=\"L\u00e4\u00e4nemere Hambakliinik\" \/>\n<meta property=\"article:modified_time\" content=\"2026-02-02T11:15:53+00:00\" \/>\n<meta property=\"og:image\" content=\"https:\/\/lhk.ee\/en\/wp-content\/uploads\/sites\/43\/2024\/06\/parkimine.jpg\" \/>\n\t<meta property=\"og:image:width\" content=\"400\" \/>\n\t<meta property=\"og:image:height\" content=\"400\" \/>\n\t<meta property=\"og:image:type\" content=\"image\/jpeg\" \/>\n<meta name=\"twitter:card\" content=\"summary_large_image\" \/>\n<meta name=\"twitter:label1\" content=\"Estimated reading time\" \/>\n\t<meta name=\"twitter:data1\" content=\"1 minute\" \/>\n<script type=\"application\/ld+json\" class=\"yoast-schema-graph\">{\"@context\":\"https:\\\/\\\/schema.org\",\"@graph\":[{\"@type\":\"WebPage\",\"@id\":\"https:\\\/\\\/lhk.ee\\\/en\\\/parking-linnamae-tee-3\\\/\",\"url\":\"https:\\\/\\\/lhk.ee\\\/en\\\/parking-linnamae-tee-3\\\/\",\"name\":\"Parking. Linnam\u00e4e tee 3. - L\u00e4\u00e4nemere Hambakliinik\",\"isPartOf\":{\"@id\":\"https:\\\/\\\/lhk.ee\\\/en\\\/#website\"},\"primaryImageOfPage\":{\"@id\":\"https:\\\/\\\/lhk.ee\\\/en\\\/parking-linnamae-tee-3\\\/#primaryimage\"},\"image\":{\"@id\":\"https:\\\/\\\/lhk.ee\\\/en\\\/parking-linnamae-tee-3\\\/#primaryimage\"},\"thumbnailUrl\":\"https:\\\/\\\/lhk.ee\\\/en\\\/wp-content\\\/uploads\\\/sites\\\/43\\\/2024\\\/06\\\/parkimine.jpg\",\"datePublished\":\"2024-06-20T09:41:56+00:00\",\"dateModified\":\"2026-02-02T11:15:53+00:00\",\"breadcrumb\":{\"@id\":\"https:\\\/\\\/lhk.ee\\\/en\\\/parking-linnamae-tee-3\\\/#breadcrumb\"},\"inLanguage\":\"en-GB\",\"potentialAction\":[{\"@type\":\"ReadAction\",\"target\":[\"https:\\\/\\\/lhk.ee\\\/en\\\/parking-linnamae-tee-3\\\/\"]}]},{\"@type\":\"ImageObject\",\"inLanguage\":\"en-GB\",\"@id\":\"https:\\\/\\\/lhk.ee\\\/en\\\/parking-linnamae-tee-3\\\/#primaryimage\",\"url\":\"https:\\\/\\\/lhk.ee\\\/en\\\/wp-content\\\/uploads\\\/sites\\\/43\\\/2024\\\/06\\\/parkimine.jpg\",\"contentUrl\":\"https:\\\/\\\/lhk.ee\\\/en\\\/wp-content\\\/uploads\\\/sites\\\/43\\\/2024\\\/06\\\/parkimine.jpg\",\"width\":400,\"height\":400},{\"@type\":\"BreadcrumbList\",\"@id\":\"https:\\\/\\\/lhk.ee\\\/en\\\/parking-linnamae-tee-3\\\/#breadcrumb\",\"itemListElement\":[{\"@type\":\"ListItem\",\"position\":1,\"name\":\"Home\",\"item\":\"https:\\\/\\\/lhk.ee\\\/en\\\/\"},{\"@type\":\"ListItem\",\"position\":2,\"name\":\"Parking. Linnam\u00e4e tee 3.\"}]},{\"@type\":\"WebSite\",\"@id\":\"https:\\\/\\\/lhk.ee\\\/en\\\/#website\",\"url\":\"https:\\\/\\\/lhk.ee\\\/en\\\/\",\"name\":\"L\u00e4\u00e4nemere Hambakliinik\",\"description\":\"\",\"publisher\":{\"@id\":\"https:\\\/\\\/lhk.ee\\\/en\\\/#organization\"},\"potentialAction\":[{\"@type\":\"SearchAction\",\"target\":{\"@type\":\"EntryPoint\",\"urlTemplate\":\"https:\\\/\\\/lhk.ee\\\/en\\\/?s={search_term_string}\"},\"query-input\":{\"@type\":\"PropertyValueSpecification\",\"valueRequired\":true,\"valueName\":\"search_term_string\"}}],\"inLanguage\":\"en-GB\"},{\"@type\":\"Organization\",\"@id\":\"https:\\\/\\\/lhk.ee\\\/en\\\/#organization\",\"name\":\"L\u00e4\u00e4nemere Hambakliinik\",\"url\":\"https:\\\/\\\/lhk.ee\\\/en\\\/\",\"logo\":{\"@type\":\"ImageObject\",\"inLanguage\":\"en-GB\",\"@id\":\"https:\\\/\\\/lhk.ee\\\/en\\\/#\\\/schema\\\/logo\\\/image\\\/\",\"url\":\"https:\\\/\\\/lhk.ee\\\/en\\\/wp-content\\\/uploads\\\/sites\\\/43\\\/2024\\\/03\\\/Screenshot-2024-03-07-151436-1.png\",\"contentUrl\":\"https:\\\/\\\/lhk.ee\\\/en\\\/wp-content\\\/uploads\\\/sites\\\/43\\\/2024\\\/03\\\/Screenshot-2024-03-07-151436-1.png\",\"width\":2964,\"height\":850,\"caption\":\"L\u00e4\u00e4nemere Hambakliinik\"},\"image\":{\"@id\":\"https:\\\/\\\/lhk.ee\\\/en\\\/#\\\/schema\\\/logo\\\/image\\\/\"}}]}<\/script>\n<!-- \/ Yoast SEO plugin. -->","yoast_head_json":{"title":"Parking. Linnam\u00e4e tee 3. - L\u00e4\u00e4nemere Hambakliinik","robots":{"index":"index","follow":"follow","max-snippet":"max-snippet:-1","max-image-preview":"max-image-preview:large","max-video-preview":"max-video-preview:-1"},"canonical":"https:\/\/lhk.ee\/en\/parking-linnamae-tee-3\/","og_locale":"en_GB","og_type":"article","og_title":"Parking. Linnam\u00e4e tee 3. - L\u00e4\u00e4nemere Hambakliinik","og_description":"Parking. Linnam\u00e4e tee 3. Parking zone EP191 1 hour FREE OF CHARGE Free parking is available only after registering at the parking registration terminal located on the ground floor at the building entrance. Please note that the use of parking discs is no longer accepted and is not considered a valid method of registration. When [&hellip;]","og_url":"https:\/\/lhk.ee\/en\/parking-linnamae-tee-3\/","og_site_name":"L\u00e4\u00e4nemere Hambakliinik","article_modified_time":"2026-02-02T11:15:53+00:00","og_image":[{"width":400,"height":400,"url":"https:\/\/lhk.ee\/en\/wp-content\/uploads\/sites\/43\/2024\/06\/parkimine.jpg","type":"image\/jpeg"}],"twitter_card":"summary_large_image","twitter_misc":{"Estimated reading time":"1 minute"},"schema":{"@context":"https:\/\/schema.org","@graph":[{"@type":"WebPage","@id":"https:\/\/lhk.ee\/en\/parking-linnamae-tee-3\/","url":"https:\/\/lhk.ee\/en\/parking-linnamae-tee-3\/","name":"Parking. Linnam\u00e4e tee 3. - L\u00e4\u00e4nemere Hambakliinik","isPartOf":{"@id":"https:\/\/lhk.ee\/en\/#website"},"primaryImageOfPage":{"@id":"https:\/\/lhk.ee\/en\/parking-linnamae-tee-3\/#primaryimage"},"image":{"@id":"https:\/\/lhk.ee\/en\/parking-linnamae-tee-3\/#primaryimage"},"thumbnailUrl":"https:\/\/lhk.ee\/en\/wp-content\/uploads\/sites\/43\/2024\/06\/parkimine.jpg","datePublished":"2024-06-20T09:41:56+00:00","dateModified":"2026-02-02T11:15:53+00:00","breadcrumb":{"@id":"https:\/\/lhk.ee\/en\/parking-linnamae-tee-3\/#breadcrumb"},"inLanguage":"en-GB","potentialAction":[{"@type":"ReadAction","target":["https:\/\/lhk.ee\/en\/parking-linnamae-tee-3\/"]}]},{"@type":"ImageObject","inLanguage":"en-GB","@id":"https:\/\/lhk.ee\/en\/parking-linnamae-tee-3\/#primaryimage","url":"https:\/\/lhk.ee\/en\/wp-content\/uploads\/sites\/43\/2024\/06\/parkimine.jpg","contentUrl":"https:\/\/lhk.ee\/en\/wp-content\/uploads\/sites\/43\/2024\/06\/parkimine.jpg","width":400,"height":400},{"@type":"BreadcrumbList","@id":"https:\/\/lhk.ee\/en\/parking-linnamae-tee-3\/#breadcrumb","itemListElement":[{"@type":"ListItem","position":1,"name":"Home","item":"https:\/\/lhk.ee\/en\/"},{"@type":"ListItem","position":2,"name":"Parking. Linnam\u00e4e tee 3."}]},{"@type":"WebSite","@id":"https:\/\/lhk.ee\/en\/#website","url":"https:\/\/lhk.ee\/en\/","name":"L\u00e4\u00e4nemere Hambakliinik","description":"","publisher":{"@id":"https:\/\/lhk.ee\/en\/#organization"},"potentialAction":[{"@type":"SearchAction","target":{"@type":"EntryPoint","urlTemplate":"https:\/\/lhk.ee\/en\/?s={search_term_string}"},"query-input":{"@type":"PropertyValueSpecification","valueRequired":true,"valueName":"search_term_string"}}],"inLanguage":"en-GB"},{"@type":"Organization","@id":"https:\/\/lhk.ee\/en\/#organization","name":"L\u00e4\u00e4nemere Hambakliinik","url":"https:\/\/lhk.ee\/en\/","logo":{"@type":"ImageObject","inLanguage":"en-GB","@id":"https:\/\/lhk.ee\/en\/#\/schema\/logo\/image\/","url":"https:\/\/lhk.ee\/en\/wp-content\/uploads\/sites\/43\/2024\/03\/Screenshot-2024-03-07-151436-1.png","contentUrl":"https:\/\/lhk.ee\/en\/wp-content\/uploads\/sites\/43\/2024\/03\/Screenshot-2024-03-07-151436-1.png","width":2964,"height":850,"caption":"L\u00e4\u00e4nemere Hambakliinik"},"image":{"@id":"https:\/\/lhk.ee\/en\/#\/schema\/logo\/image\/"}}]}},"_links":{"self":[{"href":"https:\/\/lhk.ee\/en\/wp-json\/wp\/v2\/pages\/14134","targetHints":{"allow":["GET"]}}],"collection":[{"href":"https:\/\/lhk.ee\/en\/wp-json\/wp\/v2\/pages"}],"about":[{"href":"https:\/\/lhk.ee\/en\/wp-json\/wp\/v2\/types\/page"}],"author":[{"embeddable":true,"href":"https:\/\/lhk.ee\/en\/wp-json\/wp\/v2\/users\/5"}],"replies":[{"embeddable":true,"href":"https:\/\/lhk.ee\/en\/wp-json\/wp\/v2\/comments?post=14134"}],"version-history":[{"count":18,"href":"https:\/\/lhk.ee\/en\/wp-json\/wp\/v2\/pages\/14134\/revisions"}],"predecessor-version":[{"id":17038,"href":"https:\/\/lhk.ee\/en\/wp-json\/wp\/v2\/pages\/14134\/revisions\/17038"}],"wp:attachment":[{"href":"https:\/\/lhk.ee\/en\/wp-json\/wp\/v2\/media?parent=14134"}],"curies":[{"name":"wp","href":"https:\/\/api.w.org\/{rel}","templated":true}]}}