{"id":9046,"date":"2024-05-15T16:49:07","date_gmt":"2024-05-15T14:49:07","guid":{"rendered":"https:\/\/v3.lhk.ee\/en\/?page_id=9046"},"modified":"2024-06-28T13:01:50","modified_gmt":"2024-06-28T11:01:50","slug":"the-best-solutions-for-our-patients-now-also-in-the-e-shop","status":"publish","type":"page","link":"https:\/\/lhk.ee\/en\/the-best-solutions-for-our-patients-now-also-in-the-e-shop\/","title":{"rendered":"The best solutions for our patients now also in the e-shop!"},"content":{"rendered":"\t\t<div data-elementor-type=\"wp-page\" data-elementor-id=\"9046\" class=\"elementor elementor-9046\" data-elementor-post-type=\"page\">\n\t\t\t\t<div class=\"elementor-element elementor-element-c8c93da e-flex e-con-boxed e-con e-parent\" data-id=\"c8c93da\" data-element_type=\"container\" data-e-type=\"container\">\n\t\t\t\t\t<div class=\"e-con-inner\">\n\t\t<div class=\"elementor-element elementor-element-e3adc0c e-con-full e-flex e-con e-child\" data-id=\"e3adc0c\" data-element_type=\"container\" data-e-type=\"container\">\n\t\t\t\t<div class=\"elementor-element elementor-element-4f38b6c elementor-widget__width-initial elementor-widget-laptop__width-initial elementor-widget elementor-widget-image\" data-id=\"4f38b6c\" data-element_type=\"widget\" data-e-type=\"widget\" data-widget_type=\"image.default\">\n\t\t\t\t<div class=\"elementor-widget-container\">\n\t\t\t\t\t\t\t\t\t\t\t\t\t\t\t<img decoding=\"async\" src=\"https:\/\/lhk.ee\/en\/wp-content\/uploads\/sites\/43\/2024\/06\/medshop24.jpg\" title=\"medshop24\" alt=\"medshop24\" loading=\"lazy\" \/>\t\t\t\t\t\t\t\t\t\t\t\t\t\t\t<\/div>\n\t\t\t\t<\/div>\n\t\t\t\t<\/div>\n\t\t<div class=\"elementor-element elementor-element-3b33032 e-con-full e-flex e-con e-child\" data-id=\"3b33032\" data-element_type=\"container\" data-e-type=\"container\">\n\t\t\t\t<div class=\"elementor-element elementor-element-80c929e elementor-widget elementor-widget-button\" data-id=\"80c929e\" data-element_type=\"widget\" data-e-type=\"widget\" data-widget_type=\"button.default\">\n\t\t\t\t<div class=\"elementor-widget-container\">\n\t\t\t\t\t\t\t\t\t<div class=\"elementor-button-wrapper\">\n\t\t\t\t\t<a class=\"elementor-button elementor-size-sm\" role=\"button\">\n\t\t\t\t\t\t<span class=\"elementor-button-content-wrapper\">\n\t\t\t\t\t\t\t\t\t<span class=\"elementor-button-text\">E-pood<\/span>\n\t\t\t\t\t<\/span>\n\t\t\t\t\t<\/a>\n\t\t\t\t<\/div>\n\t\t\t\t\t\t\t\t<\/div>\n\t\t\t\t<\/div>\n\t\t\t\t<div class=\"elementor-element elementor-element-6f6551a elementor-widget elementor-widget-heading\" data-id=\"6f6551a\" data-element_type=\"widget\" data-e-type=\"widget\" data-widget_type=\"heading.default\">\n\t\t\t\t<div class=\"elementor-widget-container\">\n\t\t\t\t\t<h2 class=\"elementor-heading-title elementor-size-default\">K\u00f5ige paremad lahendused meie patsientidele n\u00fc\u00fcd ka e-poes!<\/h2>\t\t\t\t<\/div>\n\t\t\t\t<\/div>\n\t\t\t\t<div class=\"elementor-element elementor-element-c4fd465 elementor-widget elementor-widget-text-editor\" data-id=\"c4fd465\" data-element_type=\"widget\" data-e-type=\"widget\" data-widget_type=\"text-editor.default\">\n\t\t\t\t<div class=\"elementor-widget-container\">\n\t\t\t\t\t\t\t\t\t<p>Pakume teile laias valikus toimeainep\u00f5hiseid suuh\u00fcgieenitooteid, nii igap\u00e4evaseks suuhoolduseks kui ka spetsiifiliste suu\u00f5\u00f5ne probleemide korral.<\/p><p>E-pood on nii eesti- kui venekeelne!<\/p><p>Tutvuge tootevalikuga meie e-poes:<\/p>\t\t\t\t\t\t\t\t<\/div>\n\t\t\t\t<\/div>\n\t\t\t\t<div class=\"elementor-element elementor-element-2b7e050 elementor-widget elementor-widget-button\" data-id=\"2b7e050\" data-element_type=\"widget\" data-e-type=\"widget\" data-widget_type=\"button.default\">\n\t\t\t\t<div class=\"elementor-widget-container\">\n\t\t\t\t\t\t\t\t\t<div class=\"elementor-button-wrapper\">\n\t\t\t\t\t<a class=\"elementor-button elementor-button-link elementor-size-sm\" href=\"https:\/\/medshop24.ee\/ordo-sonic-elektriline-hambahari\/?utm_source=refferal&#038;utm_medium=lhk&#038;utm_campaign=ordo_est\" target=\"_blank\">\n\t\t\t\t\t\t<span class=\"elementor-button-content-wrapper\">\n\t\t\t\t\t\t\t\t\t<span class=\"elementor-button-text\">E-pood<\/span>\n\t\t\t\t\t<\/span>\n\t\t\t\t\t<\/a>\n\t\t\t\t<\/div>\n\t\t\t\t\t\t\t\t<\/div>\n\t\t\t\t<\/div>\n\t\t\t\t<\/div>\n\t\t\t\t\t<\/div>\n\t\t\t\t<\/div>\n\t\t\t\t<\/div>\n\t\t","protected":false},"excerpt":{"rendered":"<p>E-pood K\u00f5ige paremad lahendused meie patsientidele n\u00fc\u00fcd ka e-poes! Pakume teile laias valikus toimeainep\u00f5hiseid suuh\u00fcgieenitooteid, nii igap\u00e4evaseks suuhoolduseks kui ka spetsiifiliste suu\u00f5\u00f5ne probleemide korral. E-pood on nii eesti- kui venekeelne! Tutvuge tootevalikuga meie e-poes: E-pood<\/p>\n","protected":false},"author":3,"featured_media":0,"parent":0,"menu_order":0,"comment_status":"closed","ping_status":"closed","template":"template-page-builder.php","meta":{"footnotes":""},"class_list":["post-9046","page","type-page","status-publish","hentry","entry"],"yoast_head":"<!-- This site is optimized with the Yoast SEO plugin v27.5 - https:\/\/yoast.com\/product\/yoast-seo-wordpress\/ -->\n<title>The best solutions for our patients now also in the e-shop! - L\u00e4\u00e4nemere Hambakliinik<\/title>\n<meta name=\"robots\" content=\"index, follow, max-snippet:-1, max-image-preview:large, max-video-preview:-1\" \/>\n<link rel=\"canonical\" href=\"https:\/\/lhk.ee\/en\/the-best-solutions-for-our-patients-now-also-in-the-e-shop\/\" \/>\n<meta property=\"og:locale\" content=\"en_GB\" \/>\n<meta property=\"og:type\" content=\"article\" \/>\n<meta property=\"og:title\" content=\"The best solutions for our patients now also in the e-shop! - L\u00e4\u00e4nemere Hambakliinik\" \/>\n<meta property=\"og:description\" content=\"E-pood K\u00f5ige paremad lahendused meie patsientidele n\u00fc\u00fcd ka e-poes! Pakume teile laias valikus toimeainep\u00f5hiseid suuh\u00fcgieenitooteid, nii igap\u00e4evaseks suuhoolduseks kui ka spetsiifiliste suu\u00f5\u00f5ne probleemide korral. E-pood on nii eesti- kui venekeelne! Tutvuge tootevalikuga meie e-poes: E-pood\" \/>\n<meta property=\"og:url\" content=\"https:\/\/lhk.ee\/en\/the-best-solutions-for-our-patients-now-also-in-the-e-shop\/\" \/>\n<meta property=\"og:site_name\" content=\"L\u00e4\u00e4nemere Hambakliinik\" \/>\n<meta property=\"article:modified_time\" content=\"2024-06-28T11:01:50+00:00\" \/>\n<meta property=\"og:image\" content=\"https:\/\/v3.lhk.ee\/en\/wp-content\/uploads\/sites\/43\/2024\/06\/medshop24.jpg\" \/>\n<meta name=\"twitter:card\" content=\"summary_large_image\" \/>\n<meta name=\"twitter:label1\" content=\"Estimated reading time\" \/>\n\t<meta name=\"twitter:data1\" content=\"1 minute\" \/>\n<script type=\"application\/ld+json\" class=\"yoast-schema-graph\">{\"@context\":\"https:\\\/\\\/schema.org\",\"@graph\":[{\"@type\":\"WebPage\",\"@id\":\"https:\\\/\\\/lhk.ee\\\/en\\\/the-best-solutions-for-our-patients-now-also-in-the-e-shop\\\/\",\"url\":\"https:\\\/\\\/lhk.ee\\\/en\\\/the-best-solutions-for-our-patients-now-also-in-the-e-shop\\\/\",\"name\":\"The best solutions for our patients now also in the e-shop! - L\u00e4\u00e4nemere Hambakliinik\",\"isPartOf\":{\"@id\":\"https:\\\/\\\/lhk.ee\\\/en\\\/#website\"},\"primaryImageOfPage\":{\"@id\":\"https:\\\/\\\/lhk.ee\\\/en\\\/the-best-solutions-for-our-patients-now-also-in-the-e-shop\\\/#primaryimage\"},\"image\":{\"@id\":\"https:\\\/\\\/lhk.ee\\\/en\\\/the-best-solutions-for-our-patients-now-also-in-the-e-shop\\\/#primaryimage\"},\"thumbnailUrl\":\"https:\\\/\\\/v3.lhk.ee\\\/en\\\/wp-content\\\/uploads\\\/sites\\\/43\\\/2024\\\/06\\\/medshop24.jpg\",\"datePublished\":\"2024-05-15T14:49:07+00:00\",\"dateModified\":\"2024-06-28T11:01:50+00:00\",\"breadcrumb\":{\"@id\":\"https:\\\/\\\/lhk.ee\\\/en\\\/the-best-solutions-for-our-patients-now-also-in-the-e-shop\\\/#breadcrumb\"},\"inLanguage\":\"en-GB\",\"potentialAction\":[{\"@type\":\"ReadAction\",\"target\":[\"https:\\\/\\\/lhk.ee\\\/en\\\/the-best-solutions-for-our-patients-now-also-in-the-e-shop\\\/\"]}]},{\"@type\":\"ImageObject\",\"inLanguage\":\"en-GB\",\"@id\":\"https:\\\/\\\/lhk.ee\\\/en\\\/the-best-solutions-for-our-patients-now-also-in-the-e-shop\\\/#primaryimage\",\"url\":\"https:\\\/\\\/v3.lhk.ee\\\/en\\\/wp-content\\\/uploads\\\/sites\\\/43\\\/2024\\\/06\\\/medshop24.jpg\",\"contentUrl\":\"https:\\\/\\\/v3.lhk.ee\\\/en\\\/wp-content\\\/uploads\\\/sites\\\/43\\\/2024\\\/06\\\/medshop24.jpg\"},{\"@type\":\"BreadcrumbList\",\"@id\":\"https:\\\/\\\/lhk.ee\\\/en\\\/the-best-solutions-for-our-patients-now-also-in-the-e-shop\\\/#breadcrumb\",\"itemListElement\":[{\"@type\":\"ListItem\",\"position\":1,\"name\":\"Home\",\"item\":\"https:\\\/\\\/lhk.ee\\\/en\\\/\"},{\"@type\":\"ListItem\",\"position\":2,\"name\":\"The best solutions for our patients now also in the e-shop!\"}]},{\"@type\":\"WebSite\",\"@id\":\"https:\\\/\\\/lhk.ee\\\/en\\\/#website\",\"url\":\"https:\\\/\\\/lhk.ee\\\/en\\\/\",\"name\":\"L\u00e4\u00e4nemere Hambakliinik\",\"description\":\"\",\"publisher\":{\"@id\":\"https:\\\/\\\/lhk.ee\\\/en\\\/#organization\"},\"potentialAction\":[{\"@type\":\"SearchAction\",\"target\":{\"@type\":\"EntryPoint\",\"urlTemplate\":\"https:\\\/\\\/lhk.ee\\\/en\\\/?s={search_term_string}\"},\"query-input\":{\"@type\":\"PropertyValueSpecification\",\"valueRequired\":true,\"valueName\":\"search_term_string\"}}],\"inLanguage\":\"en-GB\"},{\"@type\":\"Organization\",\"@id\":\"https:\\\/\\\/lhk.ee\\\/en\\\/#organization\",\"name\":\"L\u00e4\u00e4nemere Hambakliinik\",\"url\":\"https:\\\/\\\/lhk.ee\\\/en\\\/\",\"logo\":{\"@type\":\"ImageObject\",\"inLanguage\":\"en-GB\",\"@id\":\"https:\\\/\\\/lhk.ee\\\/en\\\/#\\\/schema\\\/logo\\\/image\\\/\",\"url\":\"https:\\\/\\\/lhk.ee\\\/en\\\/wp-content\\\/uploads\\\/sites\\\/43\\\/2024\\\/03\\\/Screenshot-2024-03-07-151436-1.png\",\"contentUrl\":\"https:\\\/\\\/lhk.ee\\\/en\\\/wp-content\\\/uploads\\\/sites\\\/43\\\/2024\\\/03\\\/Screenshot-2024-03-07-151436-1.png\",\"width\":2964,\"height\":850,\"caption\":\"L\u00e4\u00e4nemere Hambakliinik\"},\"image\":{\"@id\":\"https:\\\/\\\/lhk.ee\\\/en\\\/#\\\/schema\\\/logo\\\/image\\\/\"}}]}<\/script>\n<!-- \/ Yoast SEO plugin. -->","yoast_head_json":{"title":"The best solutions for our patients now also in the e-shop! - L\u00e4\u00e4nemere Hambakliinik","robots":{"index":"index","follow":"follow","max-snippet":"max-snippet:-1","max-image-preview":"max-image-preview:large","max-video-preview":"max-video-preview:-1"},"canonical":"https:\/\/lhk.ee\/en\/the-best-solutions-for-our-patients-now-also-in-the-e-shop\/","og_locale":"en_GB","og_type":"article","og_title":"The best solutions for our patients now also in the e-shop! - L\u00e4\u00e4nemere Hambakliinik","og_description":"E-pood K\u00f5ige paremad lahendused meie patsientidele n\u00fc\u00fcd ka e-poes! Pakume teile laias valikus toimeainep\u00f5hiseid suuh\u00fcgieenitooteid, nii igap\u00e4evaseks suuhoolduseks kui ka spetsiifiliste suu\u00f5\u00f5ne probleemide korral. E-pood on nii eesti- kui venekeelne! Tutvuge tootevalikuga meie e-poes: E-pood","og_url":"https:\/\/lhk.ee\/en\/the-best-solutions-for-our-patients-now-also-in-the-e-shop\/","og_site_name":"L\u00e4\u00e4nemere Hambakliinik","article_modified_time":"2024-06-28T11:01:50+00:00","og_image":[{"url":"https:\/\/v3.lhk.ee\/en\/wp-content\/uploads\/sites\/43\/2024\/06\/medshop24.jpg","type":"","width":"","height":""}],"twitter_card":"summary_large_image","twitter_misc":{"Estimated reading time":"1 minute"},"schema":{"@context":"https:\/\/schema.org","@graph":[{"@type":"WebPage","@id":"https:\/\/lhk.ee\/en\/the-best-solutions-for-our-patients-now-also-in-the-e-shop\/","url":"https:\/\/lhk.ee\/en\/the-best-solutions-for-our-patients-now-also-in-the-e-shop\/","name":"The best solutions for our patients now also in the e-shop! - L\u00e4\u00e4nemere Hambakliinik","isPartOf":{"@id":"https:\/\/lhk.ee\/en\/#website"},"primaryImageOfPage":{"@id":"https:\/\/lhk.ee\/en\/the-best-solutions-for-our-patients-now-also-in-the-e-shop\/#primaryimage"},"image":{"@id":"https:\/\/lhk.ee\/en\/the-best-solutions-for-our-patients-now-also-in-the-e-shop\/#primaryimage"},"thumbnailUrl":"https:\/\/v3.lhk.ee\/en\/wp-content\/uploads\/sites\/43\/2024\/06\/medshop24.jpg","datePublished":"2024-05-15T14:49:07+00:00","dateModified":"2024-06-28T11:01:50+00:00","breadcrumb":{"@id":"https:\/\/lhk.ee\/en\/the-best-solutions-for-our-patients-now-also-in-the-e-shop\/#breadcrumb"},"inLanguage":"en-GB","potentialAction":[{"@type":"ReadAction","target":["https:\/\/lhk.ee\/en\/the-best-solutions-for-our-patients-now-also-in-the-e-shop\/"]}]},{"@type":"ImageObject","inLanguage":"en-GB","@id":"https:\/\/lhk.ee\/en\/the-best-solutions-for-our-patients-now-also-in-the-e-shop\/#primaryimage","url":"https:\/\/v3.lhk.ee\/en\/wp-content\/uploads\/sites\/43\/2024\/06\/medshop24.jpg","contentUrl":"https:\/\/v3.lhk.ee\/en\/wp-content\/uploads\/sites\/43\/2024\/06\/medshop24.jpg"},{"@type":"BreadcrumbList","@id":"https:\/\/lhk.ee\/en\/the-best-solutions-for-our-patients-now-also-in-the-e-shop\/#breadcrumb","itemListElement":[{"@type":"ListItem","position":1,"name":"Home","item":"https:\/\/lhk.ee\/en\/"},{"@type":"ListItem","position":2,"name":"The best solutions for our patients now also in the e-shop!"}]},{"@type":"WebSite","@id":"https:\/\/lhk.ee\/en\/#website","url":"https:\/\/lhk.ee\/en\/","name":"L\u00e4\u00e4nemere Hambakliinik","description":"","publisher":{"@id":"https:\/\/lhk.ee\/en\/#organization"},"potentialAction":[{"@type":"SearchAction","target":{"@type":"EntryPoint","urlTemplate":"https:\/\/lhk.ee\/en\/?s={search_term_string}"},"query-input":{"@type":"PropertyValueSpecification","valueRequired":true,"valueName":"search_term_string"}}],"inLanguage":"en-GB"},{"@type":"Organization","@id":"https:\/\/lhk.ee\/en\/#organization","name":"L\u00e4\u00e4nemere Hambakliinik","url":"https:\/\/lhk.ee\/en\/","logo":{"@type":"ImageObject","inLanguage":"en-GB","@id":"https:\/\/lhk.ee\/en\/#\/schema\/logo\/image\/","url":"https:\/\/lhk.ee\/en\/wp-content\/uploads\/sites\/43\/2024\/03\/Screenshot-2024-03-07-151436-1.png","contentUrl":"https:\/\/lhk.ee\/en\/wp-content\/uploads\/sites\/43\/2024\/03\/Screenshot-2024-03-07-151436-1.png","width":2964,"height":850,"caption":"L\u00e4\u00e4nemere Hambakliinik"},"image":{"@id":"https:\/\/lhk.ee\/en\/#\/schema\/logo\/image\/"}}]}},"_links":{"self":[{"href":"https:\/\/lhk.ee\/en\/wp-json\/wp\/v2\/pages\/9046","targetHints":{"allow":["GET"]}}],"collection":[{"href":"https:\/\/lhk.ee\/en\/wp-json\/wp\/v2\/pages"}],"about":[{"href":"https:\/\/lhk.ee\/en\/wp-json\/wp\/v2\/types\/page"}],"author":[{"embeddable":true,"href":"https:\/\/lhk.ee\/en\/wp-json\/wp\/v2\/users\/3"}],"replies":[{"embeddable":true,"href":"https:\/\/lhk.ee\/en\/wp-json\/wp\/v2\/comments?post=9046"}],"version-history":[{"count":69,"href":"https:\/\/lhk.ee\/en\/wp-json\/wp\/v2\/pages\/9046\/revisions"}],"predecessor-version":[{"id":14863,"href":"https:\/\/lhk.ee\/en\/wp-json\/wp\/v2\/pages\/9046\/revisions\/14863"}],"wp:attachment":[{"href":"https:\/\/lhk.ee\/en\/wp-json\/wp\/v2\/media?parent=9046"}],"curies":[{"name":"wp","href":"https:\/\/api.w.org\/{rel}","templated":true}]}}