{"id":12382,"date":"2024-06-04T14:09:12","date_gmt":"2024-06-04T12:09:12","guid":{"rendered":"https:\/\/v3.lhk.ee\/fi\/?page_id=12382"},"modified":"2024-07-05T09:54:28","modified_gmt":"2024-07-05T07:54:28","slug":"lhv-hire-purchase","status":"publish","type":"page","link":"https:\/\/lhk.ee\/fi\/lhv-hire-purchase\/","title":{"rendered":"LHV Hire-purchase"},"content":{"rendered":"\t\t<div data-elementor-type=\"wp-page\" data-elementor-id=\"12382\" class=\"elementor elementor-12382\" data-elementor-post-type=\"page\">\n\t\t\t\t<div class=\"elementor-element elementor-element-c0342c6 e-con-full e-flex e-con e-parent\" data-id=\"c0342c6\" data-element_type=\"container\" data-e-type=\"container\">\n\t\t<div class=\"elementor-element elementor-element-b741b4d e-con-full e-flex e-con e-child\" data-id=\"b741b4d\" data-element_type=\"container\" data-e-type=\"container\">\n\t\t<div class=\"elementor-element elementor-element-8cc6fff e-con-full e-flex e-con e-child\" data-id=\"8cc6fff\" data-element_type=\"container\" data-e-type=\"container\">\n\t\t<div class=\"elementor-element elementor-element-e90991a e-con-full e-flex e-con e-child\" data-id=\"e90991a\" data-element_type=\"container\" data-e-type=\"container\">\n\t\t\t\t<div class=\"elementor-element elementor-element-1182d6e elementor-widget__width-initial e-transform e-transform elementor-widget elementor-widget-image\" data-id=\"1182d6e\" data-element_type=\"widget\" data-e-type=\"widget\" data-settings=\"{&quot;_transform_translateX_effect&quot;:{&quot;unit&quot;:&quot;px&quot;,&quot;size&quot;:&quot;&quot;,&quot;sizes&quot;:[]},&quot;_transform_translateX_effect_laptop&quot;:{&quot;unit&quot;:&quot;px&quot;,&quot;size&quot;:&quot;&quot;,&quot;sizes&quot;:[]},&quot;_transform_translateX_effect_tablet&quot;:{&quot;unit&quot;:&quot;px&quot;,&quot;size&quot;:&quot;&quot;,&quot;sizes&quot;:[]},&quot;_transform_translateX_effect_mobile_extra&quot;:{&quot;unit&quot;:&quot;px&quot;,&quot;size&quot;:&quot;&quot;,&quot;sizes&quot;:[]},&quot;_transform_translateX_effect_mobile&quot;:{&quot;unit&quot;:&quot;px&quot;,&quot;size&quot;:&quot;&quot;,&quot;sizes&quot;:[]},&quot;_transform_translateY_effect&quot;:{&quot;unit&quot;:&quot;px&quot;,&quot;size&quot;:&quot;&quot;,&quot;sizes&quot;:[]},&quot;_transform_translateY_effect_laptop&quot;:{&quot;unit&quot;:&quot;px&quot;,&quot;size&quot;:&quot;&quot;,&quot;sizes&quot;:[]},&quot;_transform_translateY_effect_tablet&quot;:{&quot;unit&quot;:&quot;px&quot;,&quot;size&quot;:&quot;&quot;,&quot;sizes&quot;:[]},&quot;_transform_translateY_effect_mobile_extra&quot;:{&quot;unit&quot;:&quot;px&quot;,&quot;size&quot;:&quot;&quot;,&quot;sizes&quot;:[]},&quot;_transform_translateY_effect_mobile&quot;:{&quot;unit&quot;:&quot;px&quot;,&quot;size&quot;:&quot;&quot;,&quot;sizes&quot;:[]},&quot;_transform_skewX_effect&quot;:{&quot;unit&quot;:&quot;px&quot;,&quot;size&quot;:&quot;&quot;,&quot;sizes&quot;:[]},&quot;_transform_skewX_effect_laptop&quot;:{&quot;unit&quot;:&quot;deg&quot;,&quot;size&quot;:&quot;&quot;,&quot;sizes&quot;:[]},&quot;_transform_skewX_effect_tablet&quot;:{&quot;unit&quot;:&quot;deg&quot;,&quot;size&quot;:&quot;&quot;,&quot;sizes&quot;:[]},&quot;_transform_skewX_effect_mobile_extra&quot;:{&quot;unit&quot;:&quot;deg&quot;,&quot;size&quot;:&quot;&quot;,&quot;sizes&quot;:[]},&quot;_transform_skewX_effect_mobile&quot;:{&quot;unit&quot;:&quot;deg&quot;,&quot;size&quot;:&quot;&quot;,&quot;sizes&quot;:[]},&quot;_transform_skewY_effect&quot;:{&quot;unit&quot;:&quot;px&quot;,&quot;size&quot;:&quot;&quot;,&quot;sizes&quot;:[]},&quot;_transform_skewY_effect_laptop&quot;:{&quot;unit&quot;:&quot;deg&quot;,&quot;size&quot;:&quot;&quot;,&quot;sizes&quot;:[]},&quot;_transform_skewY_effect_tablet&quot;:{&quot;unit&quot;:&quot;deg&quot;,&quot;size&quot;:&quot;&quot;,&quot;sizes&quot;:[]},&quot;_transform_skewY_effect_mobile_extra&quot;:{&quot;unit&quot;:&quot;deg&quot;,&quot;size&quot;:&quot;&quot;,&quot;sizes&quot;:[]},&quot;_transform_skewY_effect_mobile&quot;:{&quot;unit&quot;:&quot;deg&quot;,&quot;size&quot;:&quot;&quot;,&quot;sizes&quot;:[]}}\" data-widget_type=\"image.default\">\n\t\t\t\t<div class=\"elementor-widget-container\">\n\t\t\t\t\t\t\t\t\t\t\t\t\t\t\t<img fetchpriority=\"high\" decoding=\"async\" width=\"281\" height=\"216\" src=\"https:\/\/lhk.ee\/fi\/wp-content\/uploads\/sites\/45\/2024\/07\/lhv-1-en.png\" class=\"attachment-full size-full wp-image-15245\" alt=\"\" srcset=\"https:\/\/lhk.ee\/fi\/wp-content\/uploads\/sites\/45\/2024\/07\/lhv-1-en.png 281w, https:\/\/lhk.ee\/fi\/wp-content\/uploads\/sites\/45\/2024\/07\/lhv-1-en-24x18.png 24w, https:\/\/lhk.ee\/fi\/wp-content\/uploads\/sites\/45\/2024\/07\/lhv-1-en-36x28.png 36w, https:\/\/lhk.ee\/fi\/wp-content\/uploads\/sites\/45\/2024\/07\/lhv-1-en-48x37.png 48w\" sizes=\"(max-width: 281px) 100vw, 281px\" \/>\t\t\t\t\t\t\t\t\t\t\t\t\t\t\t<\/div>\n\t\t\t\t<\/div>\n\t\t\t\t<\/div>\n\t\t<div class=\"elementor-element elementor-element-1cc8afc e-con-full e-flex e-con e-child\" data-id=\"1cc8afc\" data-element_type=\"container\" data-e-type=\"container\">\n\t\t\t\t<div class=\"elementor-element elementor-element-2308545 elementor-widget__width-initial elementor-widget-mobile_extra__width-auto elementor-widget-mobile__width-inherit elementor-widget elementor-widget-heading\" data-id=\"2308545\" data-element_type=\"widget\" data-e-type=\"widget\" data-widget_type=\"heading.default\">\n\t\t\t\t<div class=\"elementor-widget-container\">\n\t\t\t\t\t<h1 class=\"elementor-heading-title elementor-size-default\">LHV Hire-purchase<\/h1>\t\t\t\t<\/div>\n\t\t\t\t<\/div>\n\t\t\t\t<div class=\"elementor-element elementor-element-5f0f0ec elementor-widget elementor-widget-button\" data-id=\"5f0f0ec\" data-element_type=\"widget\" data-e-type=\"widget\" data-widget_type=\"button.default\">\n\t\t\t\t<div class=\"elementor-widget-container\">\n\t\t\t\t\t\t\t\t\t<div class=\"elementor-button-wrapper\">\n\t\t\t\t\t<a class=\"elementor-button elementor-button-link elementor-size-sm\" href=\"https:\/\/www.lhv.ee\/et\/jarelmaks\/taotlus?deor=EE-12680000\">\n\t\t\t\t\t\t<span class=\"elementor-button-content-wrapper\">\n\t\t\t\t\t\t\t\t\t<span class=\"elementor-button-text\">Apply for hire-purchase<\/span>\n\t\t\t\t\t<\/span>\n\t\t\t\t\t<\/a>\n\t\t\t\t<\/div>\n\t\t\t\t\t\t\t\t<\/div>\n\t\t\t\t<\/div>\n\t\t\t\t<\/div>\n\t\t\t\t<\/div>\n\t\t<div class=\"elementor-element elementor-element-4837a66 e-con-full e-flex e-con e-child\" data-id=\"4837a66\" data-element_type=\"container\" data-e-type=\"container\">\n\t\t\t\t<div class=\"elementor-element elementor-element-253a5ea elementor-widget__width-inherit elementor-widget elementor-widget-image\" data-id=\"253a5ea\" data-element_type=\"widget\" data-e-type=\"widget\" data-widget_type=\"image.default\">\n\t\t\t\t<div class=\"elementor-widget-container\">\n\t\t\t\t\t\t\t\t\t\t\t\t\t\t\t<img decoding=\"async\" width=\"1440\" height=\"500\" src=\"https:\/\/lhk.ee\/fi\/wp-content\/uploads\/sites\/45\/2024\/07\/JM_partneritele_1440x500_banner_ENG.png\" class=\"attachment-full size-full wp-image-15246\" alt=\"\" srcset=\"https:\/\/lhk.ee\/fi\/wp-content\/uploads\/sites\/45\/2024\/07\/JM_partneritele_1440x500_banner_ENG.png 1440w, https:\/\/lhk.ee\/fi\/wp-content\/uploads\/sites\/45\/2024\/07\/JM_partneritele_1440x500_banner_ENG-300x104.png 300w, https:\/\/lhk.ee\/fi\/wp-content\/uploads\/sites\/45\/2024\/07\/JM_partneritele_1440x500_banner_ENG-1024x356.png 1024w, https:\/\/lhk.ee\/fi\/wp-content\/uploads\/sites\/45\/2024\/07\/JM_partneritele_1440x500_banner_ENG-768x267.png 768w, https:\/\/lhk.ee\/fi\/wp-content\/uploads\/sites\/45\/2024\/07\/JM_partneritele_1440x500_banner_ENG-24x8.png 24w, https:\/\/lhk.ee\/fi\/wp-content\/uploads\/sites\/45\/2024\/07\/JM_partneritele_1440x500_banner_ENG-36x13.png 36w, https:\/\/lhk.ee\/fi\/wp-content\/uploads\/sites\/45\/2024\/07\/JM_partneritele_1440x500_banner_ENG-48x17.png 48w\" sizes=\"(max-width: 1440px) 100vw, 1440px\" \/>\t\t\t\t\t\t\t\t\t\t\t\t\t\t\t<\/div>\n\t\t\t\t<\/div>\n\t\t\t\t<div class=\"elementor-element elementor-element-3839765 elementor-widget__width-inherit elementor-widget elementor-widget-heading\" data-id=\"3839765\" data-element_type=\"widget\" data-e-type=\"widget\" data-widget_type=\"heading.default\">\n\t\t\t\t<div class=\"elementor-widget-container\">\n\t\t\t\t\t<h3 class=\"elementor-heading-title elementor-size-default\">LHV hire-purchase makes it possible to pay for goods\/services in instalments.<\/h3>\t\t\t\t<\/div>\n\t\t\t\t<\/div>\n\t\t\t\t<div class=\"elementor-element elementor-element-a97b916 elementor-widget elementor-widget-text-editor\" data-id=\"a97b916\" data-element_type=\"widget\" data-e-type=\"widget\" data-widget_type=\"text-editor.default\">\n\t\t\t\t<div class=\"elementor-widget-container\">\n\t\t\t\t\t\t\t\t\t<ul><li>We will respond to your application within a few minutes.<\/li><li>Deposit starting from EUR 0.<\/li><li>Free early repayment.<\/li><li>No monthly administrative fees.<\/li><\/ul>\t\t\t\t\t\t\t\t<\/div>\n\t\t\t\t<\/div>\n\t\t\t\t<div class=\"elementor-element elementor-element-c15a881 elementor-widget__width-inherit elementor-widget elementor-widget-image\" data-id=\"c15a881\" data-element_type=\"widget\" data-e-type=\"widget\" data-widget_type=\"image.default\">\n\t\t\t\t<div class=\"elementor-widget-container\">\n\t\t\t\t\t\t\t\t\t\t\t\t\t\t\t<img decoding=\"async\" width=\"1440\" height=\"415\" src=\"https:\/\/lhk.ee\/fi\/wp-content\/uploads\/sites\/45\/2024\/07\/JM_partneritele_sammud_kauplus_ENG.png\" class=\"attachment-full size-full wp-image-15247\" alt=\"\" srcset=\"https:\/\/lhk.ee\/fi\/wp-content\/uploads\/sites\/45\/2024\/07\/JM_partneritele_sammud_kauplus_ENG.png 1440w, https:\/\/lhk.ee\/fi\/wp-content\/uploads\/sites\/45\/2024\/07\/JM_partneritele_sammud_kauplus_ENG-300x86.png 300w, https:\/\/lhk.ee\/fi\/wp-content\/uploads\/sites\/45\/2024\/07\/JM_partneritele_sammud_kauplus_ENG-1024x295.png 1024w, https:\/\/lhk.ee\/fi\/wp-content\/uploads\/sites\/45\/2024\/07\/JM_partneritele_sammud_kauplus_ENG-768x221.png 768w, https:\/\/lhk.ee\/fi\/wp-content\/uploads\/sites\/45\/2024\/07\/JM_partneritele_sammud_kauplus_ENG-24x7.png 24w, https:\/\/lhk.ee\/fi\/wp-content\/uploads\/sites\/45\/2024\/07\/JM_partneritele_sammud_kauplus_ENG-36x10.png 36w, https:\/\/lhk.ee\/fi\/wp-content\/uploads\/sites\/45\/2024\/07\/JM_partneritele_sammud_kauplus_ENG-48x14.png 48w\" sizes=\"(max-width: 1440px) 100vw, 1440px\" \/>\t\t\t\t\t\t\t\t\t\t\t\t\t\t\t<\/div>\n\t\t\t\t<\/div>\n\t\t\t\t<\/div>\n\t\t<div class=\"elementor-element elementor-element-01fbc2e e-con-full elementor-hidden-desktop elementor-hidden-laptop elementor-hidden-tablet elementor-hidden-mobile_extra elementor-hidden-mobile e-flex e-con e-child\" data-id=\"01fbc2e\" data-element_type=\"container\" data-e-type=\"container\">\n\t\t\t\t<div class=\"elementor-element elementor-element-edb9097 elementor-widget elementor-widget-html\" data-id=\"edb9097\" data-element_type=\"widget\" data-e-type=\"widget\" id=\"lhk-credit-calc\" data-widget_type=\"html.default\">\n\t\t\t\t<div class=\"elementor-widget-container\">\n\t\t\t\t\t<iframe src=\"https:\/\/partners.lhv.ee\/et\/widget\/hire-purchase\/horizontal\/?code=EE-12680000&price=&interest=9.9&info_url=&price_based_interest=true\" id=\"lhv-credit-calc\"><\/iframe>\t\t\t\t<\/div>\n\t\t\t\t<\/div>\n\t\t\t\t<\/div>\n\t\t<div class=\"elementor-element elementor-element-9927419 e-con-full e-flex e-con e-child\" data-id=\"9927419\" data-element_type=\"container\" data-e-type=\"container\">\n\t\t\t\t<div class=\"elementor-element elementor-element-6a1c3af elementor-widget__width-inherit elementor-widget elementor-widget-heading\" data-id=\"6a1c3af\" data-element_type=\"widget\" data-e-type=\"widget\" data-widget_type=\"heading.default\">\n\t\t\t\t<div class=\"elementor-widget-container\">\n\t\t\t\t\t<h3 class=\"elementor-heading-title elementor-size-default\">Terms and Conditions of hire-purchase<\/h3>\t\t\t\t<\/div>\n\t\t\t\t<\/div>\n\t\t\t\t<div class=\"elementor-element elementor-element-24ed6ef elementor-widget__width-inherit elementor-widget elementor-widget-text-editor\" data-id=\"24ed6ef\" data-element_type=\"widget\" data-e-type=\"widget\" data-widget_type=\"text-editor.default\">\n\t\t\t\t<div class=\"elementor-widget-container\">\n\t\t\t\t\t\t\t\t\t<ul><li>Interest is 9.9%.<\/li><li>Contract fee starting from EUR 9.90.<\/li><li>Length of the agreement starting from 3 months.<\/li><li>The decision granting hire-purchase is valid for 90 days.<\/li><\/ul>\t\t\t\t\t\t\t\t<\/div>\n\t\t\t\t<\/div>\n\t\t\t\t<div class=\"elementor-element elementor-element-59c7cf3 elementor-widget elementor-widget-text-editor\" data-id=\"59c7cf3\" data-element_type=\"widget\" data-e-type=\"widget\" data-widget_type=\"text-editor.default\">\n\t\t\t\t<div class=\"elementor-widget-container\">\n\t\t\t\t\t\t\t\t\t<p>\u00a0<\/p><p><b>Lisateave<\/b><br \/><a href=\"https:\/\/www.lhv.ee\/jarelmaks\" target=\"_blank\" rel=\"noopener\">Lhv.ee\/jarelmaks<\/a><br \/><a href=\"tel:+3726802700\">6 802 700<\/a><\/p>\t\t\t\t\t\t\t\t<\/div>\n\t\t\t\t<\/div>\n\t\t\t\t<div class=\"elementor-element elementor-element-5d96c96 elementor-widget-divider--view-line elementor-widget elementor-widget-divider\" data-id=\"5d96c96\" data-element_type=\"widget\" data-e-type=\"widget\" data-widget_type=\"divider.default\">\n\t\t\t\t<div class=\"elementor-widget-container\">\n\t\t\t\t\t\t\t<div class=\"elementor-divider\">\n\t\t\t<span class=\"elementor-divider-separator\">\n\t\t\t\t\t\t<\/span>\n\t\t<\/div>\n\t\t\t\t\t\t<\/div>\n\t\t\t\t<\/div>\n\t\t\t\t<div class=\"elementor-element elementor-element-a46bda1 elementor-widget elementor-widget-text-editor\" data-id=\"a46bda1\" data-element_type=\"widget\" data-e-type=\"widget\" data-widget_type=\"text-editor.default\">\n\t\t\t\t<div class=\"elementor-widget-container\">\n\t\t\t\t\t\t\t\t\t<p><strong>J\u00e4relmaksu pakub AS LHV Finance. Tutvu tingimustega m\u00fc\u00fcgikohas v\u00f5i lhv.ee\/jarelmaks ja k\u00fcsi n\u00f5u meie asjatundjalt.<\/strong><br \/>Igakuise osamakse suurus on 26,90 \u20ac ja krediidi kulukuse m\u00e4\u00e4r on 24,67% aastas j\u00e4rgmistel n\u00e4idistingimustel: kauba\/teenuse maksumus 500 \u20ac, sissemakse 0%, krediidisumma 500 \u20ac, intress 9,90% v\u00e4ljastatud krediidisummalt aastas (fikseeritud), lepingutasu 19,90 \u20ac, j\u00e4relmaksu periood 23 kuud, tasumine igakuiste annuiteetmaksetena, maksete kogusumma 618,57 \u20ac ja tagasimaksete summa 618,57 \u20ac.<\/p>\t\t\t\t\t\t\t\t<\/div>\n\t\t\t\t<\/div>\n\t\t\t\t<\/div>\n\t\t\t\t<\/div>\n\t\t\t\t<\/div>\n\t\t\t\t<\/div>\n\t\t","protected":false},"excerpt":{"rendered":"<p>LHV Hire-purchase Apply for hire-purchase LHV hire-purchase makes it possible to pay for goods\/services in instalments. We will respond to your application within a few minutes. Deposit starting from EUR 0. Free early repayment. No monthly administrative fees. Terms and Conditions of hire-purchase Interest is 9.9%. Contract fee starting from EUR 9.90. Length of the [&hellip;]<\/p>\n","protected":false},"author":3,"featured_media":0,"parent":0,"menu_order":0,"comment_status":"closed","ping_status":"closed","template":"template-page-builder.php","meta":{"footnotes":""},"class_list":["post-12382","page","type-page","status-publish","hentry","entry"],"yoast_head":"<!-- This site is optimized with the Yoast SEO plugin v27.5 - https:\/\/yoast.com\/product\/yoast-seo-wordpress\/ -->\n<title>LHV Hire-purchase - L\u00e4\u00e4nemere Hambakliinik<\/title>\n<meta name=\"robots\" content=\"index, follow, max-snippet:-1, max-image-preview:large, max-video-preview:-1\" \/>\n<link rel=\"canonical\" href=\"https:\/\/lhk.ee\/fi\/lhv-hire-purchase\/\" \/>\n<meta property=\"og:locale\" content=\"fi_FI\" \/>\n<meta property=\"og:type\" content=\"article\" \/>\n<meta property=\"og:title\" content=\"LHV Hire-purchase - L\u00e4\u00e4nemere Hambakliinik\" \/>\n<meta property=\"og:description\" content=\"LHV Hire-purchase Apply for hire-purchase LHV hire-purchase makes it possible to pay for goods\/services in instalments. We will respond to your application within a few minutes. Deposit starting from EUR 0. Free early repayment. No monthly administrative fees. Terms and Conditions of hire-purchase Interest is 9.9%. Contract fee starting from EUR 9.90. Length of the [&hellip;]\" \/>\n<meta property=\"og:url\" content=\"https:\/\/lhk.ee\/fi\/lhv-hire-purchase\/\" \/>\n<meta property=\"og:site_name\" content=\"L\u00e4\u00e4nemere Hambakliinik\" \/>\n<meta property=\"article:modified_time\" content=\"2024-07-05T07:54:28+00:00\" \/>\n<meta property=\"og:image\" content=\"https:\/\/v3.lhk.ee\/fi\/wp-content\/uploads\/sites\/45\/2024\/07\/lhv-1-en.png\" \/>\n<meta name=\"twitter:card\" content=\"summary_large_image\" \/>\n<meta name=\"twitter:label1\" content=\"Arvioitu lukuaika\" \/>\n\t<meta name=\"twitter:data1\" content=\"2 minuuttia\" \/>\n<script type=\"application\/ld+json\" class=\"yoast-schema-graph\">{\"@context\":\"https:\\\/\\\/schema.org\",\"@graph\":[{\"@type\":\"WebPage\",\"@id\":\"https:\\\/\\\/lhk.ee\\\/fi\\\/lhv-hire-purchase\\\/\",\"url\":\"https:\\\/\\\/lhk.ee\\\/fi\\\/lhv-hire-purchase\\\/\",\"name\":\"LHV Hire-purchase - L\u00e4\u00e4nemere Hambakliinik\",\"isPartOf\":{\"@id\":\"https:\\\/\\\/lhk.ee\\\/fi\\\/#website\"},\"primaryImageOfPage\":{\"@id\":\"https:\\\/\\\/lhk.ee\\\/fi\\\/lhv-hire-purchase\\\/#primaryimage\"},\"image\":{\"@id\":\"https:\\\/\\\/lhk.ee\\\/fi\\\/lhv-hire-purchase\\\/#primaryimage\"},\"thumbnailUrl\":\"https:\\\/\\\/v3.lhk.ee\\\/fi\\\/wp-content\\\/uploads\\\/sites\\\/45\\\/2024\\\/07\\\/lhv-1-en.png\",\"datePublished\":\"2024-06-04T12:09:12+00:00\",\"dateModified\":\"2024-07-05T07:54:28+00:00\",\"breadcrumb\":{\"@id\":\"https:\\\/\\\/lhk.ee\\\/fi\\\/lhv-hire-purchase\\\/#breadcrumb\"},\"inLanguage\":\"fi\",\"potentialAction\":[{\"@type\":\"ReadAction\",\"target\":[\"https:\\\/\\\/lhk.ee\\\/fi\\\/lhv-hire-purchase\\\/\"]}]},{\"@type\":\"ImageObject\",\"inLanguage\":\"fi\",\"@id\":\"https:\\\/\\\/lhk.ee\\\/fi\\\/lhv-hire-purchase\\\/#primaryimage\",\"url\":\"https:\\\/\\\/v3.lhk.ee\\\/fi\\\/wp-content\\\/uploads\\\/sites\\\/45\\\/2024\\\/07\\\/lhv-1-en.png\",\"contentUrl\":\"https:\\\/\\\/v3.lhk.ee\\\/fi\\\/wp-content\\\/uploads\\\/sites\\\/45\\\/2024\\\/07\\\/lhv-1-en.png\"},{\"@type\":\"BreadcrumbList\",\"@id\":\"https:\\\/\\\/lhk.ee\\\/fi\\\/lhv-hire-purchase\\\/#breadcrumb\",\"itemListElement\":[{\"@type\":\"ListItem\",\"position\":1,\"name\":\"Home\",\"item\":\"https:\\\/\\\/lhk.ee\\\/fi\\\/\"},{\"@type\":\"ListItem\",\"position\":2,\"name\":\"LHV Hire-purchase\"}]},{\"@type\":\"WebSite\",\"@id\":\"https:\\\/\\\/lhk.ee\\\/fi\\\/#website\",\"url\":\"https:\\\/\\\/lhk.ee\\\/fi\\\/\",\"name\":\"L\u00e4\u00e4nemere Hambakliinik\",\"description\":\"\",\"publisher\":{\"@id\":\"https:\\\/\\\/lhk.ee\\\/fi\\\/#organization\"},\"potentialAction\":[{\"@type\":\"SearchAction\",\"target\":{\"@type\":\"EntryPoint\",\"urlTemplate\":\"https:\\\/\\\/lhk.ee\\\/fi\\\/?s={search_term_string}\"},\"query-input\":{\"@type\":\"PropertyValueSpecification\",\"valueRequired\":true,\"valueName\":\"search_term_string\"}}],\"inLanguage\":\"fi\"},{\"@type\":\"Organization\",\"@id\":\"https:\\\/\\\/lhk.ee\\\/fi\\\/#organization\",\"name\":\"L\u00e4\u00e4nemere Hambakliinik\",\"url\":\"https:\\\/\\\/lhk.ee\\\/fi\\\/\",\"logo\":{\"@type\":\"ImageObject\",\"inLanguage\":\"fi\",\"@id\":\"https:\\\/\\\/lhk.ee\\\/fi\\\/#\\\/schema\\\/logo\\\/image\\\/\",\"url\":\"https:\\\/\\\/lhk.ee\\\/fi\\\/wp-content\\\/uploads\\\/sites\\\/45\\\/2024\\\/03\\\/Screenshot-2024-03-07-151436-1.png\",\"contentUrl\":\"https:\\\/\\\/lhk.ee\\\/fi\\\/wp-content\\\/uploads\\\/sites\\\/45\\\/2024\\\/03\\\/Screenshot-2024-03-07-151436-1.png\",\"width\":2964,\"height\":850,\"caption\":\"L\u00e4\u00e4nemere Hambakliinik\"},\"image\":{\"@id\":\"https:\\\/\\\/lhk.ee\\\/fi\\\/#\\\/schema\\\/logo\\\/image\\\/\"}}]}<\/script>\n<!-- \/ Yoast SEO plugin. -->","yoast_head_json":{"title":"LHV Hire-purchase - L\u00e4\u00e4nemere Hambakliinik","robots":{"index":"index","follow":"follow","max-snippet":"max-snippet:-1","max-image-preview":"max-image-preview:large","max-video-preview":"max-video-preview:-1"},"canonical":"https:\/\/lhk.ee\/fi\/lhv-hire-purchase\/","og_locale":"fi_FI","og_type":"article","og_title":"LHV Hire-purchase - L\u00e4\u00e4nemere Hambakliinik","og_description":"LHV Hire-purchase Apply for hire-purchase LHV hire-purchase makes it possible to pay for goods\/services in instalments. We will respond to your application within a few minutes. Deposit starting from EUR 0. Free early repayment. No monthly administrative fees. Terms and Conditions of hire-purchase Interest is 9.9%. Contract fee starting from EUR 9.90. Length of the [&hellip;]","og_url":"https:\/\/lhk.ee\/fi\/lhv-hire-purchase\/","og_site_name":"L\u00e4\u00e4nemere Hambakliinik","article_modified_time":"2024-07-05T07:54:28+00:00","og_image":[{"url":"https:\/\/v3.lhk.ee\/fi\/wp-content\/uploads\/sites\/45\/2024\/07\/lhv-1-en.png","type":"","width":"","height":""}],"twitter_card":"summary_large_image","twitter_misc":{"Arvioitu lukuaika":"2 minuuttia"},"schema":{"@context":"https:\/\/schema.org","@graph":[{"@type":"WebPage","@id":"https:\/\/lhk.ee\/fi\/lhv-hire-purchase\/","url":"https:\/\/lhk.ee\/fi\/lhv-hire-purchase\/","name":"LHV Hire-purchase - L\u00e4\u00e4nemere Hambakliinik","isPartOf":{"@id":"https:\/\/lhk.ee\/fi\/#website"},"primaryImageOfPage":{"@id":"https:\/\/lhk.ee\/fi\/lhv-hire-purchase\/#primaryimage"},"image":{"@id":"https:\/\/lhk.ee\/fi\/lhv-hire-purchase\/#primaryimage"},"thumbnailUrl":"https:\/\/v3.lhk.ee\/fi\/wp-content\/uploads\/sites\/45\/2024\/07\/lhv-1-en.png","datePublished":"2024-06-04T12:09:12+00:00","dateModified":"2024-07-05T07:54:28+00:00","breadcrumb":{"@id":"https:\/\/lhk.ee\/fi\/lhv-hire-purchase\/#breadcrumb"},"inLanguage":"fi","potentialAction":[{"@type":"ReadAction","target":["https:\/\/lhk.ee\/fi\/lhv-hire-purchase\/"]}]},{"@type":"ImageObject","inLanguage":"fi","@id":"https:\/\/lhk.ee\/fi\/lhv-hire-purchase\/#primaryimage","url":"https:\/\/v3.lhk.ee\/fi\/wp-content\/uploads\/sites\/45\/2024\/07\/lhv-1-en.png","contentUrl":"https:\/\/v3.lhk.ee\/fi\/wp-content\/uploads\/sites\/45\/2024\/07\/lhv-1-en.png"},{"@type":"BreadcrumbList","@id":"https:\/\/lhk.ee\/fi\/lhv-hire-purchase\/#breadcrumb","itemListElement":[{"@type":"ListItem","position":1,"name":"Home","item":"https:\/\/lhk.ee\/fi\/"},{"@type":"ListItem","position":2,"name":"LHV Hire-purchase"}]},{"@type":"WebSite","@id":"https:\/\/lhk.ee\/fi\/#website","url":"https:\/\/lhk.ee\/fi\/","name":"L\u00e4\u00e4nemere Hambakliinik","description":"","publisher":{"@id":"https:\/\/lhk.ee\/fi\/#organization"},"potentialAction":[{"@type":"SearchAction","target":{"@type":"EntryPoint","urlTemplate":"https:\/\/lhk.ee\/fi\/?s={search_term_string}"},"query-input":{"@type":"PropertyValueSpecification","valueRequired":true,"valueName":"search_term_string"}}],"inLanguage":"fi"},{"@type":"Organization","@id":"https:\/\/lhk.ee\/fi\/#organization","name":"L\u00e4\u00e4nemere Hambakliinik","url":"https:\/\/lhk.ee\/fi\/","logo":{"@type":"ImageObject","inLanguage":"fi","@id":"https:\/\/lhk.ee\/fi\/#\/schema\/logo\/image\/","url":"https:\/\/lhk.ee\/fi\/wp-content\/uploads\/sites\/45\/2024\/03\/Screenshot-2024-03-07-151436-1.png","contentUrl":"https:\/\/lhk.ee\/fi\/wp-content\/uploads\/sites\/45\/2024\/03\/Screenshot-2024-03-07-151436-1.png","width":2964,"height":850,"caption":"L\u00e4\u00e4nemere Hambakliinik"},"image":{"@id":"https:\/\/lhk.ee\/fi\/#\/schema\/logo\/image\/"}}]}},"_links":{"self":[{"href":"https:\/\/lhk.ee\/fi\/wp-json\/wp\/v2\/pages\/12382","targetHints":{"allow":["GET"]}}],"collection":[{"href":"https:\/\/lhk.ee\/fi\/wp-json\/wp\/v2\/pages"}],"about":[{"href":"https:\/\/lhk.ee\/fi\/wp-json\/wp\/v2\/types\/page"}],"author":[{"embeddable":true,"href":"https:\/\/lhk.ee\/fi\/wp-json\/wp\/v2\/users\/3"}],"replies":[{"embeddable":true,"href":"https:\/\/lhk.ee\/fi\/wp-json\/wp\/v2\/comments?post=12382"}],"version-history":[{"count":218,"href":"https:\/\/lhk.ee\/fi\/wp-json\/wp\/v2\/pages\/12382\/revisions"}],"predecessor-version":[{"id":15253,"href":"https:\/\/lhk.ee\/fi\/wp-json\/wp\/v2\/pages\/12382\/revisions\/15253"}],"wp:attachment":[{"href":"https:\/\/lhk.ee\/fi\/wp-json\/wp\/v2\/media?parent=12382"}],"curies":[{"name":"wp","href":"https:\/\/api.w.org\/{rel}","templated":true}]}}