{"id":2819,"date":"2024-03-25T06:43:24","date_gmt":"2024-03-25T04:43:24","guid":{"rendered":"https:\/\/v3.lhk.ee\/fi\/?page_id=2819"},"modified":"2024-08-13T12:46:31","modified_gmt":"2024-08-13T10:46:31","slug":"credit","status":"publish","type":"page","link":"https:\/\/lhk.ee\/fi\/credit\/","title":{"rendered":"Credit page"},"content":{"rendered":"\t\t<div data-elementor-type=\"wp-page\" data-elementor-id=\"2819\" class=\"elementor elementor-2819\" data-elementor-post-type=\"page\">\n\t\t\t\t<div class=\"elementor-element elementor-element-99b9c6f e-flex e-con-boxed e-con e-parent\" data-id=\"99b9c6f\" data-element_type=\"container\" data-e-type=\"container\">\n\t\t\t\t\t<div class=\"e-con-inner\">\n\t\t\t\t<div class=\"elementor-element elementor-element-13af88a elementor-widget elementor-widget-heading\" data-id=\"13af88a\" data-element_type=\"widget\" data-e-type=\"widget\" data-widget_type=\"heading.default\">\n\t\t\t\t<div class=\"elementor-widget-container\">\n\t\t\t\t\t<h1 class=\"elementor-heading-title elementor-size-default\">Osamaksu<\/h1>\t\t\t\t<\/div>\n\t\t\t\t<\/div>\n\t\t\t\t<div class=\"elementor-element elementor-element-2572de7 elementor-widget elementor-widget-text-editor\" data-id=\"2572de7\" data-element_type=\"widget\" data-e-type=\"widget\" data-widget_type=\"text-editor.default\">\n\t\t\t\t<div class=\"elementor-widget-container\">\n\t\t\t\t\t\t\t\t\t<p>Saadaksesi lis\u00e4tietoja teille sopivalla kielell\u00e4 luoton mahdollisuudesta, ottakaa suoraan yhteytt\u00e4 listalta valitsemaanne yritykseen.<\/p>\t\t\t\t\t\t\t\t<\/div>\n\t\t\t\t<\/div>\n\t\t<div class=\"elementor-element elementor-element-991c0db e-con-full e-flex e-con e-child\" data-id=\"991c0db\" data-element_type=\"container\" data-e-type=\"container\">\n\t\t<div class=\"elementor-element elementor-element-3d1997c e-con-full e-transform e-flex e-con e-child\" data-id=\"3d1997c\" data-element_type=\"container\" data-e-type=\"container\" data-settings=\"{&quot;_transform_scale_effect_hover&quot;:{&quot;unit&quot;:&quot;px&quot;,&quot;size&quot;:1.1,&quot;sizes&quot;:[]},&quot;_transform_scale_effect_hover_laptop&quot;:{&quot;unit&quot;:&quot;px&quot;,&quot;size&quot;:&quot;&quot;,&quot;sizes&quot;:[]},&quot;_transform_scale_effect_hover_tablet&quot;:{&quot;unit&quot;:&quot;px&quot;,&quot;size&quot;:&quot;&quot;,&quot;sizes&quot;:[]},&quot;_transform_scale_effect_hover_mobile_extra&quot;:{&quot;unit&quot;:&quot;px&quot;,&quot;size&quot;:&quot;&quot;,&quot;sizes&quot;:[]},&quot;_transform_scale_effect_hover_mobile&quot;:{&quot;unit&quot;:&quot;px&quot;,&quot;size&quot;:&quot;&quot;,&quot;sizes&quot;:[]}}\">\n\t\t\t\t<div class=\"elementor-element elementor-element-cbee340 elementor-widget__width-initial e-transform elementor-widget elementor-widget-image\" data-id=\"cbee340\" data-element_type=\"widget\" data-e-type=\"widget\" data-settings=\"{&quot;_transform_translateY_effect_mobile&quot;:{&quot;unit&quot;:&quot;px&quot;,&quot;size&quot;:26,&quot;sizes&quot;:[]},&quot;_transform_translateX_effect&quot;:{&quot;unit&quot;:&quot;px&quot;,&quot;size&quot;:&quot;&quot;,&quot;sizes&quot;:[]},&quot;_transform_translateX_effect_laptop&quot;:{&quot;unit&quot;:&quot;px&quot;,&quot;size&quot;:&quot;&quot;,&quot;sizes&quot;:[]},&quot;_transform_translateX_effect_tablet&quot;:{&quot;unit&quot;:&quot;px&quot;,&quot;size&quot;:&quot;&quot;,&quot;sizes&quot;:[]},&quot;_transform_translateX_effect_mobile_extra&quot;:{&quot;unit&quot;:&quot;px&quot;,&quot;size&quot;:&quot;&quot;,&quot;sizes&quot;:[]},&quot;_transform_translateX_effect_mobile&quot;:{&quot;unit&quot;:&quot;px&quot;,&quot;size&quot;:&quot;&quot;,&quot;sizes&quot;:[]},&quot;_transform_translateY_effect&quot;:{&quot;unit&quot;:&quot;px&quot;,&quot;size&quot;:&quot;&quot;,&quot;sizes&quot;:[]},&quot;_transform_translateY_effect_laptop&quot;:{&quot;unit&quot;:&quot;px&quot;,&quot;size&quot;:&quot;&quot;,&quot;sizes&quot;:[]},&quot;_transform_translateY_effect_tablet&quot;:{&quot;unit&quot;:&quot;px&quot;,&quot;size&quot;:&quot;&quot;,&quot;sizes&quot;:[]},&quot;_transform_translateY_effect_mobile_extra&quot;:{&quot;unit&quot;:&quot;px&quot;,&quot;size&quot;:&quot;&quot;,&quot;sizes&quot;:[]}}\" data-widget_type=\"image.default\">\n\t\t\t\t<div class=\"elementor-widget-container\">\n\t\t\t\t\t\t\t\t\t\t\t\t\t\t\t\t<a href=\"\/placet-jarelmaks\">\n\t\t\t\t\t\t\t<img fetchpriority=\"high\" decoding=\"async\" width=\"456\" height=\"456\" src=\"https:\/\/lhk.ee\/fi\/wp-content\/uploads\/sites\/45\/2024\/06\/placcet.png\" class=\"attachment-full size-full wp-image-12148\" alt=\"\" srcset=\"https:\/\/lhk.ee\/fi\/wp-content\/uploads\/sites\/45\/2024\/06\/placcet.png 456w, https:\/\/lhk.ee\/fi\/wp-content\/uploads\/sites\/45\/2024\/06\/placcet-300x300.png 300w, https:\/\/lhk.ee\/fi\/wp-content\/uploads\/sites\/45\/2024\/06\/placcet-150x150.png 150w, https:\/\/lhk.ee\/fi\/wp-content\/uploads\/sites\/45\/2024\/06\/placcet-24x24.png 24w, https:\/\/lhk.ee\/fi\/wp-content\/uploads\/sites\/45\/2024\/06\/placcet-36x36.png 36w, https:\/\/lhk.ee\/fi\/wp-content\/uploads\/sites\/45\/2024\/06\/placcet-48x48.png 48w\" sizes=\"(max-width: 456px) 100vw, 456px\" \/>\t\t\t\t\t\t\t\t<\/a>\n\t\t\t\t\t\t\t\t\t\t\t\t\t\t\t<\/div>\n\t\t\t\t<\/div>\n\t\t\t\t<div class=\"elementor-element elementor-element-ef15be4 elementor-tablet-align-left elementor-mobile_extra-align-left elementor-mobile-align-center elementor-widget elementor-widget-button\" data-id=\"ef15be4\" data-element_type=\"widget\" data-e-type=\"widget\" data-widget_type=\"button.default\">\n\t\t\t\t<div class=\"elementor-widget-container\">\n\t\t\t\t\t\t\t\t\t<div class=\"elementor-button-wrapper\">\n\t\t\t\t\t<a class=\"elementor-button elementor-button-link elementor-size-sm\" href=\"\/placet-jarelmaks\">\n\t\t\t\t\t\t<span class=\"elementor-button-content-wrapper\">\n\t\t\t\t\t\t\t\t\t<span class=\"elementor-button-text\">Placet J\u00e4relmaks<\/span>\n\t\t\t\t\t<\/span>\n\t\t\t\t\t<\/a>\n\t\t\t\t<\/div>\n\t\t\t\t\t\t\t\t<\/div>\n\t\t\t\t<\/div>\n\t\t\t\t<\/div>\n\t\t<div class=\"elementor-element elementor-element-57aa903 e-con-full e-transform e-flex e-con e-child\" data-id=\"57aa903\" data-element_type=\"container\" data-e-type=\"container\" data-settings=\"{&quot;_transform_scale_effect_hover&quot;:{&quot;unit&quot;:&quot;px&quot;,&quot;size&quot;:1.1,&quot;sizes&quot;:[]},&quot;_transform_scale_effect_hover_laptop&quot;:{&quot;unit&quot;:&quot;px&quot;,&quot;size&quot;:&quot;&quot;,&quot;sizes&quot;:[]},&quot;_transform_scale_effect_hover_tablet&quot;:{&quot;unit&quot;:&quot;px&quot;,&quot;size&quot;:&quot;&quot;,&quot;sizes&quot;:[]},&quot;_transform_scale_effect_hover_mobile_extra&quot;:{&quot;unit&quot;:&quot;px&quot;,&quot;size&quot;:&quot;&quot;,&quot;sizes&quot;:[]},&quot;_transform_scale_effect_hover_mobile&quot;:{&quot;unit&quot;:&quot;px&quot;,&quot;size&quot;:&quot;&quot;,&quot;sizes&quot;:[]}}\">\n\t\t\t\t<div class=\"elementor-element elementor-element-f08e2c7 elementor-widget__width-initial elementor-widget elementor-widget-image\" data-id=\"f08e2c7\" data-element_type=\"widget\" data-e-type=\"widget\" data-widget_type=\"image.default\">\n\t\t\t\t<div class=\"elementor-widget-container\">\n\t\t\t\t\t\t\t\t\t\t\t\t\t\t\t\t<a href=\"\/lhv-jarelmaks\">\n\t\t\t\t\t\t\t<img decoding=\"async\" width=\"280\" height=\"189\" src=\"https:\/\/lhk.ee\/fi\/wp-content\/uploads\/sites\/45\/2024\/06\/lhv-1-et.png\" class=\"attachment-full size-full wp-image-12145\" alt=\"\" srcset=\"https:\/\/lhk.ee\/fi\/wp-content\/uploads\/sites\/45\/2024\/06\/lhv-1-et.png 280w, https:\/\/lhk.ee\/fi\/wp-content\/uploads\/sites\/45\/2024\/06\/lhv-1-et-24x16.png 24w, https:\/\/lhk.ee\/fi\/wp-content\/uploads\/sites\/45\/2024\/06\/lhv-1-et-36x24.png 36w, https:\/\/lhk.ee\/fi\/wp-content\/uploads\/sites\/45\/2024\/06\/lhv-1-et-48x32.png 48w\" sizes=\"(max-width: 280px) 100vw, 280px\" \/>\t\t\t\t\t\t\t\t<\/a>\n\t\t\t\t\t\t\t\t\t\t\t\t\t\t\t<\/div>\n\t\t\t\t<\/div>\n\t\t\t\t<div class=\"elementor-element elementor-element-cf3a506 elementor-widget elementor-widget-button\" data-id=\"cf3a506\" data-element_type=\"widget\" data-e-type=\"widget\" data-widget_type=\"button.default\">\n\t\t\t\t<div class=\"elementor-widget-container\">\n\t\t\t\t\t\t\t\t\t<div class=\"elementor-button-wrapper\">\n\t\t\t\t\t<a class=\"elementor-button elementor-button-link elementor-size-sm\" href=\"\/fi\/lhv-hire-purchase\">\n\t\t\t\t\t\t<span class=\"elementor-button-content-wrapper\">\n\t\t\t\t\t\t\t\t\t<span class=\"elementor-button-text\">LHV hire purchase<\/span>\n\t\t\t\t\t<\/span>\n\t\t\t\t\t<\/a>\n\t\t\t\t<\/div>\n\t\t\t\t\t\t\t\t<\/div>\n\t\t\t\t<\/div>\n\t\t\t\t<\/div>\n\t\t<div class=\"elementor-element elementor-element-e6577de e-con-full e-transform e-flex e-con e-child\" data-id=\"e6577de\" data-element_type=\"container\" data-e-type=\"container\" data-settings=\"{&quot;_transform_scale_effect_hover&quot;:{&quot;unit&quot;:&quot;px&quot;,&quot;size&quot;:1.1,&quot;sizes&quot;:[]},&quot;_transform_scale_effect_hover_laptop&quot;:{&quot;unit&quot;:&quot;px&quot;,&quot;size&quot;:&quot;&quot;,&quot;sizes&quot;:[]},&quot;_transform_scale_effect_hover_tablet&quot;:{&quot;unit&quot;:&quot;px&quot;,&quot;size&quot;:&quot;&quot;,&quot;sizes&quot;:[]},&quot;_transform_scale_effect_hover_mobile_extra&quot;:{&quot;unit&quot;:&quot;px&quot;,&quot;size&quot;:&quot;&quot;,&quot;sizes&quot;:[]},&quot;_transform_scale_effect_hover_mobile&quot;:{&quot;unit&quot;:&quot;px&quot;,&quot;size&quot;:&quot;&quot;,&quot;sizes&quot;:[]}}\">\n\t\t\t\t<div class=\"elementor-element elementor-element-0a6c4b1 elementor-widget__width-initial elementor-widget elementor-widget-image\" data-id=\"0a6c4b1\" data-element_type=\"widget\" data-e-type=\"widget\" data-widget_type=\"image.default\">\n\t\t\t\t<div class=\"elementor-widget-container\">\n\t\t\t\t\t\t\t\t\t\t\t\t\t\t\t\t<a href=\"\/liisi\">\n\t\t\t\t\t\t\t<img decoding=\"async\" width=\"250\" height=\"250\" src=\"https:\/\/lhk.ee\/fi\/wp-content\/uploads\/sites\/45\/2024\/06\/liisi.jpg\" class=\"attachment-full size-full wp-image-12146\" alt=\"\" srcset=\"https:\/\/lhk.ee\/fi\/wp-content\/uploads\/sites\/45\/2024\/06\/liisi.jpg 250w, https:\/\/lhk.ee\/fi\/wp-content\/uploads\/sites\/45\/2024\/06\/liisi-150x150.jpg 150w, https:\/\/lhk.ee\/fi\/wp-content\/uploads\/sites\/45\/2024\/06\/liisi-24x24.jpg 24w, https:\/\/lhk.ee\/fi\/wp-content\/uploads\/sites\/45\/2024\/06\/liisi-36x36.jpg 36w, https:\/\/lhk.ee\/fi\/wp-content\/uploads\/sites\/45\/2024\/06\/liisi-48x48.jpg 48w\" sizes=\"(max-width: 250px) 100vw, 250px\" \/>\t\t\t\t\t\t\t\t<\/a>\n\t\t\t\t\t\t\t\t\t\t\t\t\t\t\t<\/div>\n\t\t\t\t<\/div>\n\t\t\t\t<div class=\"elementor-element elementor-element-b6a5717 elementor-widget elementor-widget-button\" data-id=\"b6a5717\" data-element_type=\"widget\" data-e-type=\"widget\" data-widget_type=\"button.default\">\n\t\t\t\t<div class=\"elementor-widget-container\">\n\t\t\t\t\t\t\t\t\t<div class=\"elementor-button-wrapper\">\n\t\t\t\t\t<a class=\"elementor-button elementor-button-link elementor-size-sm\" href=\"\/liisi\">\n\t\t\t\t\t\t<span class=\"elementor-button-content-wrapper\">\n\t\t\t\t\t\t\t\t\t<span class=\"elementor-button-text\">Liisi<\/span>\n\t\t\t\t\t<\/span>\n\t\t\t\t\t<\/a>\n\t\t\t\t<\/div>\n\t\t\t\t\t\t\t\t<\/div>\n\t\t\t\t<\/div>\n\t\t\t\t<\/div>\n\t\t<div class=\"elementor-element elementor-element-6c17efb e-con-full e-transform e-flex e-con e-child\" data-id=\"6c17efb\" data-element_type=\"container\" data-e-type=\"container\" data-settings=\"{&quot;_transform_scale_effect_hover&quot;:{&quot;unit&quot;:&quot;px&quot;,&quot;size&quot;:1.1,&quot;sizes&quot;:[]},&quot;_transform_scale_effect_hover_laptop&quot;:{&quot;unit&quot;:&quot;px&quot;,&quot;size&quot;:&quot;&quot;,&quot;sizes&quot;:[]},&quot;_transform_scale_effect_hover_tablet&quot;:{&quot;unit&quot;:&quot;px&quot;,&quot;size&quot;:&quot;&quot;,&quot;sizes&quot;:[]},&quot;_transform_scale_effect_hover_mobile_extra&quot;:{&quot;unit&quot;:&quot;px&quot;,&quot;size&quot;:&quot;&quot;,&quot;sizes&quot;:[]},&quot;_transform_scale_effect_hover_mobile&quot;:{&quot;unit&quot;:&quot;px&quot;,&quot;size&quot;:&quot;&quot;,&quot;sizes&quot;:[]}}\">\n\t\t\t\t<div class=\"elementor-element elementor-element-bf606e5 elementor-widget__width-initial elementor-widget elementor-widget-image\" data-id=\"bf606e5\" data-element_type=\"widget\" data-e-type=\"widget\" data-widget_type=\"image.default\">\n\t\t\t\t<div class=\"elementor-widget-container\">\n\t\t\t\t\t\t\t\t\t\t\t\t\t\t\t\t<a href=\"\/medicredit\">\n\t\t\t\t\t\t\t<img loading=\"lazy\" decoding=\"async\" width=\"450\" height=\"450\" src=\"https:\/\/lhk.ee\/fi\/wp-content\/uploads\/sites\/45\/2024\/06\/medicredit_logo_sloganiga.png\" class=\"attachment-full size-full wp-image-12147\" alt=\"\" srcset=\"https:\/\/lhk.ee\/fi\/wp-content\/uploads\/sites\/45\/2024\/06\/medicredit_logo_sloganiga.png 450w, https:\/\/lhk.ee\/fi\/wp-content\/uploads\/sites\/45\/2024\/06\/medicredit_logo_sloganiga-300x300.png 300w, https:\/\/lhk.ee\/fi\/wp-content\/uploads\/sites\/45\/2024\/06\/medicredit_logo_sloganiga-150x150.png 150w, https:\/\/lhk.ee\/fi\/wp-content\/uploads\/sites\/45\/2024\/06\/medicredit_logo_sloganiga-24x24.png 24w, https:\/\/lhk.ee\/fi\/wp-content\/uploads\/sites\/45\/2024\/06\/medicredit_logo_sloganiga-36x36.png 36w, https:\/\/lhk.ee\/fi\/wp-content\/uploads\/sites\/45\/2024\/06\/medicredit_logo_sloganiga-48x48.png 48w\" sizes=\"(max-width: 450px) 100vw, 450px\" \/>\t\t\t\t\t\t\t\t<\/a>\n\t\t\t\t\t\t\t\t\t\t\t\t\t\t\t<\/div>\n\t\t\t\t<\/div>\n\t\t\t\t<div class=\"elementor-element elementor-element-66bd122 elementor-widget elementor-widget-button\" data-id=\"66bd122\" data-element_type=\"widget\" data-e-type=\"widget\" data-widget_type=\"button.default\">\n\t\t\t\t<div class=\"elementor-widget-container\">\n\t\t\t\t\t\t\t\t\t<div class=\"elementor-button-wrapper\">\n\t\t\t\t\t<a class=\"elementor-button elementor-button-link elementor-size-sm\" href=\"\/medicredit\">\n\t\t\t\t\t\t<span class=\"elementor-button-content-wrapper\">\n\t\t\t\t\t\t\t\t\t<span class=\"elementor-button-text\">MediCredit<\/span>\n\t\t\t\t\t<\/span>\n\t\t\t\t\t<\/a>\n\t\t\t\t<\/div>\n\t\t\t\t\t\t\t\t<\/div>\n\t\t\t\t<\/div>\n\t\t\t\t<\/div>\n\t\t\t\t<\/div>\n\t\t\t\t\t<\/div>\n\t\t\t\t<\/div>\n\t\t\t\t<\/div>\n\t\t","protected":false},"excerpt":{"rendered":"<p>Osamaksu Saadaksesi lis\u00e4tietoja teille sopivalla kielell\u00e4 luoton mahdollisuudesta, ottakaa suoraan yhteytt\u00e4 listalta valitsemaanne yritykseen. Placet J\u00e4relmaks LHV hire purchase Liisi MediCredit<\/p>\n","protected":false},"author":3,"featured_media":0,"parent":0,"menu_order":0,"comment_status":"closed","ping_status":"closed","template":"template-page-builder.php","meta":{"footnotes":""},"class_list":["post-2819","page","type-page","status-publish","hentry","entry"],"yoast_head":"<!-- This site is optimized with the Yoast SEO plugin v27.5 - https:\/\/yoast.com\/product\/yoast-seo-wordpress\/ -->\n<title>Credit page - L\u00e4\u00e4nemere Hambakliinik<\/title>\n<meta name=\"description\" content=\"Test\" \/>\n<meta name=\"robots\" content=\"index, follow, max-snippet:-1, max-image-preview:large, max-video-preview:-1\" \/>\n<link rel=\"canonical\" href=\"https:\/\/lhk.ee\/fi\/credit\/\" \/>\n<meta property=\"og:locale\" content=\"fi_FI\" \/>\n<meta property=\"og:type\" content=\"article\" \/>\n<meta property=\"og:title\" content=\"Credit page - L\u00e4\u00e4nemere Hambakliinik\" \/>\n<meta property=\"og:description\" content=\"Test\" \/>\n<meta property=\"og:url\" content=\"https:\/\/lhk.ee\/fi\/credit\/\" \/>\n<meta property=\"og:site_name\" content=\"L\u00e4\u00e4nemere Hambakliinik\" \/>\n<meta property=\"article:modified_time\" content=\"2024-08-13T10:46:31+00:00\" \/>\n<meta property=\"og:image\" content=\"https:\/\/v3.lhk.ee\/fi\/wp-content\/uploads\/sites\/45\/2024\/06\/placcet.png\" \/>\n<meta name=\"twitter:card\" content=\"summary_large_image\" \/>\n<meta name=\"twitter:label1\" content=\"Arvioitu lukuaika\" \/>\n\t<meta name=\"twitter:data1\" content=\"1 minuutti\" \/>\n<script type=\"application\/ld+json\" class=\"yoast-schema-graph\">{\"@context\":\"https:\\\/\\\/schema.org\",\"@graph\":[{\"@type\":\"WebPage\",\"@id\":\"https:\\\/\\\/lhk.ee\\\/fi\\\/credit\\\/\",\"url\":\"https:\\\/\\\/lhk.ee\\\/fi\\\/credit\\\/\",\"name\":\"Credit page - L\u00e4\u00e4nemere Hambakliinik\",\"isPartOf\":{\"@id\":\"https:\\\/\\\/lhk.ee\\\/fi\\\/#website\"},\"primaryImageOfPage\":{\"@id\":\"https:\\\/\\\/lhk.ee\\\/fi\\\/credit\\\/#primaryimage\"},\"image\":{\"@id\":\"https:\\\/\\\/lhk.ee\\\/fi\\\/credit\\\/#primaryimage\"},\"thumbnailUrl\":\"https:\\\/\\\/v3.lhk.ee\\\/fi\\\/wp-content\\\/uploads\\\/sites\\\/45\\\/2024\\\/06\\\/placcet.png\",\"datePublished\":\"2024-03-25T04:43:24+00:00\",\"dateModified\":\"2024-08-13T10:46:31+00:00\",\"description\":\"Test\",\"breadcrumb\":{\"@id\":\"https:\\\/\\\/lhk.ee\\\/fi\\\/credit\\\/#breadcrumb\"},\"inLanguage\":\"fi\",\"potentialAction\":[{\"@type\":\"ReadAction\",\"target\":[\"https:\\\/\\\/lhk.ee\\\/fi\\\/credit\\\/\"]}]},{\"@type\":\"ImageObject\",\"inLanguage\":\"fi\",\"@id\":\"https:\\\/\\\/lhk.ee\\\/fi\\\/credit\\\/#primaryimage\",\"url\":\"https:\\\/\\\/v3.lhk.ee\\\/fi\\\/wp-content\\\/uploads\\\/sites\\\/45\\\/2024\\\/06\\\/placcet.png\",\"contentUrl\":\"https:\\\/\\\/v3.lhk.ee\\\/fi\\\/wp-content\\\/uploads\\\/sites\\\/45\\\/2024\\\/06\\\/placcet.png\"},{\"@type\":\"BreadcrumbList\",\"@id\":\"https:\\\/\\\/lhk.ee\\\/fi\\\/credit\\\/#breadcrumb\",\"itemListElement\":[{\"@type\":\"ListItem\",\"position\":1,\"name\":\"Home\",\"item\":\"https:\\\/\\\/lhk.ee\\\/fi\\\/\"},{\"@type\":\"ListItem\",\"position\":2,\"name\":\"Credit page\"}]},{\"@type\":\"WebSite\",\"@id\":\"https:\\\/\\\/lhk.ee\\\/fi\\\/#website\",\"url\":\"https:\\\/\\\/lhk.ee\\\/fi\\\/\",\"name\":\"L\u00e4\u00e4nemere Hambakliinik\",\"description\":\"\",\"publisher\":{\"@id\":\"https:\\\/\\\/lhk.ee\\\/fi\\\/#organization\"},\"potentialAction\":[{\"@type\":\"SearchAction\",\"target\":{\"@type\":\"EntryPoint\",\"urlTemplate\":\"https:\\\/\\\/lhk.ee\\\/fi\\\/?s={search_term_string}\"},\"query-input\":{\"@type\":\"PropertyValueSpecification\",\"valueRequired\":true,\"valueName\":\"search_term_string\"}}],\"inLanguage\":\"fi\"},{\"@type\":\"Organization\",\"@id\":\"https:\\\/\\\/lhk.ee\\\/fi\\\/#organization\",\"name\":\"L\u00e4\u00e4nemere Hambakliinik\",\"url\":\"https:\\\/\\\/lhk.ee\\\/fi\\\/\",\"logo\":{\"@type\":\"ImageObject\",\"inLanguage\":\"fi\",\"@id\":\"https:\\\/\\\/lhk.ee\\\/fi\\\/#\\\/schema\\\/logo\\\/image\\\/\",\"url\":\"https:\\\/\\\/lhk.ee\\\/fi\\\/wp-content\\\/uploads\\\/sites\\\/45\\\/2024\\\/03\\\/Screenshot-2024-03-07-151436-1.png\",\"contentUrl\":\"https:\\\/\\\/lhk.ee\\\/fi\\\/wp-content\\\/uploads\\\/sites\\\/45\\\/2024\\\/03\\\/Screenshot-2024-03-07-151436-1.png\",\"width\":2964,\"height\":850,\"caption\":\"L\u00e4\u00e4nemere Hambakliinik\"},\"image\":{\"@id\":\"https:\\\/\\\/lhk.ee\\\/fi\\\/#\\\/schema\\\/logo\\\/image\\\/\"}}]}<\/script>\n<!-- \/ Yoast SEO plugin. -->","yoast_head_json":{"title":"Credit page - L\u00e4\u00e4nemere Hambakliinik","description":"Test","robots":{"index":"index","follow":"follow","max-snippet":"max-snippet:-1","max-image-preview":"max-image-preview:large","max-video-preview":"max-video-preview:-1"},"canonical":"https:\/\/lhk.ee\/fi\/credit\/","og_locale":"fi_FI","og_type":"article","og_title":"Credit page - L\u00e4\u00e4nemere Hambakliinik","og_description":"Test","og_url":"https:\/\/lhk.ee\/fi\/credit\/","og_site_name":"L\u00e4\u00e4nemere Hambakliinik","article_modified_time":"2024-08-13T10:46:31+00:00","og_image":[{"url":"https:\/\/v3.lhk.ee\/fi\/wp-content\/uploads\/sites\/45\/2024\/06\/placcet.png","type":"","width":"","height":""}],"twitter_card":"summary_large_image","twitter_misc":{"Arvioitu lukuaika":"1 minuutti"},"schema":{"@context":"https:\/\/schema.org","@graph":[{"@type":"WebPage","@id":"https:\/\/lhk.ee\/fi\/credit\/","url":"https:\/\/lhk.ee\/fi\/credit\/","name":"Credit page - L\u00e4\u00e4nemere Hambakliinik","isPartOf":{"@id":"https:\/\/lhk.ee\/fi\/#website"},"primaryImageOfPage":{"@id":"https:\/\/lhk.ee\/fi\/credit\/#primaryimage"},"image":{"@id":"https:\/\/lhk.ee\/fi\/credit\/#primaryimage"},"thumbnailUrl":"https:\/\/v3.lhk.ee\/fi\/wp-content\/uploads\/sites\/45\/2024\/06\/placcet.png","datePublished":"2024-03-25T04:43:24+00:00","dateModified":"2024-08-13T10:46:31+00:00","description":"Test","breadcrumb":{"@id":"https:\/\/lhk.ee\/fi\/credit\/#breadcrumb"},"inLanguage":"fi","potentialAction":[{"@type":"ReadAction","target":["https:\/\/lhk.ee\/fi\/credit\/"]}]},{"@type":"ImageObject","inLanguage":"fi","@id":"https:\/\/lhk.ee\/fi\/credit\/#primaryimage","url":"https:\/\/v3.lhk.ee\/fi\/wp-content\/uploads\/sites\/45\/2024\/06\/placcet.png","contentUrl":"https:\/\/v3.lhk.ee\/fi\/wp-content\/uploads\/sites\/45\/2024\/06\/placcet.png"},{"@type":"BreadcrumbList","@id":"https:\/\/lhk.ee\/fi\/credit\/#breadcrumb","itemListElement":[{"@type":"ListItem","position":1,"name":"Home","item":"https:\/\/lhk.ee\/fi\/"},{"@type":"ListItem","position":2,"name":"Credit page"}]},{"@type":"WebSite","@id":"https:\/\/lhk.ee\/fi\/#website","url":"https:\/\/lhk.ee\/fi\/","name":"L\u00e4\u00e4nemere Hambakliinik","description":"","publisher":{"@id":"https:\/\/lhk.ee\/fi\/#organization"},"potentialAction":[{"@type":"SearchAction","target":{"@type":"EntryPoint","urlTemplate":"https:\/\/lhk.ee\/fi\/?s={search_term_string}"},"query-input":{"@type":"PropertyValueSpecification","valueRequired":true,"valueName":"search_term_string"}}],"inLanguage":"fi"},{"@type":"Organization","@id":"https:\/\/lhk.ee\/fi\/#organization","name":"L\u00e4\u00e4nemere Hambakliinik","url":"https:\/\/lhk.ee\/fi\/","logo":{"@type":"ImageObject","inLanguage":"fi","@id":"https:\/\/lhk.ee\/fi\/#\/schema\/logo\/image\/","url":"https:\/\/lhk.ee\/fi\/wp-content\/uploads\/sites\/45\/2024\/03\/Screenshot-2024-03-07-151436-1.png","contentUrl":"https:\/\/lhk.ee\/fi\/wp-content\/uploads\/sites\/45\/2024\/03\/Screenshot-2024-03-07-151436-1.png","width":2964,"height":850,"caption":"L\u00e4\u00e4nemere Hambakliinik"},"image":{"@id":"https:\/\/lhk.ee\/fi\/#\/schema\/logo\/image\/"}}]}},"_links":{"self":[{"href":"https:\/\/lhk.ee\/fi\/wp-json\/wp\/v2\/pages\/2819","targetHints":{"allow":["GET"]}}],"collection":[{"href":"https:\/\/lhk.ee\/fi\/wp-json\/wp\/v2\/pages"}],"about":[{"href":"https:\/\/lhk.ee\/fi\/wp-json\/wp\/v2\/types\/page"}],"author":[{"embeddable":true,"href":"https:\/\/lhk.ee\/fi\/wp-json\/wp\/v2\/users\/3"}],"replies":[{"embeddable":true,"href":"https:\/\/lhk.ee\/fi\/wp-json\/wp\/v2\/comments?post=2819"}],"version-history":[{"count":144,"href":"https:\/\/lhk.ee\/fi\/wp-json\/wp\/v2\/pages\/2819\/revisions"}],"predecessor-version":[{"id":16570,"href":"https:\/\/lhk.ee\/fi\/wp-json\/wp\/v2\/pages\/2819\/revisions\/16570"}],"wp:attachment":[{"href":"https:\/\/lhk.ee\/fi\/wp-json\/wp\/v2\/media?parent=2819"}],"curies":[{"name":"wp","href":"https:\/\/api.w.org\/{rel}","templated":true}]}}