{"id":13017,"date":"2024-06-11T09:11:04","date_gmt":"2024-06-11T07:11:04","guid":{"rendered":"https:\/\/v3.lhk.ee\/ru\/?page_id=13017"},"modified":"2024-08-13T12:29:11","modified_gmt":"2024-08-13T10:29:11","slug":"liisi","status":"publish","type":"page","link":"https:\/\/lhk.ee\/ru\/liisi\/","title":{"rendered":"Liisi"},"content":{"rendered":"\t\t<div data-elementor-type=\"wp-page\" data-elementor-id=\"13017\" class=\"elementor elementor-13017\" data-elementor-post-type=\"page\">\n\t\t\t\t<div class=\"elementor-element elementor-element-e4fce3e e-flex e-con-boxed e-con e-parent\" data-id=\"e4fce3e\" data-element_type=\"container\" data-e-type=\"container\">\n\t\t\t\t\t<div class=\"e-con-inner\">\n\t\t<div class=\"elementor-element elementor-element-61195a9 e-con-full e-flex e-con e-child\" data-id=\"61195a9\" data-element_type=\"container\" data-e-type=\"container\">\n\t\t\t\t<div class=\"elementor-element elementor-element-ba9dd33 elementor-widget__width-initial elementor-widget elementor-widget-image\" data-id=\"ba9dd33\" data-element_type=\"widget\" data-e-type=\"widget\" data-widget_type=\"image.default\">\n\t\t\t\t<div class=\"elementor-widget-container\">\n\t\t\t\t\t\t\t\t\t\t\t\t\t\t\t<img fetchpriority=\"high\" decoding=\"async\" width=\"1024\" height=\"726\" src=\"https:\/\/lhk.ee\/ru\/wp-content\/uploads\/sites\/44\/2024\/08\/Liisi-2-1024x726.png\" class=\"attachment-large size-large wp-image-17242\" alt=\"\" srcset=\"https:\/\/lhk.ee\/ru\/wp-content\/uploads\/sites\/44\/2024\/08\/Liisi-2-1024x726.png 1024w, https:\/\/lhk.ee\/ru\/wp-content\/uploads\/sites\/44\/2024\/08\/Liisi-2-300x213.png 300w, https:\/\/lhk.ee\/ru\/wp-content\/uploads\/sites\/44\/2024\/08\/Liisi-2-768x545.png 768w, https:\/\/lhk.ee\/ru\/wp-content\/uploads\/sites\/44\/2024\/08\/Liisi-2-24x17.png 24w, https:\/\/lhk.ee\/ru\/wp-content\/uploads\/sites\/44\/2024\/08\/Liisi-2-36x26.png 36w, https:\/\/lhk.ee\/ru\/wp-content\/uploads\/sites\/44\/2024\/08\/Liisi-2-48x34.png 48w, https:\/\/lhk.ee\/ru\/wp-content\/uploads\/sites\/44\/2024\/08\/Liisi-2.png 1311w\" sizes=\"(max-width: 1024px) 100vw, 1024px\" \/>\t\t\t\t\t\t\t\t\t\t\t\t\t\t\t<\/div>\n\t\t\t\t<\/div>\n\t\t\t\t<div class=\"elementor-element elementor-element-e7bc1e7 elementor-widget elementor-widget-heading\" data-id=\"e7bc1e7\" data-element_type=\"widget\" data-e-type=\"widget\" data-widget_type=\"heading.default\">\n\t\t\t\t<div class=\"elementor-widget-container\">\n\t\t\t\t\t<h1 class=\"elementor-heading-title elementor-size-default\">Liisi j\u00e4relmaks<\/h1>\t\t\t\t<\/div>\n\t\t\t\t<\/div>\n\t\t\t\t<\/div>\n\t\t<div class=\"elementor-element elementor-element-bbf881c e-con-full e-flex e-con e-child\" data-id=\"bbf881c\" data-element_type=\"container\" data-e-type=\"container\">\n\t\t\t\t<div class=\"elementor-element elementor-element-6c68b26 elementor-widget__width-auto elementor-widget elementor-widget-image\" data-id=\"6c68b26\" data-element_type=\"widget\" data-e-type=\"widget\" data-widget_type=\"image.default\">\n\t\t\t\t<div class=\"elementor-widget-container\">\n\t\t\t\t\t\t\t\t\t\t\t\t\t\t\t<img decoding=\"async\" width=\"1024\" height=\"536\" src=\"https:\/\/lhk.ee\/ru\/wp-content\/uploads\/sites\/44\/2024\/06\/LiisiHambaravi-1200x628-1-1024x536.jpg\" class=\"attachment-large size-large wp-image-13023\" alt=\"\" srcset=\"https:\/\/lhk.ee\/ru\/wp-content\/uploads\/sites\/44\/2024\/06\/LiisiHambaravi-1200x628-1-1024x536.jpg 1024w, https:\/\/lhk.ee\/ru\/wp-content\/uploads\/sites\/44\/2024\/06\/LiisiHambaravi-1200x628-1-300x157.jpg 300w, https:\/\/lhk.ee\/ru\/wp-content\/uploads\/sites\/44\/2024\/06\/LiisiHambaravi-1200x628-1-768x402.jpg 768w, https:\/\/lhk.ee\/ru\/wp-content\/uploads\/sites\/44\/2024\/06\/LiisiHambaravi-1200x628-1-24x13.jpg 24w, https:\/\/lhk.ee\/ru\/wp-content\/uploads\/sites\/44\/2024\/06\/LiisiHambaravi-1200x628-1-36x19.jpg 36w, https:\/\/lhk.ee\/ru\/wp-content\/uploads\/sites\/44\/2024\/06\/LiisiHambaravi-1200x628-1-48x25.jpg 48w, https:\/\/lhk.ee\/ru\/wp-content\/uploads\/sites\/44\/2024\/06\/LiisiHambaravi-1200x628-1.jpg 1200w\" sizes=\"(max-width: 1024px) 100vw, 1024px\" \/>\t\t\t\t\t\t\t\t\t\t\t\t\t\t\t<\/div>\n\t\t\t\t<\/div>\n\t\t\t\t<\/div>\n\t\t<div class=\"elementor-element elementor-element-3821be2 e-con-full e-flex e-con e-child\" data-id=\"3821be2\" data-element_type=\"container\" data-e-type=\"container\">\n\t\t\t\t<div class=\"elementor-element elementor-element-09f3b86 elementor-widget__width-initial elementor-widget-mobile_extra__width-auto elementor-widget-mobile__width-inherit elementor-widget elementor-widget-html\" data-id=\"09f3b86\" data-element_type=\"widget\" data-e-type=\"widget\" data-widget_type=\"html.default\">\n\t\t\t\t<div class=\"elementor-widget-container\">\n\t\t\t\t\t<iframe src=\"https:\/\/www.holmbank.ee\/iframed\/arvuta-valja-igakuine-tagasimakse-lohistatav-kalkulaator\/\" width=\"100%\"\r\nheight=\"580px\" scrolling=\"no\" frameborder=\"no\" align=\"center\"><\/iframe>\r\n\t\t\t\t<\/div>\n\t\t\t\t<\/div>\n\t\t\t\t<div class=\"elementor-element elementor-element-a60f331 elementor-widget__width-initial elementor-widget-mobile_extra__width-auto elementor-widget-mobile__width-inherit e-transform elementor-widget elementor-widget-html\" data-id=\"a60f331\" data-element_type=\"widget\" data-e-type=\"widget\" data-settings=\"{&quot;_transform_translateX_effect_mobile&quot;:{&quot;unit&quot;:&quot;px&quot;,&quot;size&quot;:0,&quot;sizes&quot;:[]},&quot;_transform_translateY_effect_mobile&quot;:{&quot;unit&quot;:&quot;px&quot;,&quot;size&quot;:-54,&quot;sizes&quot;:[]},&quot;_transform_translateX_effect&quot;:{&quot;unit&quot;:&quot;px&quot;,&quot;size&quot;:&quot;&quot;,&quot;sizes&quot;:[]},&quot;_transform_translateX_effect_laptop&quot;:{&quot;unit&quot;:&quot;px&quot;,&quot;size&quot;:&quot;&quot;,&quot;sizes&quot;:[]},&quot;_transform_translateX_effect_tablet&quot;:{&quot;unit&quot;:&quot;px&quot;,&quot;size&quot;:&quot;&quot;,&quot;sizes&quot;:[]},&quot;_transform_translateX_effect_mobile_extra&quot;:{&quot;unit&quot;:&quot;px&quot;,&quot;size&quot;:&quot;&quot;,&quot;sizes&quot;:[]},&quot;_transform_translateY_effect&quot;:{&quot;unit&quot;:&quot;px&quot;,&quot;size&quot;:&quot;&quot;,&quot;sizes&quot;:[]},&quot;_transform_translateY_effect_laptop&quot;:{&quot;unit&quot;:&quot;px&quot;,&quot;size&quot;:&quot;&quot;,&quot;sizes&quot;:[]},&quot;_transform_translateY_effect_tablet&quot;:{&quot;unit&quot;:&quot;px&quot;,&quot;size&quot;:&quot;&quot;,&quot;sizes&quot;:[]},&quot;_transform_translateY_effect_mobile_extra&quot;:{&quot;unit&quot;:&quot;px&quot;,&quot;size&quot;:&quot;&quot;,&quot;sizes&quot;:[]}}\" data-widget_type=\"html.default\">\n\t\t\t\t<div class=\"elementor-widget-container\">\n\t\t\t\t\t<iframe src=\"https:\/\/www.holmbank.ee\/iframed\/liisi-loob-paindlikud-makselahendused\/\" width=\"100%\" height=\"480px\" scrolling=\"no\" frameborder=\"no\" align=\"center\"><\/iframe>\t\t\t\t<\/div>\n\t\t\t\t<\/div>\n\t\t\t\t<div class=\"elementor-element elementor-element-b78516c elementor-widget__width-initial elementor-widget-mobile__width-inherit elementor-widget elementor-widget-html\" data-id=\"b78516c\" data-element_type=\"widget\" data-e-type=\"widget\" data-widget_type=\"html.default\">\n\t\t\t\t<div class=\"elementor-widget-container\">\n\t\t\t\t\t<iframe src=\"https:\/\/www.holmbank.ee\/iframed\/krediidi-kulukuse-maar-ja-lepingueelne-teave\/\" width=\"auto\"\r\nheight=\"200px\" scrolling=\"no\" frameborder=\"no\" align=\"center\"><\/iframe>\t\t\t\t<\/div>\n\t\t\t\t<\/div>\n\t\t\t\t<\/div>\n\t\t\t\t\t<\/div>\n\t\t\t\t<\/div>\n\t\t\t\t<\/div>\n\t\t","protected":false},"excerpt":{"rendered":"<p>Liisi j\u00e4relmaks<\/p>\n","protected":false},"author":3,"featured_media":0,"parent":0,"menu_order":0,"comment_status":"closed","ping_status":"closed","template":"template-page-builder.php","meta":{"footnotes":""},"class_list":["post-13017","page","type-page","status-publish","hentry","entry"],"yoast_head":"<!-- This site is optimized with the Yoast SEO plugin v27.5 - https:\/\/yoast.com\/product\/yoast-seo-wordpress\/ -->\n<title>Liisi - L\u00e4\u00e4nemere Hambakliinik<\/title>\n<meta name=\"robots\" content=\"index, follow, max-snippet:-1, max-image-preview:large, max-video-preview:-1\" \/>\n<link rel=\"canonical\" href=\"https:\/\/lhk.ee\/ru\/liisi\/\" \/>\n<meta property=\"og:locale\" content=\"ru_RU\" \/>\n<meta property=\"og:type\" content=\"article\" \/>\n<meta property=\"og:title\" content=\"Liisi - L\u00e4\u00e4nemere Hambakliinik\" \/>\n<meta property=\"og:description\" content=\"Liisi j\u00e4relmaks\" \/>\n<meta property=\"og:url\" content=\"https:\/\/lhk.ee\/ru\/liisi\/\" \/>\n<meta property=\"og:site_name\" content=\"L\u00e4\u00e4nemere Hambakliinik\" \/>\n<meta property=\"article:modified_time\" content=\"2024-08-13T10:29:11+00:00\" \/>\n<meta property=\"og:image\" content=\"https:\/\/v3.lhk.ee\/ru\/wp-content\/uploads\/sites\/44\/2024\/08\/Liisi-2-1024x726.png\" \/>\n<meta name=\"twitter:card\" content=\"summary_large_image\" \/>\n<meta name=\"twitter:label1\" content=\"\u041f\u0440\u0438\u043c\u0435\u0440\u043d\u043e\u0435 \u0432\u0440\u0435\u043c\u044f \u0434\u043b\u044f \u0447\u0442\u0435\u043d\u0438\u044f\" \/>\n\t<meta name=\"twitter:data1\" content=\"1 \u043c\u0438\u043d\u0443\u0442\u0430\" \/>\n<script type=\"application\/ld+json\" class=\"yoast-schema-graph\">{\"@context\":\"https:\\\/\\\/schema.org\",\"@graph\":[{\"@type\":\"WebPage\",\"@id\":\"https:\\\/\\\/lhk.ee\\\/ru\\\/liisi\\\/\",\"url\":\"https:\\\/\\\/lhk.ee\\\/ru\\\/liisi\\\/\",\"name\":\"Liisi - L\u00e4\u00e4nemere Hambakliinik\",\"isPartOf\":{\"@id\":\"https:\\\/\\\/lhk.ee\\\/ru\\\/#website\"},\"primaryImageOfPage\":{\"@id\":\"https:\\\/\\\/lhk.ee\\\/ru\\\/liisi\\\/#primaryimage\"},\"image\":{\"@id\":\"https:\\\/\\\/lhk.ee\\\/ru\\\/liisi\\\/#primaryimage\"},\"thumbnailUrl\":\"https:\\\/\\\/v3.lhk.ee\\\/ru\\\/wp-content\\\/uploads\\\/sites\\\/44\\\/2024\\\/08\\\/Liisi-2-1024x726.png\",\"datePublished\":\"2024-06-11T07:11:04+00:00\",\"dateModified\":\"2024-08-13T10:29:11+00:00\",\"breadcrumb\":{\"@id\":\"https:\\\/\\\/lhk.ee\\\/ru\\\/liisi\\\/#breadcrumb\"},\"inLanguage\":\"ru-RU\",\"potentialAction\":[{\"@type\":\"ReadAction\",\"target\":[\"https:\\\/\\\/lhk.ee\\\/ru\\\/liisi\\\/\"]}]},{\"@type\":\"ImageObject\",\"inLanguage\":\"ru-RU\",\"@id\":\"https:\\\/\\\/lhk.ee\\\/ru\\\/liisi\\\/#primaryimage\",\"url\":\"https:\\\/\\\/v3.lhk.ee\\\/ru\\\/wp-content\\\/uploads\\\/sites\\\/44\\\/2024\\\/08\\\/Liisi-2-1024x726.png\",\"contentUrl\":\"https:\\\/\\\/v3.lhk.ee\\\/ru\\\/wp-content\\\/uploads\\\/sites\\\/44\\\/2024\\\/08\\\/Liisi-2-1024x726.png\"},{\"@type\":\"BreadcrumbList\",\"@id\":\"https:\\\/\\\/lhk.ee\\\/ru\\\/liisi\\\/#breadcrumb\",\"itemListElement\":[{\"@type\":\"ListItem\",\"position\":1,\"name\":\"Home\",\"item\":\"https:\\\/\\\/lhk.ee\\\/ru\\\/\"},{\"@type\":\"ListItem\",\"position\":2,\"name\":\"Liisi\"}]},{\"@type\":\"WebSite\",\"@id\":\"https:\\\/\\\/lhk.ee\\\/ru\\\/#website\",\"url\":\"https:\\\/\\\/lhk.ee\\\/ru\\\/\",\"name\":\"L\u00e4\u00e4nemere Hambakliinik\",\"description\":\"\",\"publisher\":{\"@id\":\"https:\\\/\\\/lhk.ee\\\/ru\\\/#organization\"},\"potentialAction\":[{\"@type\":\"SearchAction\",\"target\":{\"@type\":\"EntryPoint\",\"urlTemplate\":\"https:\\\/\\\/lhk.ee\\\/ru\\\/?s={search_term_string}\"},\"query-input\":{\"@type\":\"PropertyValueSpecification\",\"valueRequired\":true,\"valueName\":\"search_term_string\"}}],\"inLanguage\":\"ru-RU\"},{\"@type\":\"Organization\",\"@id\":\"https:\\\/\\\/lhk.ee\\\/ru\\\/#organization\",\"name\":\"L\u00e4\u00e4nemere Hambakliinik\",\"url\":\"https:\\\/\\\/lhk.ee\\\/ru\\\/\",\"logo\":{\"@type\":\"ImageObject\",\"inLanguage\":\"ru-RU\",\"@id\":\"https:\\\/\\\/lhk.ee\\\/ru\\\/#\\\/schema\\\/logo\\\/image\\\/\",\"url\":\"https:\\\/\\\/lhk.ee\\\/ru\\\/wp-content\\\/uploads\\\/sites\\\/44\\\/2024\\\/03\\\/Screenshot-2024-03-07-151436-1.png\",\"contentUrl\":\"https:\\\/\\\/lhk.ee\\\/ru\\\/wp-content\\\/uploads\\\/sites\\\/44\\\/2024\\\/03\\\/Screenshot-2024-03-07-151436-1.png\",\"width\":2964,\"height\":850,\"caption\":\"L\u00e4\u00e4nemere Hambakliinik\"},\"image\":{\"@id\":\"https:\\\/\\\/lhk.ee\\\/ru\\\/#\\\/schema\\\/logo\\\/image\\\/\"}}]}<\/script>\n<!-- \/ Yoast SEO plugin. -->","yoast_head_json":{"title":"Liisi - L\u00e4\u00e4nemere Hambakliinik","robots":{"index":"index","follow":"follow","max-snippet":"max-snippet:-1","max-image-preview":"max-image-preview:large","max-video-preview":"max-video-preview:-1"},"canonical":"https:\/\/lhk.ee\/ru\/liisi\/","og_locale":"ru_RU","og_type":"article","og_title":"Liisi - L\u00e4\u00e4nemere Hambakliinik","og_description":"Liisi j\u00e4relmaks","og_url":"https:\/\/lhk.ee\/ru\/liisi\/","og_site_name":"L\u00e4\u00e4nemere Hambakliinik","article_modified_time":"2024-08-13T10:29:11+00:00","og_image":[{"url":"https:\/\/v3.lhk.ee\/ru\/wp-content\/uploads\/sites\/44\/2024\/08\/Liisi-2-1024x726.png","type":"","width":"","height":""}],"twitter_card":"summary_large_image","twitter_misc":{"\u041f\u0440\u0438\u043c\u0435\u0440\u043d\u043e\u0435 \u0432\u0440\u0435\u043c\u044f \u0434\u043b\u044f \u0447\u0442\u0435\u043d\u0438\u044f":"1 \u043c\u0438\u043d\u0443\u0442\u0430"},"schema":{"@context":"https:\/\/schema.org","@graph":[{"@type":"WebPage","@id":"https:\/\/lhk.ee\/ru\/liisi\/","url":"https:\/\/lhk.ee\/ru\/liisi\/","name":"Liisi - L\u00e4\u00e4nemere Hambakliinik","isPartOf":{"@id":"https:\/\/lhk.ee\/ru\/#website"},"primaryImageOfPage":{"@id":"https:\/\/lhk.ee\/ru\/liisi\/#primaryimage"},"image":{"@id":"https:\/\/lhk.ee\/ru\/liisi\/#primaryimage"},"thumbnailUrl":"https:\/\/v3.lhk.ee\/ru\/wp-content\/uploads\/sites\/44\/2024\/08\/Liisi-2-1024x726.png","datePublished":"2024-06-11T07:11:04+00:00","dateModified":"2024-08-13T10:29:11+00:00","breadcrumb":{"@id":"https:\/\/lhk.ee\/ru\/liisi\/#breadcrumb"},"inLanguage":"ru-RU","potentialAction":[{"@type":"ReadAction","target":["https:\/\/lhk.ee\/ru\/liisi\/"]}]},{"@type":"ImageObject","inLanguage":"ru-RU","@id":"https:\/\/lhk.ee\/ru\/liisi\/#primaryimage","url":"https:\/\/v3.lhk.ee\/ru\/wp-content\/uploads\/sites\/44\/2024\/08\/Liisi-2-1024x726.png","contentUrl":"https:\/\/v3.lhk.ee\/ru\/wp-content\/uploads\/sites\/44\/2024\/08\/Liisi-2-1024x726.png"},{"@type":"BreadcrumbList","@id":"https:\/\/lhk.ee\/ru\/liisi\/#breadcrumb","itemListElement":[{"@type":"ListItem","position":1,"name":"Home","item":"https:\/\/lhk.ee\/ru\/"},{"@type":"ListItem","position":2,"name":"Liisi"}]},{"@type":"WebSite","@id":"https:\/\/lhk.ee\/ru\/#website","url":"https:\/\/lhk.ee\/ru\/","name":"L\u00e4\u00e4nemere Hambakliinik","description":"","publisher":{"@id":"https:\/\/lhk.ee\/ru\/#organization"},"potentialAction":[{"@type":"SearchAction","target":{"@type":"EntryPoint","urlTemplate":"https:\/\/lhk.ee\/ru\/?s={search_term_string}"},"query-input":{"@type":"PropertyValueSpecification","valueRequired":true,"valueName":"search_term_string"}}],"inLanguage":"ru-RU"},{"@type":"Organization","@id":"https:\/\/lhk.ee\/ru\/#organization","name":"L\u00e4\u00e4nemere Hambakliinik","url":"https:\/\/lhk.ee\/ru\/","logo":{"@type":"ImageObject","inLanguage":"ru-RU","@id":"https:\/\/lhk.ee\/ru\/#\/schema\/logo\/image\/","url":"https:\/\/lhk.ee\/ru\/wp-content\/uploads\/sites\/44\/2024\/03\/Screenshot-2024-03-07-151436-1.png","contentUrl":"https:\/\/lhk.ee\/ru\/wp-content\/uploads\/sites\/44\/2024\/03\/Screenshot-2024-03-07-151436-1.png","width":2964,"height":850,"caption":"L\u00e4\u00e4nemere Hambakliinik"},"image":{"@id":"https:\/\/lhk.ee\/ru\/#\/schema\/logo\/image\/"}}]}},"_links":{"self":[{"href":"https:\/\/lhk.ee\/ru\/wp-json\/wp\/v2\/pages\/13017","targetHints":{"allow":["GET"]}}],"collection":[{"href":"https:\/\/lhk.ee\/ru\/wp-json\/wp\/v2\/pages"}],"about":[{"href":"https:\/\/lhk.ee\/ru\/wp-json\/wp\/v2\/types\/page"}],"author":[{"embeddable":true,"href":"https:\/\/lhk.ee\/ru\/wp-json\/wp\/v2\/users\/3"}],"replies":[{"embeddable":true,"href":"https:\/\/lhk.ee\/ru\/wp-json\/wp\/v2\/comments?post=13017"}],"version-history":[{"count":127,"href":"https:\/\/lhk.ee\/ru\/wp-json\/wp\/v2\/pages\/13017\/revisions"}],"predecessor-version":[{"id":17245,"href":"https:\/\/lhk.ee\/ru\/wp-json\/wp\/v2\/pages\/13017\/revisions\/17245"}],"wp:attachment":[{"href":"https:\/\/lhk.ee\/ru\/wp-json\/wp\/v2\/media?parent=13017"}],"curies":[{"name":"wp","href":"https:\/\/api.w.org\/{rel}","templated":true}]}}