{"id":14134,"date":"2024-06-20T11:41:56","date_gmt":"2024-06-20T09:41:56","guid":{"rendered":"https:\/\/v3.lhk.ee\/ru\/?page_id=14134"},"modified":"2026-02-02T13:16:37","modified_gmt":"2026-02-02T11:16:37","slug":"parkovka-linnamae-tee-3","status":"publish","type":"page","link":"https:\/\/lhk.ee\/ru\/parkovka-linnamae-tee-3\/","title":{"rendered":"\u041f\u0430\u0440\u043a\u043e\u0432\u043a\u0430. Linnam\u00e4e tee 3."},"content":{"rendered":"\t\t<div data-elementor-type=\"wp-page\" data-elementor-id=\"14134\" class=\"elementor elementor-14134\" data-elementor-post-type=\"page\">\n\t\t\t\t<div class=\"elementor-element elementor-element-ee908d1 e-flex e-con-boxed e-con e-parent\" data-id=\"ee908d1\" data-element_type=\"container\" data-e-type=\"container\">\n\t\t\t\t\t<div class=\"e-con-inner\">\n\t\t<div class=\"elementor-element elementor-element-fcc30ea e-con-full e-flex e-con e-child\" data-id=\"fcc30ea\" data-element_type=\"container\" data-e-type=\"container\">\n\t\t\t\t<div class=\"elementor-element elementor-element-0f89603 elementor-widget-laptop__width-initial elementor-widget elementor-widget-image\" data-id=\"0f89603\" data-element_type=\"widget\" data-e-type=\"widget\" data-widget_type=\"image.default\">\n\t\t\t\t<div class=\"elementor-widget-container\">\n\t\t\t\t\t\t\t\t\t\t\t\t\t\t\t<img fetchpriority=\"high\" decoding=\"async\" width=\"400\" height=\"400\" src=\"https:\/\/lhk.ee\/ru\/wp-content\/uploads\/sites\/44\/2024\/06\/parkimine.jpg\" class=\"attachment-large size-large wp-image-14137\" alt=\"\" srcset=\"https:\/\/lhk.ee\/ru\/wp-content\/uploads\/sites\/44\/2024\/06\/parkimine.jpg 400w, https:\/\/lhk.ee\/ru\/wp-content\/uploads\/sites\/44\/2024\/06\/parkimine-300x300.jpg 300w, https:\/\/lhk.ee\/ru\/wp-content\/uploads\/sites\/44\/2024\/06\/parkimine-150x150.jpg 150w, https:\/\/lhk.ee\/ru\/wp-content\/uploads\/sites\/44\/2024\/06\/parkimine-24x24.jpg 24w, https:\/\/lhk.ee\/ru\/wp-content\/uploads\/sites\/44\/2024\/06\/parkimine-36x36.jpg 36w, https:\/\/lhk.ee\/ru\/wp-content\/uploads\/sites\/44\/2024\/06\/parkimine-48x48.jpg 48w\" sizes=\"(max-width: 400px) 100vw, 400px\" \/>\t\t\t\t\t\t\t\t\t\t\t\t\t\t\t<\/div>\n\t\t\t\t<\/div>\n\t\t\t\t<\/div>\n\t\t<div class=\"elementor-element elementor-element-1b6345d e-con-full e-flex e-con e-child\" data-id=\"1b6345d\" data-element_type=\"container\" data-e-type=\"container\">\n\t\t\t\t<div class=\"elementor-element elementor-element-bd81595 elementor-widget__width-auto elementor-widget elementor-widget-heading\" data-id=\"bd81595\" data-element_type=\"widget\" data-e-type=\"widget\" data-widget_type=\"heading.default\">\n\t\t\t\t<div class=\"elementor-widget-container\">\n\t\t\t\t\t<h1 class=\"elementor-heading-title elementor-size-default\">\u041f\u0430\u0440\u043a\u043e\u0432\u043a\u0430. Linnam\u00e4e tee 3.<\/h1>\t\t\t\t<\/div>\n\t\t\t\t<\/div>\n\t\t\t\t<div class=\"elementor-element elementor-element-54a037e elementor-widget elementor-widget-text-editor\" data-id=\"54a037e\" data-element_type=\"widget\" data-e-type=\"widget\" data-widget_type=\"text-editor.default\">\n\t\t\t\t<div class=\"elementor-widget-container\">\n\t\t\t\t\t\t\t\t\t<h5>\u0417\u043e\u043d\u0430 \u043f\u0430\u0440\u043a\u043e\u0432\u043a\u0438\u00a0<strong>EP191<\/strong><\/h5>\t\t\t\t\t\t\t\t<\/div>\n\t\t\t\t<\/div>\n\t\t\t\t<div class=\"elementor-element elementor-element-1461ea5 elementor-widget elementor-widget-text-editor\" data-id=\"1461ea5\" data-element_type=\"widget\" data-e-type=\"widget\" data-widget_type=\"text-editor.default\">\n\t\t\t\t<div class=\"elementor-widget-container\">\n\t\t\t\t\t\t\t\t\t<p>1 \u0447\u0430\u0441 \u0411\u0415\u0421\u041f\u041b\u0410\u0422\u041d\u041e<\/p><p>\u0411\u0435\u0441\u043f\u043b\u0430\u0442\u043d\u0430\u044f \u043f\u0430\u0440\u043a\u043e\u0432\u043a\u0430 \u0432\u043e\u0437\u043c\u043e\u0436\u043d\u0430\u00a0<strong>\u0442\u043e\u043b\u044c\u043a\u043e \u043f\u0440\u0438 \u0440\u0435\u0433\u0438\u0441\u0442\u0440\u0430\u0446\u0438\u0438 \u0432 \u043f\u0430\u0440\u043a\u043e\u0432\u043e\u0447\u043d\u043e\u043c \u043a\u0438\u043e\u0441\u043a\u0435<\/strong>, \u043a\u043e\u0442\u043e\u0440\u044b\u0439 \u043d\u0430\u0445\u043e\u0434\u0438\u0442\u0441\u044f \u043d\u0430 \u043f\u0435\u0440\u0432\u043e\u043c \u044d\u0442\u0430\u0436\u0435 \u0437\u0434\u0430\u043d\u0438\u044f \u043f\u0440\u0438 \u0432\u0445\u043e\u0434\u0435.<\/p>\t\t\t\t\t\t\t\t<\/div>\n\t\t\t\t<\/div>\n\t\t\t\t<div class=\"elementor-element elementor-element-3aba070 elementor-widget elementor-widget-text-editor\" data-id=\"3aba070\" data-element_type=\"widget\" data-e-type=\"widget\" data-widget_type=\"text-editor.default\">\n\t\t\t\t<div class=\"elementor-widget-container\">\n\t\t\t\t\t\t\t\t\t<p>\u041e\u0431\u0440\u0430\u0449\u0430\u0435\u043c \u0432\u043d\u0438\u043c\u0430\u043d\u0438\u0435, \u0447\u0442\u043e <strong><span style=\"color: #ff0000;\">\u0438\u0441\u043f\u043e\u043b\u044c\u0437\u043e\u0432\u0430\u043d\u0438\u0435 \u043f\u0430\u0440\u043a\u043e\u0432\u043e\u0447\u043d\u044b\u0445 \u0447\u0430\u0441\u043e\u0432 \u0431\u043e\u043b\u044c\u0448\u0435 \u043d\u0435 \u043f\u0440\u0438\u043d\u0438\u043c\u0430\u0435\u0442\u0441\u044f \u0438 \u043d\u0435 \u0441\u0447\u0438\u0442\u0430\u0435\u0442\u0441\u044f \u0434\u0435\u0439\u0441\u0442\u0432\u0438\u0442\u0435\u043b\u044c\u043d\u044b\u043c \u0441\u043f\u043e\u0441\u043e\u0431\u043e\u043c \u0440\u0435\u0433\u0438\u0441\u0442\u0440\u0430\u0446\u0438\u0438<\/span><\/strong>.<\/p>\t\t\t\t\t\t\t\t<\/div>\n\t\t\t\t<\/div>\n\t\t\t\t<div class=\"elementor-element elementor-element-aaf1707 elementor-widget elementor-widget-text-editor\" data-id=\"aaf1707\" data-element_type=\"widget\" data-e-type=\"widget\" data-widget_type=\"text-editor.default\">\n\t\t\t\t<div class=\"elementor-widget-container\">\n\t\t\t\t\t\t\t\t\t<p>\u041f\u0440\u0438 \u043f\u0430\u0440\u043a\u043e\u0432\u043a\u0435 \u0430\u0432\u0442\u043e\u043c\u043e\u0431\u0438\u043b\u044f \u043d\u0430 \u0442\u0435\u0440\u0440\u0438\u0442\u043e\u0440\u0438\u0438 EP191 \u043a\u0430\u043a \u0441 \u043f\u043e\u043c\u043e\u0449\u044c\u044e \u043f\u0440\u0438\u043b\u043e\u0436\u0435\u043d\u0438\u044f\u00a0<strong>Pargi.ee<\/strong>, \u0447\u0435\u0440\u0435\u0437\u00a0<strong>SMS<\/strong>, \u0442\u0430\u043a \u0438 \u0441 \u043f\u043e\u043c\u043e\u0449\u044c\u044e\u00a0<strong>\u043f\u0440\u0438\u043b\u043e\u0436\u0435\u043d\u0438\u044f EuroPark<\/strong>\u00a01 \u0447\u0430\u0441\u00a0<strong>\u0430\u0432\u0442\u043e\u043c\u0430\u0442\u0438\u0447\u0435\u0441\u043a\u0438<\/strong>\u00a0\u0431\u0435\u0441\u043f\u043b\u0430\u0442\u043d\u043e. \u041f\u043e\u0441\u043b\u0435 \u0431\u0435\u0441\u043f\u043b\u0430\u0442\u043d\u043e\u0433\u043e \u0432\u0440\u0435\u043c\u0435\u043d\u0438 \u0442\u0430\u043a \u0436\u0435\u00a0<strong>\u0430\u0432\u0442\u043e\u043c\u0430\u0442\u0438\u0447\u0435\u0441\u043a\u0438<\/strong>\u00a0\u043d\u0430\u0447\u0438\u043d\u0430\u0435\u0442\u0441\u044f \u043f\u043b\u0430\u0442\u043d\u043e\u0435 \u0432\u0440\u0435\u043c\u044f.<\/p><p>\u041a\u0430\u0436\u0434\u044b\u0435 \u043d\u0430\u0447\u0430\u0442\u044b\u0435 30 \u043c\u0438\u043d \u2013 0.50\u20ac<\/p>\t\t\t\t\t\t\t\t<\/div>\n\t\t\t\t<\/div>\n\t\t\t\t<\/div>\n\t\t\t\t\t<\/div>\n\t\t\t\t<\/div>\n\t\t\t\t<\/div>\n\t\t","protected":false},"excerpt":{"rendered":"<p>\u041f\u0430\u0440\u043a\u043e\u0432\u043a\u0430. Linnam\u00e4e tee 3. \u0417\u043e\u043d\u0430 \u043f\u0430\u0440\u043a\u043e\u0432\u043a\u0438\u00a0EP191 1 \u0447\u0430\u0441 \u0411\u0415\u0421\u041f\u041b\u0410\u0422\u041d\u041e \u0411\u0435\u0441\u043f\u043b\u0430\u0442\u043d\u0430\u044f \u043f\u0430\u0440\u043a\u043e\u0432\u043a\u0430 \u0432\u043e\u0437\u043c\u043e\u0436\u043d\u0430\u00a0\u0442\u043e\u043b\u044c\u043a\u043e \u043f\u0440\u0438 \u0440\u0435\u0433\u0438\u0441\u0442\u0440\u0430\u0446\u0438\u0438 \u0432 \u043f\u0430\u0440\u043a\u043e\u0432\u043e\u0447\u043d\u043e\u043c \u043a\u0438\u043e\u0441\u043a\u0435, \u043a\u043e\u0442\u043e\u0440\u044b\u0439 \u043d\u0430\u0445\u043e\u0434\u0438\u0442\u0441\u044f \u043d\u0430 \u043f\u0435\u0440\u0432\u043e\u043c \u044d\u0442\u0430\u0436\u0435 \u0437\u0434\u0430\u043d\u0438\u044f \u043f\u0440\u0438 \u0432\u0445\u043e\u0434\u0435. \u041e\u0431\u0440\u0430\u0449\u0430\u0435\u043c \u0432\u043d\u0438\u043c\u0430\u043d\u0438\u0435, \u0447\u0442\u043e \u0438\u0441\u043f\u043e\u043b\u044c\u0437\u043e\u0432\u0430\u043d\u0438\u0435 \u043f\u0430\u0440\u043a\u043e\u0432\u043e\u0447\u043d\u044b\u0445 \u0447\u0430\u0441\u043e\u0432 \u0431\u043e\u043b\u044c\u0448\u0435 \u043d\u0435 \u043f\u0440\u0438\u043d\u0438\u043c\u0430\u0435\u0442\u0441\u044f \u0438 \u043d\u0435 \u0441\u0447\u0438\u0442\u0430\u0435\u0442\u0441\u044f \u0434\u0435\u0439\u0441\u0442\u0432\u0438\u0442\u0435\u043b\u044c\u043d\u044b\u043c \u0441\u043f\u043e\u0441\u043e\u0431\u043e\u043c \u0440\u0435\u0433\u0438\u0441\u0442\u0440\u0430\u0446\u0438\u0438. \u041f\u0440\u0438 \u043f\u0430\u0440\u043a\u043e\u0432\u043a\u0435 \u0430\u0432\u0442\u043e\u043c\u043e\u0431\u0438\u043b\u044f \u043d\u0430 \u0442\u0435\u0440\u0440\u0438\u0442\u043e\u0440\u0438\u0438 EP191 \u043a\u0430\u043a \u0441 \u043f\u043e\u043c\u043e\u0449\u044c\u044e \u043f\u0440\u0438\u043b\u043e\u0436\u0435\u043d\u0438\u044f\u00a0Pargi.ee, \u0447\u0435\u0440\u0435\u0437\u00a0SMS, \u0442\u0430\u043a \u0438 \u0441 \u043f\u043e\u043c\u043e\u0449\u044c\u044e\u00a0\u043f\u0440\u0438\u043b\u043e\u0436\u0435\u043d\u0438\u044f [&hellip;]<\/p>\n","protected":false},"author":5,"featured_media":0,"parent":0,"menu_order":0,"comment_status":"closed","ping_status":"closed","template":"template-page-builder.php","meta":{"footnotes":""},"class_list":["post-14134","page","type-page","status-publish","hentry","entry"],"yoast_head":"<!-- This site is optimized with the Yoast SEO plugin v27.5 - https:\/\/yoast.com\/product\/yoast-seo-wordpress\/ -->\n<title>\u041f\u0430\u0440\u043a\u043e\u0432\u043a\u0430. Linnam\u00e4e tee 3. - L\u00e4\u00e4nemere Hambakliinik<\/title>\n<meta name=\"robots\" content=\"index, follow, max-snippet:-1, max-image-preview:large, max-video-preview:-1\" \/>\n<link rel=\"canonical\" href=\"https:\/\/lhk.ee\/ru\/parkovka-linnamae-tee-3\/\" \/>\n<meta property=\"og:locale\" content=\"ru_RU\" \/>\n<meta property=\"og:type\" content=\"article\" \/>\n<meta property=\"og:title\" content=\"\u041f\u0430\u0440\u043a\u043e\u0432\u043a\u0430. Linnam\u00e4e tee 3. - L\u00e4\u00e4nemere Hambakliinik\" \/>\n<meta property=\"og:description\" content=\"\u041f\u0430\u0440\u043a\u043e\u0432\u043a\u0430. Linnam\u00e4e tee 3. \u0417\u043e\u043d\u0430 \u043f\u0430\u0440\u043a\u043e\u0432\u043a\u0438\u00a0EP191 1 \u0447\u0430\u0441 \u0411\u0415\u0421\u041f\u041b\u0410\u0422\u041d\u041e \u0411\u0435\u0441\u043f\u043b\u0430\u0442\u043d\u0430\u044f \u043f\u0430\u0440\u043a\u043e\u0432\u043a\u0430 \u0432\u043e\u0437\u043c\u043e\u0436\u043d\u0430\u00a0\u0442\u043e\u043b\u044c\u043a\u043e \u043f\u0440\u0438 \u0440\u0435\u0433\u0438\u0441\u0442\u0440\u0430\u0446\u0438\u0438 \u0432 \u043f\u0430\u0440\u043a\u043e\u0432\u043e\u0447\u043d\u043e\u043c \u043a\u0438\u043e\u0441\u043a\u0435, \u043a\u043e\u0442\u043e\u0440\u044b\u0439 \u043d\u0430\u0445\u043e\u0434\u0438\u0442\u0441\u044f \u043d\u0430 \u043f\u0435\u0440\u0432\u043e\u043c \u044d\u0442\u0430\u0436\u0435 \u0437\u0434\u0430\u043d\u0438\u044f \u043f\u0440\u0438 \u0432\u0445\u043e\u0434\u0435. \u041e\u0431\u0440\u0430\u0449\u0430\u0435\u043c \u0432\u043d\u0438\u043c\u0430\u043d\u0438\u0435, \u0447\u0442\u043e \u0438\u0441\u043f\u043e\u043b\u044c\u0437\u043e\u0432\u0430\u043d\u0438\u0435 \u043f\u0430\u0440\u043a\u043e\u0432\u043e\u0447\u043d\u044b\u0445 \u0447\u0430\u0441\u043e\u0432 \u0431\u043e\u043b\u044c\u0448\u0435 \u043d\u0435 \u043f\u0440\u0438\u043d\u0438\u043c\u0430\u0435\u0442\u0441\u044f \u0438 \u043d\u0435 \u0441\u0447\u0438\u0442\u0430\u0435\u0442\u0441\u044f \u0434\u0435\u0439\u0441\u0442\u0432\u0438\u0442\u0435\u043b\u044c\u043d\u044b\u043c \u0441\u043f\u043e\u0441\u043e\u0431\u043e\u043c \u0440\u0435\u0433\u0438\u0441\u0442\u0440\u0430\u0446\u0438\u0438. \u041f\u0440\u0438 \u043f\u0430\u0440\u043a\u043e\u0432\u043a\u0435 \u0430\u0432\u0442\u043e\u043c\u043e\u0431\u0438\u043b\u044f \u043d\u0430 \u0442\u0435\u0440\u0440\u0438\u0442\u043e\u0440\u0438\u0438 EP191 \u043a\u0430\u043a \u0441 \u043f\u043e\u043c\u043e\u0449\u044c\u044e \u043f\u0440\u0438\u043b\u043e\u0436\u0435\u043d\u0438\u044f\u00a0Pargi.ee, \u0447\u0435\u0440\u0435\u0437\u00a0SMS, \u0442\u0430\u043a \u0438 \u0441 \u043f\u043e\u043c\u043e\u0449\u044c\u044e\u00a0\u043f\u0440\u0438\u043b\u043e\u0436\u0435\u043d\u0438\u044f [&hellip;]\" \/>\n<meta property=\"og:url\" content=\"https:\/\/lhk.ee\/ru\/parkovka-linnamae-tee-3\/\" \/>\n<meta property=\"og:site_name\" content=\"L\u00e4\u00e4nemere Hambakliinik\" \/>\n<meta property=\"article:modified_time\" content=\"2026-02-02T11:16:37+00:00\" \/>\n<meta property=\"og:image\" content=\"https:\/\/lhk.ee\/ru\/wp-content\/uploads\/sites\/44\/2024\/06\/parkimine.jpg\" \/>\n\t<meta property=\"og:image:width\" content=\"400\" \/>\n\t<meta property=\"og:image:height\" content=\"400\" \/>\n\t<meta property=\"og:image:type\" content=\"image\/jpeg\" \/>\n<meta name=\"twitter:card\" content=\"summary_large_image\" \/>\n<meta name=\"twitter:label1\" content=\"\u041f\u0440\u0438\u043c\u0435\u0440\u043d\u043e\u0435 \u0432\u0440\u0435\u043c\u044f \u0434\u043b\u044f \u0447\u0442\u0435\u043d\u0438\u044f\" \/>\n\t<meta name=\"twitter:data1\" content=\"1 \u043c\u0438\u043d\u0443\u0442\u0430\" \/>\n<script type=\"application\/ld+json\" class=\"yoast-schema-graph\">{\"@context\":\"https:\\\/\\\/schema.org\",\"@graph\":[{\"@type\":\"WebPage\",\"@id\":\"https:\\\/\\\/lhk.ee\\\/ru\\\/parkovka-linnamae-tee-3\\\/\",\"url\":\"https:\\\/\\\/lhk.ee\\\/ru\\\/parkovka-linnamae-tee-3\\\/\",\"name\":\"\u041f\u0430\u0440\u043a\u043e\u0432\u043a\u0430. Linnam\u00e4e tee 3. - L\u00e4\u00e4nemere Hambakliinik\",\"isPartOf\":{\"@id\":\"https:\\\/\\\/lhk.ee\\\/ru\\\/#website\"},\"primaryImageOfPage\":{\"@id\":\"https:\\\/\\\/lhk.ee\\\/ru\\\/parkovka-linnamae-tee-3\\\/#primaryimage\"},\"image\":{\"@id\":\"https:\\\/\\\/lhk.ee\\\/ru\\\/parkovka-linnamae-tee-3\\\/#primaryimage\"},\"thumbnailUrl\":\"https:\\\/\\\/lhk.ee\\\/ru\\\/wp-content\\\/uploads\\\/sites\\\/44\\\/2024\\\/06\\\/parkimine.jpg\",\"datePublished\":\"2024-06-20T09:41:56+00:00\",\"dateModified\":\"2026-02-02T11:16:37+00:00\",\"breadcrumb\":{\"@id\":\"https:\\\/\\\/lhk.ee\\\/ru\\\/parkovka-linnamae-tee-3\\\/#breadcrumb\"},\"inLanguage\":\"ru-RU\",\"potentialAction\":[{\"@type\":\"ReadAction\",\"target\":[\"https:\\\/\\\/lhk.ee\\\/ru\\\/parkovka-linnamae-tee-3\\\/\"]}]},{\"@type\":\"ImageObject\",\"inLanguage\":\"ru-RU\",\"@id\":\"https:\\\/\\\/lhk.ee\\\/ru\\\/parkovka-linnamae-tee-3\\\/#primaryimage\",\"url\":\"https:\\\/\\\/lhk.ee\\\/ru\\\/wp-content\\\/uploads\\\/sites\\\/44\\\/2024\\\/06\\\/parkimine.jpg\",\"contentUrl\":\"https:\\\/\\\/lhk.ee\\\/ru\\\/wp-content\\\/uploads\\\/sites\\\/44\\\/2024\\\/06\\\/parkimine.jpg\",\"width\":400,\"height\":400},{\"@type\":\"BreadcrumbList\",\"@id\":\"https:\\\/\\\/lhk.ee\\\/ru\\\/parkovka-linnamae-tee-3\\\/#breadcrumb\",\"itemListElement\":[{\"@type\":\"ListItem\",\"position\":1,\"name\":\"Home\",\"item\":\"https:\\\/\\\/lhk.ee\\\/ru\\\/\"},{\"@type\":\"ListItem\",\"position\":2,\"name\":\"\u041f\u0430\u0440\u043a\u043e\u0432\u043a\u0430. Linnam\u00e4e tee 3.\"}]},{\"@type\":\"WebSite\",\"@id\":\"https:\\\/\\\/lhk.ee\\\/ru\\\/#website\",\"url\":\"https:\\\/\\\/lhk.ee\\\/ru\\\/\",\"name\":\"L\u00e4\u00e4nemere Hambakliinik\",\"description\":\"\",\"publisher\":{\"@id\":\"https:\\\/\\\/lhk.ee\\\/ru\\\/#organization\"},\"potentialAction\":[{\"@type\":\"SearchAction\",\"target\":{\"@type\":\"EntryPoint\",\"urlTemplate\":\"https:\\\/\\\/lhk.ee\\\/ru\\\/?s={search_term_string}\"},\"query-input\":{\"@type\":\"PropertyValueSpecification\",\"valueRequired\":true,\"valueName\":\"search_term_string\"}}],\"inLanguage\":\"ru-RU\"},{\"@type\":\"Organization\",\"@id\":\"https:\\\/\\\/lhk.ee\\\/ru\\\/#organization\",\"name\":\"L\u00e4\u00e4nemere Hambakliinik\",\"url\":\"https:\\\/\\\/lhk.ee\\\/ru\\\/\",\"logo\":{\"@type\":\"ImageObject\",\"inLanguage\":\"ru-RU\",\"@id\":\"https:\\\/\\\/lhk.ee\\\/ru\\\/#\\\/schema\\\/logo\\\/image\\\/\",\"url\":\"https:\\\/\\\/lhk.ee\\\/ru\\\/wp-content\\\/uploads\\\/sites\\\/44\\\/2024\\\/03\\\/Screenshot-2024-03-07-151436-1.png\",\"contentUrl\":\"https:\\\/\\\/lhk.ee\\\/ru\\\/wp-content\\\/uploads\\\/sites\\\/44\\\/2024\\\/03\\\/Screenshot-2024-03-07-151436-1.png\",\"width\":2964,\"height\":850,\"caption\":\"L\u00e4\u00e4nemere Hambakliinik\"},\"image\":{\"@id\":\"https:\\\/\\\/lhk.ee\\\/ru\\\/#\\\/schema\\\/logo\\\/image\\\/\"}}]}<\/script>\n<!-- \/ Yoast SEO plugin. -->","yoast_head_json":{"title":"\u041f\u0430\u0440\u043a\u043e\u0432\u043a\u0430. Linnam\u00e4e tee 3. - L\u00e4\u00e4nemere Hambakliinik","robots":{"index":"index","follow":"follow","max-snippet":"max-snippet:-1","max-image-preview":"max-image-preview:large","max-video-preview":"max-video-preview:-1"},"canonical":"https:\/\/lhk.ee\/ru\/parkovka-linnamae-tee-3\/","og_locale":"ru_RU","og_type":"article","og_title":"\u041f\u0430\u0440\u043a\u043e\u0432\u043a\u0430. Linnam\u00e4e tee 3. - L\u00e4\u00e4nemere Hambakliinik","og_description":"\u041f\u0430\u0440\u043a\u043e\u0432\u043a\u0430. Linnam\u00e4e tee 3. \u0417\u043e\u043d\u0430 \u043f\u0430\u0440\u043a\u043e\u0432\u043a\u0438\u00a0EP191 1 \u0447\u0430\u0441 \u0411\u0415\u0421\u041f\u041b\u0410\u0422\u041d\u041e \u0411\u0435\u0441\u043f\u043b\u0430\u0442\u043d\u0430\u044f \u043f\u0430\u0440\u043a\u043e\u0432\u043a\u0430 \u0432\u043e\u0437\u043c\u043e\u0436\u043d\u0430\u00a0\u0442\u043e\u043b\u044c\u043a\u043e \u043f\u0440\u0438 \u0440\u0435\u0433\u0438\u0441\u0442\u0440\u0430\u0446\u0438\u0438 \u0432 \u043f\u0430\u0440\u043a\u043e\u0432\u043e\u0447\u043d\u043e\u043c \u043a\u0438\u043e\u0441\u043a\u0435, \u043a\u043e\u0442\u043e\u0440\u044b\u0439 \u043d\u0430\u0445\u043e\u0434\u0438\u0442\u0441\u044f \u043d\u0430 \u043f\u0435\u0440\u0432\u043e\u043c \u044d\u0442\u0430\u0436\u0435 \u0437\u0434\u0430\u043d\u0438\u044f \u043f\u0440\u0438 \u0432\u0445\u043e\u0434\u0435. \u041e\u0431\u0440\u0430\u0449\u0430\u0435\u043c \u0432\u043d\u0438\u043c\u0430\u043d\u0438\u0435, \u0447\u0442\u043e \u0438\u0441\u043f\u043e\u043b\u044c\u0437\u043e\u0432\u0430\u043d\u0438\u0435 \u043f\u0430\u0440\u043a\u043e\u0432\u043e\u0447\u043d\u044b\u0445 \u0447\u0430\u0441\u043e\u0432 \u0431\u043e\u043b\u044c\u0448\u0435 \u043d\u0435 \u043f\u0440\u0438\u043d\u0438\u043c\u0430\u0435\u0442\u0441\u044f \u0438 \u043d\u0435 \u0441\u0447\u0438\u0442\u0430\u0435\u0442\u0441\u044f \u0434\u0435\u0439\u0441\u0442\u0432\u0438\u0442\u0435\u043b\u044c\u043d\u044b\u043c \u0441\u043f\u043e\u0441\u043e\u0431\u043e\u043c \u0440\u0435\u0433\u0438\u0441\u0442\u0440\u0430\u0446\u0438\u0438. \u041f\u0440\u0438 \u043f\u0430\u0440\u043a\u043e\u0432\u043a\u0435 \u0430\u0432\u0442\u043e\u043c\u043e\u0431\u0438\u043b\u044f \u043d\u0430 \u0442\u0435\u0440\u0440\u0438\u0442\u043e\u0440\u0438\u0438 EP191 \u043a\u0430\u043a \u0441 \u043f\u043e\u043c\u043e\u0449\u044c\u044e \u043f\u0440\u0438\u043b\u043e\u0436\u0435\u043d\u0438\u044f\u00a0Pargi.ee, \u0447\u0435\u0440\u0435\u0437\u00a0SMS, \u0442\u0430\u043a \u0438 \u0441 \u043f\u043e\u043c\u043e\u0449\u044c\u044e\u00a0\u043f\u0440\u0438\u043b\u043e\u0436\u0435\u043d\u0438\u044f [&hellip;]","og_url":"https:\/\/lhk.ee\/ru\/parkovka-linnamae-tee-3\/","og_site_name":"L\u00e4\u00e4nemere Hambakliinik","article_modified_time":"2026-02-02T11:16:37+00:00","og_image":[{"width":400,"height":400,"url":"https:\/\/lhk.ee\/ru\/wp-content\/uploads\/sites\/44\/2024\/06\/parkimine.jpg","type":"image\/jpeg"}],"twitter_card":"summary_large_image","twitter_misc":{"\u041f\u0440\u0438\u043c\u0435\u0440\u043d\u043e\u0435 \u0432\u0440\u0435\u043c\u044f \u0434\u043b\u044f \u0447\u0442\u0435\u043d\u0438\u044f":"1 \u043c\u0438\u043d\u0443\u0442\u0430"},"schema":{"@context":"https:\/\/schema.org","@graph":[{"@type":"WebPage","@id":"https:\/\/lhk.ee\/ru\/parkovka-linnamae-tee-3\/","url":"https:\/\/lhk.ee\/ru\/parkovka-linnamae-tee-3\/","name":"\u041f\u0430\u0440\u043a\u043e\u0432\u043a\u0430. Linnam\u00e4e tee 3. - L\u00e4\u00e4nemere Hambakliinik","isPartOf":{"@id":"https:\/\/lhk.ee\/ru\/#website"},"primaryImageOfPage":{"@id":"https:\/\/lhk.ee\/ru\/parkovka-linnamae-tee-3\/#primaryimage"},"image":{"@id":"https:\/\/lhk.ee\/ru\/parkovka-linnamae-tee-3\/#primaryimage"},"thumbnailUrl":"https:\/\/lhk.ee\/ru\/wp-content\/uploads\/sites\/44\/2024\/06\/parkimine.jpg","datePublished":"2024-06-20T09:41:56+00:00","dateModified":"2026-02-02T11:16:37+00:00","breadcrumb":{"@id":"https:\/\/lhk.ee\/ru\/parkovka-linnamae-tee-3\/#breadcrumb"},"inLanguage":"ru-RU","potentialAction":[{"@type":"ReadAction","target":["https:\/\/lhk.ee\/ru\/parkovka-linnamae-tee-3\/"]}]},{"@type":"ImageObject","inLanguage":"ru-RU","@id":"https:\/\/lhk.ee\/ru\/parkovka-linnamae-tee-3\/#primaryimage","url":"https:\/\/lhk.ee\/ru\/wp-content\/uploads\/sites\/44\/2024\/06\/parkimine.jpg","contentUrl":"https:\/\/lhk.ee\/ru\/wp-content\/uploads\/sites\/44\/2024\/06\/parkimine.jpg","width":400,"height":400},{"@type":"BreadcrumbList","@id":"https:\/\/lhk.ee\/ru\/parkovka-linnamae-tee-3\/#breadcrumb","itemListElement":[{"@type":"ListItem","position":1,"name":"Home","item":"https:\/\/lhk.ee\/ru\/"},{"@type":"ListItem","position":2,"name":"\u041f\u0430\u0440\u043a\u043e\u0432\u043a\u0430. Linnam\u00e4e tee 3."}]},{"@type":"WebSite","@id":"https:\/\/lhk.ee\/ru\/#website","url":"https:\/\/lhk.ee\/ru\/","name":"L\u00e4\u00e4nemere Hambakliinik","description":"","publisher":{"@id":"https:\/\/lhk.ee\/ru\/#organization"},"potentialAction":[{"@type":"SearchAction","target":{"@type":"EntryPoint","urlTemplate":"https:\/\/lhk.ee\/ru\/?s={search_term_string}"},"query-input":{"@type":"PropertyValueSpecification","valueRequired":true,"valueName":"search_term_string"}}],"inLanguage":"ru-RU"},{"@type":"Organization","@id":"https:\/\/lhk.ee\/ru\/#organization","name":"L\u00e4\u00e4nemere Hambakliinik","url":"https:\/\/lhk.ee\/ru\/","logo":{"@type":"ImageObject","inLanguage":"ru-RU","@id":"https:\/\/lhk.ee\/ru\/#\/schema\/logo\/image\/","url":"https:\/\/lhk.ee\/ru\/wp-content\/uploads\/sites\/44\/2024\/03\/Screenshot-2024-03-07-151436-1.png","contentUrl":"https:\/\/lhk.ee\/ru\/wp-content\/uploads\/sites\/44\/2024\/03\/Screenshot-2024-03-07-151436-1.png","width":2964,"height":850,"caption":"L\u00e4\u00e4nemere Hambakliinik"},"image":{"@id":"https:\/\/lhk.ee\/ru\/#\/schema\/logo\/image\/"}}]}},"_links":{"self":[{"href":"https:\/\/lhk.ee\/ru\/wp-json\/wp\/v2\/pages\/14134","targetHints":{"allow":["GET"]}}],"collection":[{"href":"https:\/\/lhk.ee\/ru\/wp-json\/wp\/v2\/pages"}],"about":[{"href":"https:\/\/lhk.ee\/ru\/wp-json\/wp\/v2\/types\/page"}],"author":[{"embeddable":true,"href":"https:\/\/lhk.ee\/ru\/wp-json\/wp\/v2\/users\/5"}],"replies":[{"embeddable":true,"href":"https:\/\/lhk.ee\/ru\/wp-json\/wp\/v2\/comments?post=14134"}],"version-history":[{"count":29,"href":"https:\/\/lhk.ee\/ru\/wp-json\/wp\/v2\/pages\/14134\/revisions"}],"predecessor-version":[{"id":20137,"href":"https:\/\/lhk.ee\/ru\/wp-json\/wp\/v2\/pages\/14134\/revisions\/20137"}],"wp:attachment":[{"href":"https:\/\/lhk.ee\/ru\/wp-json\/wp\/v2\/media?parent=14134"}],"curies":[{"name":"wp","href":"https:\/\/api.w.org\/{rel}","templated":true}]}}