{"id":20318,"date":"2026-04-17T11:13:34","date_gmt":"2026-04-17T09:13:34","guid":{"rendered":"https:\/\/lhk.ee\/ru\/?page_id=20318"},"modified":"2026-04-17T12:28:14","modified_gmt":"2026-04-17T10:28:14","slug":"%d0%bf%d0%b5%d0%bb%d1%8c%d0%b3%d1%83%d0%bb%d0%b8%d0%bd%d0%bd-%d0%ba%d0%bb%d0%b8%d0%bd%d0%b8%d0%ba","status":"publish","type":"page","link":"https:\/\/lhk.ee\/ru\/%d0%bf%d0%b5%d0%bb%d1%8c%d0%b3%d1%83%d0%bb%d0%b8%d0%bd%d0%bd-%d0%ba%d0%bb%d0%b8%d0%bd%d0%b8%d0%ba\/","title":{"rendered":"\u041f\u0435\u043b\u044c\u0433\u0443\u043b\u0438\u043d\u043d \u043a\u043b\u0438\u043d\u0438\u043a"},"content":{"rendered":"\t\t<div data-elementor-type=\"wp-page\" data-elementor-id=\"20318\" class=\"elementor elementor-20318\" data-elementor-post-type=\"page\">\n\t\t\t\t<div class=\"elementor-element elementor-element-4a2dd48 e-flex e-con-boxed e-con e-parent\" data-id=\"4a2dd48\" data-element_type=\"container\" data-e-type=\"container\">\n\t\t\t\t\t<div class=\"e-con-inner\">\n\t\t<div class=\"elementor-element elementor-element-b1f28c8 e-con-full e-flex e-con e-child\" data-id=\"b1f28c8\" data-element_type=\"container\" data-e-type=\"container\">\n\t\t\t\t<div class=\"elementor-element elementor-element-8a9ce19 elementor-widget elementor-widget-heading\" data-id=\"8a9ce19\" data-element_type=\"widget\" data-e-type=\"widget\" data-widget_type=\"heading.default\">\n\t\t\t\t<div class=\"elementor-widget-container\">\n\t\t\t\t\t<h3 class=\"elementor-heading-title elementor-size-default\">Google Maps Street View \u043a\u043b\u0438\u043d\u0438\u043a\u0438 \u041f\u0435\u043b\u044c\u0433\u0443\u043b\u0438\u043d\u043d<\/h3>\t\t\t\t<\/div>\n\t\t\t\t<\/div>\n\t\t\t\t<div class=\"elementor-element elementor-element-f034c1a elementor-widget elementor-widget-html\" data-id=\"f034c1a\" data-element_type=\"widget\" data-e-type=\"widget\" data-widget_type=\"html.default\">\n\t\t\t\t<div class=\"elementor-widget-container\">\n\t\t\t\t\t<iframe src=\"https:\/\/www.google.com\/maps\/embed?pb=!4v1776256439704!6m8!1m7!1sCAoSHENJQUJJaEFlRWkyanJZa2FBSml0SHBfWnBZUEk.!2m2!1d59.43551191652482!2d24.71154033981732!3f339.2523899426855!4f-14.615072762426607!5f0.4000000000000002\" width=\"100%\" height=\"600\" style=\"border:0;\" allowfullscreen=\"\" loading=\"lazy\" referrerpolicy=\"no-referrer-when-downgrade\"><\/iframe>\t\t\t\t<\/div>\n\t\t\t\t<\/div>\n\t\t\t\t<div class=\"elementor-element elementor-element-580561d elementor-widget elementor-widget-text-editor\" data-id=\"580561d\" data-element_type=\"widget\" data-e-type=\"widget\" data-widget_type=\"text-editor.default\">\n\t\t\t\t<div class=\"elementor-widget-container\">\n\t\t\t\t\t\t\t\t\t<p><strong>L\u00e4\u00e4nemere hambakliinik O\u00dc<br \/><\/strong>\u00c4dala 1, V \u044d\u0442\u0430\u0436<br \/>10614 Tallinn<strong><br \/><br \/>\u041f\u0430\u0440\u043a\u043e\u0432\u043a\u0430<\/strong><br \/>\u0411\u0435\u0441\u043f\u043b\u0430\u0442\u043d\u0430\u044f \u043f\u0430\u0440\u043a\u043e\u0432\u043a\u0430 \u043d\u0430\u0445\u043e\u0434\u0438\u0442\u0441\u044f \u0447\u0435\u0440\u0435\u0437 \u0434\u043e\u0440\u043e\u0433\u0443 \u043e\u0442 Pelgulinna Tervisemaja \u0438 \u0434\u0430\u043b\u0435\u0435 \u0432\u0434\u043e\u043b\u044c \u0434\u043e\u0440\u043e\u0433\u0438 \u00c4dala.<br \/><strong><br \/>\u0427\u0430\u0441\u044b \u0440\u0430\u0431\u043e\u0442\u044b<\/strong><br \/>\u041f\u043d-\u041f\u0442: 08:00 \u2014 18:00<br \/>\u0421\u0431: \u0417\u0430\u043a\u0440\u044b\u0442\u043e<br \/>\u0412\u0441: \u0417\u0430\u043a\u0440\u044b\u0442\u043e<br \/><strong><br \/>\u0422\u0440\u0430\u043d\u0441\u043f\u043e\u0440\u0442<\/strong><br \/>\u0410\u0432\u0442\u043e\u0431\u0443\u0441\u044b<br \/>26; 26a; 32; 33; 35; 66; 72<br \/>40; 59<br \/><br \/><strong>\u041e\u0441\u0442\u0430\u043d\u043e\u0432\u043a\u0438<\/strong><br \/>\u00c4dala \u2014 1 \u043c\u0438\u043d<br \/>Lille \u2014 7 \u043c\u0438\u043d<br \/>H\u00e4rjapea \u2014 7 \u043c\u0438\u043d<\/p>\t\t\t\t\t\t\t\t<\/div>\n\t\t\t\t<\/div>\n\t\t\t\t<\/div>\n\t\t\t\t\t<\/div>\n\t\t\t\t<\/div>\n\t\t\t\t<\/div>\n\t\t","protected":false},"excerpt":{"rendered":"<p>Google Maps Street View \u043a\u043b\u0438\u043d\u0438\u043a\u0438 \u041f\u0435\u043b\u044c\u0433\u0443\u043b\u0438\u043d\u043d L\u00e4\u00e4nemere hambakliinik O\u00dc\u00c4dala 1, V \u044d\u0442\u0430\u043610614 Tallinn \u041f\u0430\u0440\u043a\u043e\u0432\u043a\u0430\u0411\u0435\u0441\u043f\u043b\u0430\u0442\u043d\u0430\u044f \u043f\u0430\u0440\u043a\u043e\u0432\u043a\u0430 \u043d\u0430\u0445\u043e\u0434\u0438\u0442\u0441\u044f \u0447\u0435\u0440\u0435\u0437 \u0434\u043e\u0440\u043e\u0433\u0443 \u043e\u0442 Pelgulinna Tervisemaja \u0438 \u0434\u0430\u043b\u0435\u0435 \u0432\u0434\u043e\u043b\u044c \u0434\u043e\u0440\u043e\u0433\u0438 \u00c4dala.\u0427\u0430\u0441\u044b \u0440\u0430\u0431\u043e\u0442\u044b\u041f\u043d-\u041f\u0442: 08:00 \u2014 18:00\u0421\u0431: \u0417\u0430\u043a\u0440\u044b\u0442\u043e\u0412\u0441: \u0417\u0430\u043a\u0440\u044b\u0442\u043e\u0422\u0440\u0430\u043d\u0441\u043f\u043e\u0440\u0442\u0410\u0432\u0442\u043e\u0431\u0443\u0441\u044b26; 26a; 32; 33; 35; 66; 7240; 59 \u041e\u0441\u0442\u0430\u043d\u043e\u0432\u043a\u0438\u00c4dala \u2014 1 \u043c\u0438\u043dLille \u2014 7 \u043c\u0438\u043dH\u00e4rjapea \u2014 7 \u043c\u0438\u043d<\/p>\n","protected":false},"author":9,"featured_media":0,"parent":0,"menu_order":0,"comment_status":"closed","ping_status":"closed","template":"template-page-builder.php","meta":{"footnotes":""},"class_list":["post-20318","page","type-page","status-publish","hentry","entry"],"yoast_head":"<!-- This site is optimized with the Yoast SEO plugin v27.5 - https:\/\/yoast.com\/product\/yoast-seo-wordpress\/ -->\n<title>\u041f\u0435\u043b\u044c\u0433\u0443\u043b\u0438\u043d\u043d \u043a\u043b\u0438\u043d\u0438\u043a - L\u00e4\u00e4nemere Hambakliinik<\/title>\n<meta name=\"robots\" content=\"index, follow, max-snippet:-1, max-image-preview:large, max-video-preview:-1\" \/>\n<link rel=\"canonical\" href=\"https:\/\/lhk.ee\/ru\/\u043f\u0435\u043b\u044c\u0433\u0443\u043b\u0438\u043d\u043d-\u043a\u043b\u0438\u043d\u0438\u043a\/\" \/>\n<meta property=\"og:locale\" content=\"ru_RU\" \/>\n<meta property=\"og:type\" content=\"article\" \/>\n<meta property=\"og:title\" content=\"\u041f\u0435\u043b\u044c\u0433\u0443\u043b\u0438\u043d\u043d \u043a\u043b\u0438\u043d\u0438\u043a - L\u00e4\u00e4nemere Hambakliinik\" \/>\n<meta property=\"og:description\" content=\"Google Maps Street View \u043a\u043b\u0438\u043d\u0438\u043a\u0438 \u041f\u0435\u043b\u044c\u0433\u0443\u043b\u0438\u043d\u043d L\u00e4\u00e4nemere hambakliinik O\u00dc\u00c4dala 1, V \u044d\u0442\u0430\u043610614 Tallinn \u041f\u0430\u0440\u043a\u043e\u0432\u043a\u0430\u0411\u0435\u0441\u043f\u043b\u0430\u0442\u043d\u0430\u044f \u043f\u0430\u0440\u043a\u043e\u0432\u043a\u0430 \u043d\u0430\u0445\u043e\u0434\u0438\u0442\u0441\u044f \u0447\u0435\u0440\u0435\u0437 \u0434\u043e\u0440\u043e\u0433\u0443 \u043e\u0442 Pelgulinna Tervisemaja \u0438 \u0434\u0430\u043b\u0435\u0435 \u0432\u0434\u043e\u043b\u044c \u0434\u043e\u0440\u043e\u0433\u0438 \u00c4dala.\u0427\u0430\u0441\u044b \u0440\u0430\u0431\u043e\u0442\u044b\u041f\u043d-\u041f\u0442: 08:00 \u2014 18:00\u0421\u0431: \u0417\u0430\u043a\u0440\u044b\u0442\u043e\u0412\u0441: \u0417\u0430\u043a\u0440\u044b\u0442\u043e\u0422\u0440\u0430\u043d\u0441\u043f\u043e\u0440\u0442\u0410\u0432\u0442\u043e\u0431\u0443\u0441\u044b26; 26a; 32; 33; 35; 66; 7240; 59 \u041e\u0441\u0442\u0430\u043d\u043e\u0432\u043a\u0438\u00c4dala \u2014 1 \u043c\u0438\u043dLille \u2014 7 \u043c\u0438\u043dH\u00e4rjapea \u2014 7 \u043c\u0438\u043d\" \/>\n<meta property=\"og:url\" content=\"https:\/\/lhk.ee\/ru\/\u043f\u0435\u043b\u044c\u0433\u0443\u043b\u0438\u043d\u043d-\u043a\u043b\u0438\u043d\u0438\u043a\/\" \/>\n<meta property=\"og:site_name\" content=\"L\u00e4\u00e4nemere Hambakliinik\" \/>\n<meta property=\"article:modified_time\" content=\"2026-04-17T10:28:14+00:00\" \/>\n<meta name=\"twitter:card\" content=\"summary_large_image\" \/>\n<meta name=\"twitter:label1\" content=\"\u041f\u0440\u0438\u043c\u0435\u0440\u043d\u043e\u0435 \u0432\u0440\u0435\u043c\u044f \u0434\u043b\u044f \u0447\u0442\u0435\u043d\u0438\u044f\" \/>\n\t<meta name=\"twitter:data1\" content=\"1 \u043c\u0438\u043d\u0443\u0442\u0430\" \/>\n<script type=\"application\/ld+json\" class=\"yoast-schema-graph\">{\"@context\":\"https:\\\/\\\/schema.org\",\"@graph\":[{\"@type\":\"WebPage\",\"@id\":\"https:\\\/\\\/lhk.ee\\\/ru\\\/%d0%bf%d0%b5%d0%bb%d1%8c%d0%b3%d1%83%d0%bb%d0%b8%d0%bd%d0%bd-%d0%ba%d0%bb%d0%b8%d0%bd%d0%b8%d0%ba\\\/\",\"url\":\"https:\\\/\\\/lhk.ee\\\/ru\\\/%d0%bf%d0%b5%d0%bb%d1%8c%d0%b3%d1%83%d0%bb%d0%b8%d0%bd%d0%bd-%d0%ba%d0%bb%d0%b8%d0%bd%d0%b8%d0%ba\\\/\",\"name\":\"\u041f\u0435\u043b\u044c\u0433\u0443\u043b\u0438\u043d\u043d \u043a\u043b\u0438\u043d\u0438\u043a - L\u00e4\u00e4nemere Hambakliinik\",\"isPartOf\":{\"@id\":\"https:\\\/\\\/lhk.ee\\\/ru\\\/#website\"},\"datePublished\":\"2026-04-17T09:13:34+00:00\",\"dateModified\":\"2026-04-17T10:28:14+00:00\",\"breadcrumb\":{\"@id\":\"https:\\\/\\\/lhk.ee\\\/ru\\\/%d0%bf%d0%b5%d0%bb%d1%8c%d0%b3%d1%83%d0%bb%d0%b8%d0%bd%d0%bd-%d0%ba%d0%bb%d0%b8%d0%bd%d0%b8%d0%ba\\\/#breadcrumb\"},\"inLanguage\":\"ru-RU\",\"potentialAction\":[{\"@type\":\"ReadAction\",\"target\":[\"https:\\\/\\\/lhk.ee\\\/ru\\\/%d0%bf%d0%b5%d0%bb%d1%8c%d0%b3%d1%83%d0%bb%d0%b8%d0%bd%d0%bd-%d0%ba%d0%bb%d0%b8%d0%bd%d0%b8%d0%ba\\\/\"]}]},{\"@type\":\"BreadcrumbList\",\"@id\":\"https:\\\/\\\/lhk.ee\\\/ru\\\/%d0%bf%d0%b5%d0%bb%d1%8c%d0%b3%d1%83%d0%bb%d0%b8%d0%bd%d0%bd-%d0%ba%d0%bb%d0%b8%d0%bd%d0%b8%d0%ba\\\/#breadcrumb\",\"itemListElement\":[{\"@type\":\"ListItem\",\"position\":1,\"name\":\"Home\",\"item\":\"https:\\\/\\\/lhk.ee\\\/ru\\\/\"},{\"@type\":\"ListItem\",\"position\":2,\"name\":\"\u041f\u0435\u043b\u044c\u0433\u0443\u043b\u0438\u043d\u043d \u043a\u043b\u0438\u043d\u0438\u043a\"}]},{\"@type\":\"WebSite\",\"@id\":\"https:\\\/\\\/lhk.ee\\\/ru\\\/#website\",\"url\":\"https:\\\/\\\/lhk.ee\\\/ru\\\/\",\"name\":\"L\u00e4\u00e4nemere Hambakliinik\",\"description\":\"\",\"publisher\":{\"@id\":\"https:\\\/\\\/lhk.ee\\\/ru\\\/#organization\"},\"potentialAction\":[{\"@type\":\"SearchAction\",\"target\":{\"@type\":\"EntryPoint\",\"urlTemplate\":\"https:\\\/\\\/lhk.ee\\\/ru\\\/?s={search_term_string}\"},\"query-input\":{\"@type\":\"PropertyValueSpecification\",\"valueRequired\":true,\"valueName\":\"search_term_string\"}}],\"inLanguage\":\"ru-RU\"},{\"@type\":\"Organization\",\"@id\":\"https:\\\/\\\/lhk.ee\\\/ru\\\/#organization\",\"name\":\"L\u00e4\u00e4nemere Hambakliinik\",\"url\":\"https:\\\/\\\/lhk.ee\\\/ru\\\/\",\"logo\":{\"@type\":\"ImageObject\",\"inLanguage\":\"ru-RU\",\"@id\":\"https:\\\/\\\/lhk.ee\\\/ru\\\/#\\\/schema\\\/logo\\\/image\\\/\",\"url\":\"https:\\\/\\\/lhk.ee\\\/ru\\\/wp-content\\\/uploads\\\/sites\\\/44\\\/2024\\\/03\\\/Screenshot-2024-03-07-151436-1.png\",\"contentUrl\":\"https:\\\/\\\/lhk.ee\\\/ru\\\/wp-content\\\/uploads\\\/sites\\\/44\\\/2024\\\/03\\\/Screenshot-2024-03-07-151436-1.png\",\"width\":2964,\"height\":850,\"caption\":\"L\u00e4\u00e4nemere Hambakliinik\"},\"image\":{\"@id\":\"https:\\\/\\\/lhk.ee\\\/ru\\\/#\\\/schema\\\/logo\\\/image\\\/\"}}]}<\/script>\n<!-- \/ Yoast SEO plugin. -->","yoast_head_json":{"title":"\u041f\u0435\u043b\u044c\u0433\u0443\u043b\u0438\u043d\u043d \u043a\u043b\u0438\u043d\u0438\u043a - L\u00e4\u00e4nemere Hambakliinik","robots":{"index":"index","follow":"follow","max-snippet":"max-snippet:-1","max-image-preview":"max-image-preview:large","max-video-preview":"max-video-preview:-1"},"canonical":"https:\/\/lhk.ee\/ru\/\u043f\u0435\u043b\u044c\u0433\u0443\u043b\u0438\u043d\u043d-\u043a\u043b\u0438\u043d\u0438\u043a\/","og_locale":"ru_RU","og_type":"article","og_title":"\u041f\u0435\u043b\u044c\u0433\u0443\u043b\u0438\u043d\u043d \u043a\u043b\u0438\u043d\u0438\u043a - L\u00e4\u00e4nemere Hambakliinik","og_description":"Google Maps Street View \u043a\u043b\u0438\u043d\u0438\u043a\u0438 \u041f\u0435\u043b\u044c\u0433\u0443\u043b\u0438\u043d\u043d L\u00e4\u00e4nemere hambakliinik O\u00dc\u00c4dala 1, V \u044d\u0442\u0430\u043610614 Tallinn \u041f\u0430\u0440\u043a\u043e\u0432\u043a\u0430\u0411\u0435\u0441\u043f\u043b\u0430\u0442\u043d\u0430\u044f \u043f\u0430\u0440\u043a\u043e\u0432\u043a\u0430 \u043d\u0430\u0445\u043e\u0434\u0438\u0442\u0441\u044f \u0447\u0435\u0440\u0435\u0437 \u0434\u043e\u0440\u043e\u0433\u0443 \u043e\u0442 Pelgulinna Tervisemaja \u0438 \u0434\u0430\u043b\u0435\u0435 \u0432\u0434\u043e\u043b\u044c \u0434\u043e\u0440\u043e\u0433\u0438 \u00c4dala.\u0427\u0430\u0441\u044b \u0440\u0430\u0431\u043e\u0442\u044b\u041f\u043d-\u041f\u0442: 08:00 \u2014 18:00\u0421\u0431: \u0417\u0430\u043a\u0440\u044b\u0442\u043e\u0412\u0441: \u0417\u0430\u043a\u0440\u044b\u0442\u043e\u0422\u0440\u0430\u043d\u0441\u043f\u043e\u0440\u0442\u0410\u0432\u0442\u043e\u0431\u0443\u0441\u044b26; 26a; 32; 33; 35; 66; 7240; 59 \u041e\u0441\u0442\u0430\u043d\u043e\u0432\u043a\u0438\u00c4dala \u2014 1 \u043c\u0438\u043dLille \u2014 7 \u043c\u0438\u043dH\u00e4rjapea \u2014 7 \u043c\u0438\u043d","og_url":"https:\/\/lhk.ee\/ru\/\u043f\u0435\u043b\u044c\u0433\u0443\u043b\u0438\u043d\u043d-\u043a\u043b\u0438\u043d\u0438\u043a\/","og_site_name":"L\u00e4\u00e4nemere Hambakliinik","article_modified_time":"2026-04-17T10:28:14+00:00","twitter_card":"summary_large_image","twitter_misc":{"\u041f\u0440\u0438\u043c\u0435\u0440\u043d\u043e\u0435 \u0432\u0440\u0435\u043c\u044f \u0434\u043b\u044f \u0447\u0442\u0435\u043d\u0438\u044f":"1 \u043c\u0438\u043d\u0443\u0442\u0430"},"schema":{"@context":"https:\/\/schema.org","@graph":[{"@type":"WebPage","@id":"https:\/\/lhk.ee\/ru\/%d0%bf%d0%b5%d0%bb%d1%8c%d0%b3%d1%83%d0%bb%d0%b8%d0%bd%d0%bd-%d0%ba%d0%bb%d0%b8%d0%bd%d0%b8%d0%ba\/","url":"https:\/\/lhk.ee\/ru\/%d0%bf%d0%b5%d0%bb%d1%8c%d0%b3%d1%83%d0%bb%d0%b8%d0%bd%d0%bd-%d0%ba%d0%bb%d0%b8%d0%bd%d0%b8%d0%ba\/","name":"\u041f\u0435\u043b\u044c\u0433\u0443\u043b\u0438\u043d\u043d \u043a\u043b\u0438\u043d\u0438\u043a - L\u00e4\u00e4nemere Hambakliinik","isPartOf":{"@id":"https:\/\/lhk.ee\/ru\/#website"},"datePublished":"2026-04-17T09:13:34+00:00","dateModified":"2026-04-17T10:28:14+00:00","breadcrumb":{"@id":"https:\/\/lhk.ee\/ru\/%d0%bf%d0%b5%d0%bb%d1%8c%d0%b3%d1%83%d0%bb%d0%b8%d0%bd%d0%bd-%d0%ba%d0%bb%d0%b8%d0%bd%d0%b8%d0%ba\/#breadcrumb"},"inLanguage":"ru-RU","potentialAction":[{"@type":"ReadAction","target":["https:\/\/lhk.ee\/ru\/%d0%bf%d0%b5%d0%bb%d1%8c%d0%b3%d1%83%d0%bb%d0%b8%d0%bd%d0%bd-%d0%ba%d0%bb%d0%b8%d0%bd%d0%b8%d0%ba\/"]}]},{"@type":"BreadcrumbList","@id":"https:\/\/lhk.ee\/ru\/%d0%bf%d0%b5%d0%bb%d1%8c%d0%b3%d1%83%d0%bb%d0%b8%d0%bd%d0%bd-%d0%ba%d0%bb%d0%b8%d0%bd%d0%b8%d0%ba\/#breadcrumb","itemListElement":[{"@type":"ListItem","position":1,"name":"Home","item":"https:\/\/lhk.ee\/ru\/"},{"@type":"ListItem","position":2,"name":"\u041f\u0435\u043b\u044c\u0433\u0443\u043b\u0438\u043d\u043d \u043a\u043b\u0438\u043d\u0438\u043a"}]},{"@type":"WebSite","@id":"https:\/\/lhk.ee\/ru\/#website","url":"https:\/\/lhk.ee\/ru\/","name":"L\u00e4\u00e4nemere Hambakliinik","description":"","publisher":{"@id":"https:\/\/lhk.ee\/ru\/#organization"},"potentialAction":[{"@type":"SearchAction","target":{"@type":"EntryPoint","urlTemplate":"https:\/\/lhk.ee\/ru\/?s={search_term_string}"},"query-input":{"@type":"PropertyValueSpecification","valueRequired":true,"valueName":"search_term_string"}}],"inLanguage":"ru-RU"},{"@type":"Organization","@id":"https:\/\/lhk.ee\/ru\/#organization","name":"L\u00e4\u00e4nemere Hambakliinik","url":"https:\/\/lhk.ee\/ru\/","logo":{"@type":"ImageObject","inLanguage":"ru-RU","@id":"https:\/\/lhk.ee\/ru\/#\/schema\/logo\/image\/","url":"https:\/\/lhk.ee\/ru\/wp-content\/uploads\/sites\/44\/2024\/03\/Screenshot-2024-03-07-151436-1.png","contentUrl":"https:\/\/lhk.ee\/ru\/wp-content\/uploads\/sites\/44\/2024\/03\/Screenshot-2024-03-07-151436-1.png","width":2964,"height":850,"caption":"L\u00e4\u00e4nemere Hambakliinik"},"image":{"@id":"https:\/\/lhk.ee\/ru\/#\/schema\/logo\/image\/"}}]}},"_links":{"self":[{"href":"https:\/\/lhk.ee\/ru\/wp-json\/wp\/v2\/pages\/20318","targetHints":{"allow":["GET"]}}],"collection":[{"href":"https:\/\/lhk.ee\/ru\/wp-json\/wp\/v2\/pages"}],"about":[{"href":"https:\/\/lhk.ee\/ru\/wp-json\/wp\/v2\/types\/page"}],"author":[{"embeddable":true,"href":"https:\/\/lhk.ee\/ru\/wp-json\/wp\/v2\/users\/9"}],"replies":[{"embeddable":true,"href":"https:\/\/lhk.ee\/ru\/wp-json\/wp\/v2\/comments?post=20318"}],"version-history":[{"count":6,"href":"https:\/\/lhk.ee\/ru\/wp-json\/wp\/v2\/pages\/20318\/revisions"}],"predecessor-version":[{"id":20331,"href":"https:\/\/lhk.ee\/ru\/wp-json\/wp\/v2\/pages\/20318\/revisions\/20331"}],"wp:attachment":[{"href":"https:\/\/lhk.ee\/ru\/wp-json\/wp\/v2\/media?parent=20318"}],"curies":[{"name":"wp","href":"https:\/\/api.w.org\/{rel}","templated":true}]}}